{"id":9205,"date":"2026-02-13T15:00:25","date_gmt":"2026-02-13T13:00:25","guid":{"rendered":"https:\/\/www.defibsolutions.fr\/boutique\/shop\/saver-one-electrodes-adultes\/"},"modified":"2026-02-13T15:34:23","modified_gmt":"2026-02-13T13:34:23","slug":"saver-one-electrodes-adultes","status":"publish","type":"product","link":"https:\/\/www.defibsolutions.fr\/boutique\/shop\/saver-one-electrodes-adultes\/","title":{"rendered":"Saver One \u00c9lectrodes adultes"},"content":{"rendered":"<p>Les \u00e9lectrodes adultes originales A.M.I. Italia (SAV-C0846) sont con\u00e7ues pour une utilisation sur des patients adultes (\u00e2g\u00e9s de plus de 8 ans ou pesant plus de 25 kg) et sont compatibles avec tous les mod\u00e8les de DEA Saver One (Saver One, Saver One D et Saver One P).<\/p>\n<p>Les \u00e9lectrodes sont de type polaris\u00e9, ce qui signifie que le positionnement des \u00e9lectrodes ne doit pas \u00eatre invers\u00e9. Le placement correct est clairement indiqu\u00e9 sur les \u00e9lectrodes elles-m\u00eames et sur l&#8217;emballage. Le placement recommand\u00e9 pour les adultes est ant\u00e9ro-lat\u00e9ral.<\/p>\n<p>Les \u00e9lectrodes sont pr\u00e9-connect\u00e9es pour un d\u00e9ploiement rapide en cas d&#8217;urgence. La surface conductrice est de 81 cm\u00b2 par \u00e9lectrode et la longueur du c\u00e2ble est de 120 cm. Les \u00e9lectrodes sont jetables, pr\u00e9-g\u00e9lifi\u00e9es et auto-adh\u00e9sives.<\/p>\n<p>La dur\u00e9e de conservation est d&#8217;environ 30 mois \u00e0 compter de la date de fabrication. Apr\u00e8s la date de p\u00e9remption, les \u00e9lectrodes doivent \u00eatre remplac\u00e9es. Remplacez \u00e9galement toujours les \u00e9lectrodes apr\u00e8s utilisation lors d&#8217;une r\u00e9animation.<\/p>\n<p>Conservez toujours un jeu d&#8217;\u00e9lectrodes de rechange avec votre DEA pour garantir que l&#8217;appareil est toujours pr\u00eat \u00e0 l&#8217;emploi.<\/p>\n","protected":false},"excerpt":{"rendered":"<p>\u00c9lectrodes adultes originales A.M.I. Italia (SAV-C0846) pour tous les mod\u00e8les de DEA Saver One. Pour patients &gt;8 ans ou &gt;25 kg. Surface conductrice : 81 cm\u00b2. Pr\u00e9-connect\u00e9es. Dur\u00e9e de conservation : env. 30 mois.<\/p>\n","protected":false},"featured_media":9204,"template":"","meta":[],"product_brand":[],"product_cat":[400,15,263],"product_tag":[],"class_list":{"0":"post-9205","1":"product","2":"type-product","3":"status-publish","4":"has-post-thumbnail","6":"product_cat-saver-one","7":"product_cat-uncategorized","8":"product_cat-accessoires-dae","10":"first","11":"instock","12":"taxable","13":"shipping-taxable","14":"purchasable","15":"product-type-simple"},"bundled_by":[],"bundle_stock_status":"instock","bundle_stock_quantity":null,"bundle_virtual":false,"bundle_layout":"","bundle_add_to_cart_form_location":"","bundle_editable_in_cart":false,"bundle_sold_individually_context":"","bundle_item_grouping":"","bundle_min_size":"","bundle_max_size":"","bundle_price":[],"bundled_items":[],"bundle_sell_ids":[],"_links":{"self":[{"href":"https:\/\/www.defibsolutions.fr\/boutique\/wp-json\/wp\/v2\/product\/9205","targetHints":{"allow":["GET"]}}],"collection":[{"href":"https:\/\/www.defibsolutions.fr\/boutique\/wp-json\/wp\/v2\/product"}],"about":[{"href":"https:\/\/www.defibsolutions.fr\/boutique\/wp-json\/wp\/v2\/types\/product"}],"wp:featuredmedia":[{"embeddable":true,"href":"https:\/\/www.defibsolutions.fr\/boutique\/wp-json\/wp\/v2\/media\/9204"}],"wp:attachment":[{"href":"https:\/\/www.defibsolutions.fr\/boutique\/wp-json\/wp\/v2\/media?parent=9205"}],"wp:term":[{"taxonomy":"product_brand","embeddable":true,"href":"https:\/\/www.defibsolutions.fr\/boutique\/wp-json\/wp\/v2\/product_brand?post=9205"},{"taxonomy":"product_cat","embeddable":true,"href":"https:\/\/www.defibsolutions.fr\/boutique\/wp-json\/wp\/v2\/product_cat?post=9205"},{"taxonomy":"product_tag","embeddable":true,"href":"https:\/\/www.defibsolutions.fr\/boutique\/wp-json\/wp\/v2\/product_tag?post=9205"}],"curies":[{"name":"wp","href":"https:\/\/api.w.org\/{rel}","templated":true}]}}