{"id":9203,"date":"2026-02-13T15:00:22","date_gmt":"2026-02-13T13:00:22","guid":{"rendered":"https:\/\/www.defibsolutions.fr\/boutique\/shop\/nihon-kohden-batterie-pour-la-serie-aed-2100\/"},"modified":"2026-02-13T15:00:22","modified_gmt":"2026-02-13T13:00:22","slug":"nihon-kohden-batterie-pour-la-serie-aed-2100","status":"publish","type":"product","link":"https:\/\/www.defibsolutions.fr\/boutique\/shop\/nihon-kohden-batterie-pour-la-serie-aed-2100\/","title":{"rendered":"Nihon Kohden batterie pour la s\u00e9rie AED-2100"},"content":{"rendered":"<p>Batterie de remplacement non rechargeable pour d\u00e9fibrillateur Nihon Kohden Cardiolife AED 2100 (portant un num\u00e9ro de s\u00e9rie \u00e0 partir de 05128, AED2150, AED2151, AED2152).<\/p>\n<ul>\n<li>type SB-214VK<\/li>\n<li>dur\u00e9e de vie : environ 4 ans<\/li>\n<\/ul>\n<p>Attention : cette batterie n&#8217;est pas adapt\u00e9e aux AED 2100 portant un num\u00e9ro de s\u00e9rie entre 00001 et 05127 inclus.<\/p>\n","protected":false},"excerpt":{"rendered":"<p>Batterie NIHON KOHDEN pour la s\u00e9rie AED-2100<\/p>\n","protected":false},"featured_media":9202,"template":"","meta":[],"product_brand":[],"product_cat":[401],"product_tag":[],"class_list":{"0":"post-9203","1":"product","2":"type-product","3":"status-publish","4":"has-post-thumbnail","6":"product_cat-cardiolife-2100","8":"first","9":"instock","10":"taxable","11":"shipping-taxable","12":"product-type-simple"},"bundled_by":[],"bundle_stock_status":"instock","bundle_stock_quantity":null,"bundle_virtual":false,"bundle_layout":"","bundle_add_to_cart_form_location":"","bundle_editable_in_cart":false,"bundle_sold_individually_context":"","bundle_item_grouping":"","bundle_min_size":"","bundle_max_size":"","bundle_price":[],"bundled_items":[],"bundle_sell_ids":[],"_links":{"self":[{"href":"https:\/\/www.defibsolutions.fr\/boutique\/wp-json\/wp\/v2\/product\/9203","targetHints":{"allow":["GET"]}}],"collection":[{"href":"https:\/\/www.defibsolutions.fr\/boutique\/wp-json\/wp\/v2\/product"}],"about":[{"href":"https:\/\/www.defibsolutions.fr\/boutique\/wp-json\/wp\/v2\/types\/product"}],"wp:featuredmedia":[{"embeddable":true,"href":"https:\/\/www.defibsolutions.fr\/boutique\/wp-json\/wp\/v2\/media\/9202"}],"wp:attachment":[{"href":"https:\/\/www.defibsolutions.fr\/boutique\/wp-json\/wp\/v2\/media?parent=9203"}],"wp:term":[{"taxonomy":"product_brand","embeddable":true,"href":"https:\/\/www.defibsolutions.fr\/boutique\/wp-json\/wp\/v2\/product_brand?post=9203"},{"taxonomy":"product_cat","embeddable":true,"href":"https:\/\/www.defibsolutions.fr\/boutique\/wp-json\/wp\/v2\/product_cat?post=9203"},{"taxonomy":"product_tag","embeddable":true,"href":"https:\/\/www.defibsolutions.fr\/boutique\/wp-json\/wp\/v2\/product_tag?post=9203"}],"curies":[{"name":"wp","href":"https:\/\/api.w.org\/{rel}","templated":true}]}}