{"id":8467,"date":"2025-05-12T11:23:24","date_gmt":"2025-05-12T09:23:24","guid":{"rendered":"https:\/\/www.defibsolutions.fr\/boutique\/?post_type=product&#038;p=8467"},"modified":"2026-01-02T13:39:06","modified_gmt":"2026-01-02T11:39:06","slug":"mindray-beneheart-c1a-automatique","status":"publish","type":"product","link":"https:\/\/www.defibsolutions.fr\/boutique\/shop\/mindray-beneheart-c1a-automatique\/","title":{"rendered":"Mindray C1a Automatique"},"content":{"rendered":"<div class=\"product-description\">\n<h2>Mindray BeneHeart C1A DAE<\/h2>\n<p>Le d\u00e9fibrillateur <strong>Mindray BeneHeart C1A<\/strong> est con\u00e7u pour tous \u2013 des secouristes form\u00e9s aux t\u00e9moins non initi\u00e9s \u2013 et offre une assistance imm\u00e9diate en cas d\u2019arr\u00eat cardiaque soudain. Gr\u00e2ce \u00e0 des fonctionnalit\u00e9s intelligentes telles que <strong>ResQNavi\u2122<\/strong> et <strong>QShock\u2122<\/strong>, ce DAE permet d\u2019agir rapidement, efficacement et en toute confiance lors d\u2019une r\u00e9animation.<\/p>\n<h3>Avantages<\/h3>\n<ul>\n<li><strong>Technologie ResQNavi\u2122<\/strong> : adapte automatiquement les instructions en fonction de l\u2019exp\u00e9rience de l\u2019utilisateur avec des messages vocaux et visuels clairs.<\/li>\n<li><strong>Technologie QShock\u2122<\/strong> : d\u00e9livre le premier choc en moins de 8 secondes \u2013 un atout vital en cas d\u2019arr\u00eat circulatoire.<\/li>\n<li><strong>Mode enfant par simple pression<\/strong> : pas besoin d\u2019\u00e9lectrodes p\u00e9diatriques distinctes \u2013 le DAE ajuste automatiquement l\u2019\u00e9nergie.<\/li>\n<li><strong>Multilingue<\/strong> : possibilit\u00e9 de changer de langue (fran\u00e7ais, n\u00e9erlandais, anglais, etc.) pendant l\u2019utilisation.<\/li>\n<li><strong>Conception robuste<\/strong> : indice de protection IP55 contre la poussi\u00e8re et les jets d\u2019eau, id\u00e9al pour les environnements exigeants.<\/li>\n<\/ul>\n<h3><img loading=\"lazy\" decoding=\"async\" class=\"alignnone size-full wp-image-8465\" src=\"https:\/\/www.defibsolutions.fr\/boutique\/wp-content\/uploads\/2025\/05\/Mindray-LCD.png\" alt=\"\" width=\"510\" height=\"353\" srcset=\"https:\/\/www.defibsolutions.fr\/boutique\/wp-content\/uploads\/2025\/05\/Mindray-LCD.png 510w, https:\/\/www.defibsolutions.fr\/boutique\/wp-content\/uploads\/2025\/05\/Mindray-LCD-150x104.png 150w, https:\/\/www.defibsolutions.fr\/boutique\/wp-content\/uploads\/2025\/05\/Mindray-LCD-300x208.png 300w\" sizes=\"auto, (max-width: 510px) 100vw, 510px\" \/><\/h3>\n<h3>Sp\u00e9cifications<\/h3>\n<ul>\n<li><strong>Garantie<\/strong> : 8 ans<\/li>\n<li><strong>Indice IP<\/strong> : IP55 \u2013 \u00c9tanche \u00e0 la poussi\u00e8re et prot\u00e9g\u00e9 contre les jets d\u2019eau (utilisation en ext\u00e9rieur possible)<\/li>\n<li><strong>Langues disponibles<\/strong> : Oui<\/li>\n<li><strong>\u00c9cran<\/strong> : Oui, \u00e9cran LCD<\/li>\n<li><strong>Mode enfant<\/strong> : Oui, bouton d\u00e9di\u00e9 (pas besoin d\u2019\u00e9lectrodes enfants)<\/li>\n<li><strong>Poids<\/strong> : 2,3 kg (batterie incluse)<\/li>\n<li><strong>Dimensions<\/strong> : 28,6 x 21,0 x 7,8 cm (L x l x H)<\/li>\n<li><strong>\u00c9nergie des chocs<\/strong> :\n<ul>\n<li>Adultes : 200J &gt; 300J &gt; 360J<\/li>\n<li>Enfants : 50J &gt; 70J &gt; 100J<\/li>\n<\/ul>\n<\/li>\n<li><strong>Seuil d\u2019asystolie<\/strong> : 80 microvolts<\/li>\n<li><strong>Dur\u00e9e de vie des \u00e9lectrodes<\/strong> : 4 ans<\/li>\n<li><strong>Dur\u00e9e de vie de la batterie<\/strong> : 4 ans<\/li>\n<\/ul>\n<p>Le Mindray C1A combine simplicit\u00e9 d\u2019utilisation et technologies avanc\u00e9es. Toujours pr\u00eat \u00e0 l\u2019emploi, il vous guide \u00e9tape par \u00e9tape dans votre propre langue. Parfait pour les \u00e9coles, entreprises, clubs sportifs et lieux publics !<\/p>\n<\/div>\n","protected":false},"excerpt":{"rendered":"<p><span class=\"_fadeIn_m1hgl_8\">Le <\/span><span class=\"_fadeIn_m1hgl_8\">Mindray <\/span><span class=\"_fadeIn_m1hgl_8\">BeneHeart <\/span><span class=\"_fadeIn_m1hgl_8\">C1A <\/span><span class=\"_fadeIn_m1hgl_8\">est <\/span><span class=\"_fadeIn_m1hgl_8\">un <\/span><span class=\"_fadeIn_m1hgl_8\">d\u00e9fibrillateur <\/span><span class=\"_fadeIn_m1hgl_8\">intuitif <\/span><span class=\"_fadeIn_m1hgl_8\">et <\/span><span class=\"_fadeIn_m1hgl_8\">intelligent <\/span><span class=\"_fadeIn_m1hgl_8\">avec <\/span><span class=\"_fadeIn_m1hgl_8\">mode <\/span><span class=\"_fadeIn_m1hgl_8\">enfant, <\/span><span class=\"_fadeIn_m1hgl_8\">assistance <\/span><span class=\"_fadeIn_m1hgl_8\">multilingue <\/span><span class=\"_fadeIn_m1hgl_8\">et <\/span><span class=\"_fadeIn_m1hgl_8\">d\u00e9livrance <\/span><span class=\"_fadeIn_m1hgl_8\">rapide <\/span><span class=\"_fadeIn_m1hgl_8\">de <\/span><span class=\"_fadeIn_m1hgl_8\">choc <\/span><span class=\"_fadeIn_m1hgl_8\">en <\/span><span class=\"_fadeIn_m1hgl_8\">moins <\/span><span class=\"_fadeIn_m1hgl_8\">de <\/span><span class=\"_fadeIn_m1hgl_8\">8 <\/span><span class=\"_fadeIn_m1hgl_8\">secondes. <\/span><span class=\"_fadeIn_m1hgl_8\">Parfait <\/span><span class=\"_fadeIn_m1hgl_8\">pour <\/span><span class=\"_fadeIn_m1hgl_8\">les <\/span><span class=\"_fadeIn_m1hgl_8\">lieux <\/span><span class=\"_fadeIn_m1hgl_8\">publics, <\/span><span class=\"_fadeIn_m1hgl_8\">entreprises <\/span><span class=\"_fadeIn_m1hgl_8\">et <\/span><span class=\"_fadeIn_m1hgl_8\">\u00e9tablissements <\/span><span class=\"_fadeIn_m1hgl_8\">scolaires.<br \/>\n\ud83c\uddeb\ud83c\uddf7 Fran\u00e7ais \u2013 \ud83c\udde9\ud83c\uddea Allemand \u2013 \ud83c\uddec\ud83c\udde7 Anglais<br \/>\n<\/span><\/p>\n","protected":false},"featured_media":8466,"template":"","meta":[],"product_brand":[],"product_cat":[64,281,394],"product_tag":[],"class_list":{"0":"post-8467","1":"product","2":"type-product","3":"status-publish","4":"has-post-thumbnail","6":"product_cat-dae-defibrillateurs","7":"product_cat-mindray-beneheart-aeds","8":"product_cat-promo-aed","9":"pa_fabricant-mindray","11":"first","12":"instock","13":"taxable","14":"shipping-taxable","15":"purchasable","16":"product-type-simple"},"bundled_by":[],"bundle_stock_status":"instock","bundle_stock_quantity":null,"bundle_virtual":false,"bundle_layout":"","bundle_add_to_cart_form_location":"","bundle_editable_in_cart":false,"bundle_sold_individually_context":"","bundle_item_grouping":"","bundle_min_size":"","bundle_max_size":"","bundle_price":[],"bundled_items":[],"bundle_sell_ids":[],"_links":{"self":[{"href":"https:\/\/www.defibsolutions.fr\/boutique\/wp-json\/wp\/v2\/product\/8467","targetHints":{"allow":["GET"]}}],"collection":[{"href":"https:\/\/www.defibsolutions.fr\/boutique\/wp-json\/wp\/v2\/product"}],"about":[{"href":"https:\/\/www.defibsolutions.fr\/boutique\/wp-json\/wp\/v2\/types\/product"}],"wp:featuredmedia":[{"embeddable":true,"href":"https:\/\/www.defibsolutions.fr\/boutique\/wp-json\/wp\/v2\/media\/8466"}],"wp:attachment":[{"href":"https:\/\/www.defibsolutions.fr\/boutique\/wp-json\/wp\/v2\/media?parent=8467"}],"wp:term":[{"taxonomy":"product_brand","embeddable":true,"href":"https:\/\/www.defibsolutions.fr\/boutique\/wp-json\/wp\/v2\/product_brand?post=8467"},{"taxonomy":"product_cat","embeddable":true,"href":"https:\/\/www.defibsolutions.fr\/boutique\/wp-json\/wp\/v2\/product_cat?post=8467"},{"taxonomy":"product_tag","embeddable":true,"href":"https:\/\/www.defibsolutions.fr\/boutique\/wp-json\/wp\/v2\/product_tag?post=8467"}],"curies":[{"name":"wp","href":"https:\/\/api.w.org\/{rel}","templated":true}]}}