{"id":7808,"date":"2024-04-02T11:46:54","date_gmt":"2024-04-02T09:46:54","guid":{"rendered":"https:\/\/www.defibsolutions.fr\/boutique\/?post_type=product&#038;p=7808"},"modified":"2026-01-02T13:41:31","modified_gmt":"2026-01-02T11:41:31","slug":"reanibex-100-semi-automatique","status":"publish","type":"product","link":"https:\/\/www.defibsolutions.fr\/boutique\/shop\/reanibex-100-semi-automatique\/","title":{"rendered":"Reanibex 100 Semi-Automatique"},"content":{"rendered":"<p><span lang=\"FR\">Le REANIBEX 100 est un d\u00e9fibrillateur cardiaque automatis\u00e9 externe (DAE) de fabrication europ\u00e9enne. Dot\u00e9 d\u2019une poign\u00e9e, robuste et l\u00e9ger (1,95 kg) il est id\u00e9al, gr\u00e2ce \u00e0 sa simplicit\u00e9, pour administrer rapidement les premiers secours aux patients victimes d&#8217;un arr\u00eat cardiaque soudain.<\/span><\/p>\n<p><span lang=\"FR\">Dot\u00e9 des derni\u00e8res technologies en mati\u00e8re de d\u00e9fibrillation (onde biphasique), il vous donne des instructions vocales claires qui guident l&#8217;utilisateur tout au long de la proc\u00e9dure de r\u00e9animation, ce qui fait que son utilisation n\u00e9cessite une formation minimale.<\/span><\/p>\n<p>&nbsp;<\/p>\n<p><span lang=\"FR\">Caract\u00e9ristiques :<\/span><\/p>\n<p><span lang=\"FR\">-Fabrication Europ\u00e9enne (Bexen Cardio &#8211; Espagne)<\/span><\/p>\n<p><span lang=\"FR\">-Garantie constructeur de 7 ans<\/span><\/p>\n<p><span lang=\"FR\">-DAE Configur\u00e9 selon les directives ERC\/AHA<\/span><\/p>\n<p><span lang=\"FR\">-Au choix\u00a0: version Semi-automatique (DSA) ou Enti\u00e8rement automatique (DEA)<\/span><\/p>\n<p><span lang=\"FR\">-Voyant d\u2019\u00e9tat clignote pour indiquer que le DAE est pr\u00eat \u00e0 l\u2019emploi. Si un probl\u00e8me est d\u00e9tect\u00e9, le voyant d\u2019\u00e9tat est \u00e9teint<\/span><\/p>\n<p><span lang=\"FR\">-Autotest quotidien automatique pour garantir le bon fonctionnement permanent de l\u2019appareil et de ses consommables<\/span><\/p>\n<p><span lang=\"FR\">-\u00c9lectrodes universelles pr\u00e9-connect\u00e9es (dur\u00e9e de vie = 2 ans) \u00e0 utiliser aussi bien sur un adulte que sur un enfant<\/span><\/p>\n<p><span lang=\"FR\">-Batterie au lithium LiMnO2 4.2 A\/h, 12 V (dur\u00e9e de vie = 5 ans)\u00a0: plus de 350 d\u00e9charges \u00e0 200 J (ou 36 heures de surveillance ECG)<\/span><\/p>\n<p><span lang=\"FR\">-Mise en marche imm\u00e9diate \u00e0 l\u2019ouverture du capot<\/span><\/p>\n<p><span lang=\"FR\">-Des messages sonores guident l&#8217;utilisateur tout au long de la RCP. Le volume est adapt\u00e9 au bruit ambiant<\/span><\/p>\n<p><span lang=\"FR\">-M\u00e9tronome (cadence \u00e0 suivre pour assurer une bonne fr\u00e9quence de massage, pour des compressions thoraciques efficaces)<\/span><\/p>\n<p><span lang=\"FR\">-Onde biphasique (\u00e9nergie d\u00e9livr\u00e9e jusqu&#8217;\u00e0 200 J). Protocole adulte 150-200 joules. Protocole p\u00e9diatrique : 50-90 joules<\/span><\/p>\n<p><span lang=\"FR\">-Stockage des donn\u00e9es\u00a0: m\u00e9moire interne. Entreposage de l&#8217;ECG : 10 \u00e9pisodes et jusqu\u2019\u00e0 15h d\u2019\u00e9v\u00e8nements. T\u00e9l\u00e9chargement des donn\u00e9es via un c\u00e2ble USB. \u00a0<\/span><\/p>\n<p><span lang=\"FR\">-Indice de protection IP55<\/span><\/p>\n<p><span lang=\"FR\">-Dimensions\u00a0(avec poign\u00e9e) : 21,7 x 28,5 x 9,6 cm<\/span><\/p>\n<p><span lang=\"FR\">-Poids du DAE avec ses consommables &lt; \u00e0 2 kgs \u00a0<\/span><\/p>\n<p><span lang=\"FR\">-Sac de transport en option<\/span><\/p>\n<p>&nbsp;<\/p>\n<p><span lang=\"FR\">Applications<\/span><\/p>\n<p><span lang=\"FR\">REANIBEX USB SYNC<\/span><\/p>\n<p><span lang=\"FR\">Application PC permettant de synchroniser le DAE avec Reanibex Data Net via USB pour configurer l\u2019appareil et t\u00e9l\u00e9charger les informations stock\u00e9es dans le DAE.<\/span><\/p>\n","protected":false},"excerpt":{"rendered":"<p>Le REANIBEX 100 est un d\u00e9fibrillateur cardiaque automatis\u00e9 externe (DAE) de fabrication europ\u00e9enne. Dot\u00e9 d\u2019une poign\u00e9e, robuste et l\u00e9ger (1,95<\/p>\n","protected":false},"featured_media":7884,"template":"","meta":[],"product_brand":[],"product_cat":[64,394,390],"product_tag":[],"class_list":{"0":"post-7808","1":"product","2":"type-product","3":"status-publish","4":"has-post-thumbnail","6":"product_cat-dae-defibrillateurs","7":"product_cat-promo-aed","8":"product_cat-reanibex-100-dae","9":"pa_fabricant-bexen-cardio","11":"first","12":"instock","13":"taxable","14":"shipping-taxable","15":"purchasable","16":"product-type-simple"},"bundled_by":[],"bundle_stock_status":"instock","bundle_stock_quantity":null,"bundle_virtual":false,"bundle_layout":"","bundle_add_to_cart_form_location":"","bundle_editable_in_cart":false,"bundle_sold_individually_context":"","bundle_item_grouping":"","bundle_min_size":"","bundle_max_size":"","bundle_price":[],"bundled_items":[],"bundle_sell_ids":[],"_links":{"self":[{"href":"https:\/\/www.defibsolutions.fr\/boutique\/wp-json\/wp\/v2\/product\/7808","targetHints":{"allow":["GET"]}}],"collection":[{"href":"https:\/\/www.defibsolutions.fr\/boutique\/wp-json\/wp\/v2\/product"}],"about":[{"href":"https:\/\/www.defibsolutions.fr\/boutique\/wp-json\/wp\/v2\/types\/product"}],"wp:featuredmedia":[{"embeddable":true,"href":"https:\/\/www.defibsolutions.fr\/boutique\/wp-json\/wp\/v2\/media\/7884"}],"wp:attachment":[{"href":"https:\/\/www.defibsolutions.fr\/boutique\/wp-json\/wp\/v2\/media?parent=7808"}],"wp:term":[{"taxonomy":"product_brand","embeddable":true,"href":"https:\/\/www.defibsolutions.fr\/boutique\/wp-json\/wp\/v2\/product_brand?post=7808"},{"taxonomy":"product_cat","embeddable":true,"href":"https:\/\/www.defibsolutions.fr\/boutique\/wp-json\/wp\/v2\/product_cat?post=7808"},{"taxonomy":"product_tag","embeddable":true,"href":"https:\/\/www.defibsolutions.fr\/boutique\/wp-json\/wp\/v2\/product_tag?post=7808"}],"curies":[{"name":"wp","href":"https:\/\/api.w.org\/{rel}","templated":true}]}}