{"id":7677,"date":"2024-02-08T10:04:27","date_gmt":"2024-02-08T08:04:27","guid":{"rendered":"https:\/\/www.defibsolutions.fr\/boutique\/?post_type=product&#038;p=7677"},"modified":"2025-04-09T15:56:43","modified_gmt":"2025-04-09T13:56:43","slug":"xft-120g-electrodes-de-formation-pediatriques","status":"publish","type":"product","link":"https:\/\/www.defibsolutions.fr\/boutique\/shop\/xft-120g-electrodes-de-formation-pediatriques\/","title":{"rendered":"XFT-120G \u00e9lectrodes de formation p\u00e9diatriques"},"content":{"rendered":"<p>Jeu d&#8217;\u00e9lectrodes de formation pour enfants pour le nouveau trainer XFT-120G. Ensemble complet avec c\u00e2blage et prise. Ces \u00e9lectrodes de formation pour enfants ont un contact magn\u00e9tique int\u00e9gr\u00e9. Si le mannequin de formation est \u00e9quip\u00e9 en sous-cutan\u00e9 d&#8217;aimants puissants, les \u00e9lectrodes enverront automatiquement un signal \u00e0 l&#8217;entra\u00eeneur si elles sont plac\u00e9es correctement.<\/p>\n<p>Ces \u00e9lectrodes de formation pour enfants ont une tr\u00e8s bonne couche adh\u00e9sive et, lorsqu&#8217;elles sont utilis\u00e9es correctement, elles durent longtemps. Ces \u00e9lectrodes XFT s&#8217;adaptent sur toutes les marques de mannequins de formation telles que Laerdal, Ambu, Prestan ou Brayden.<\/p>\n","protected":false},"excerpt":{"rendered":"<p>Jeu d&#8217;\u00e9lectrodes de formation pour enfants pour le nouveau trainer XFT-120G. Ensemble complet avec c\u00e2blage et prise. Ces \u00e9lectrodes de<\/p>\n","protected":false},"featured_media":7678,"template":"","meta":[],"product_brand":[],"product_cat":[386,383,353],"product_tag":[],"class_list":{"0":"post-7677","1":"product","2":"type-product","3":"status-publish","4":"has-post-thumbnail","6":"product_cat-formations-urgences-accessoires-dae","7":"product_cat-xft-consommables-trainers","8":"product_cat-xft","10":"first","11":"instock","12":"taxable","13":"shipping-taxable","14":"product-type-simple"},"bundled_by":[],"bundle_stock_status":"instock","bundle_stock_quantity":null,"bundle_virtual":false,"bundle_layout":"","bundle_add_to_cart_form_location":"","bundle_editable_in_cart":false,"bundle_sold_individually_context":"","bundle_item_grouping":"","bundle_min_size":"","bundle_max_size":"","bundle_price":[],"bundled_items":[],"bundle_sell_ids":[],"_links":{"self":[{"href":"https:\/\/www.defibsolutions.fr\/boutique\/wp-json\/wp\/v2\/product\/7677","targetHints":{"allow":["GET"]}}],"collection":[{"href":"https:\/\/www.defibsolutions.fr\/boutique\/wp-json\/wp\/v2\/product"}],"about":[{"href":"https:\/\/www.defibsolutions.fr\/boutique\/wp-json\/wp\/v2\/types\/product"}],"wp:featuredmedia":[{"embeddable":true,"href":"https:\/\/www.defibsolutions.fr\/boutique\/wp-json\/wp\/v2\/media\/7678"}],"wp:attachment":[{"href":"https:\/\/www.defibsolutions.fr\/boutique\/wp-json\/wp\/v2\/media?parent=7677"}],"wp:term":[{"taxonomy":"product_brand","embeddable":true,"href":"https:\/\/www.defibsolutions.fr\/boutique\/wp-json\/wp\/v2\/product_brand?post=7677"},{"taxonomy":"product_cat","embeddable":true,"href":"https:\/\/www.defibsolutions.fr\/boutique\/wp-json\/wp\/v2\/product_cat?post=7677"},{"taxonomy":"product_tag","embeddable":true,"href":"https:\/\/www.defibsolutions.fr\/boutique\/wp-json\/wp\/v2\/product_tag?post=7677"}],"curies":[{"name":"wp","href":"https:\/\/api.w.org\/{rel}","templated":true}]}}