{"id":7490,"date":"2023-11-06T10:49:18","date_gmt":"2023-11-06T08:49:18","guid":{"rendered":"https:\/\/www.defibsolutions.fr\/boutique\/?post_type=product&#038;p=7490"},"modified":"2023-11-06T11:13:24","modified_gmt":"2023-11-06T09:13:24","slug":"lifevac-kit-de-fixation-murale","status":"publish","type":"product","link":"https:\/\/www.defibsolutions.fr\/boutique\/shop\/lifevac-kit-de-fixation-murale\/","title":{"rendered":"Lifevac Kit de fixation murale"},"content":{"rendered":"<p>Dispositif d\u2019urgence anti-\u00e9touffement pour d\u00e9sobstruer les voies respiratoires marqu\u00e9 CE et enregistr\u00e9 en tant que dispositif m\u00e9dical de classe I aupr\u00e8s de :<\/p>\n<p>-la FDA (Food and Drug Administration)<\/p>\n<p>-la MHRA (Medicines &amp; Healthcare products Regulatory Agency)<\/p>\n<p>&nbsp;<\/p>\n<p>Lifevac est un masque m\u00e9dical brevet\u00e9 qui permet d\u2019extraire les aliments ou les objets bloqu\u00e9s dans la trach\u00e9e. Cette \u00e9norme ventouse est capable d\u2019aspirer les corps \u00e9trangers coinc\u00e9s dans les voies respiratoires en moins de 2 secondes. L\u2019appareil est d\u00e9j\u00e0 utilis\u00e9 dans le domaine m\u00e9dical, mais pas uniquement : ne n\u00e9cessitant aucune comp\u00e9tence sp\u00e9cifique, tout le monde peut s\u2019en servir !<\/p>\n<p>Avec une aspiration 3 fois sup\u00e9rieure \u00e0 la normale, Lifevac emp\u00eache l\u2019air de sortir du masque tout en retenant l\u2019objet extrait dans la partie haute de la ventouse.<\/p>\n<p>&nbsp;<\/p>\n<p>Article vivement conseill\u00e9 pour :<\/p>\n<p>les \u00e9coles, cr\u00e8ches et garderies<\/p>\n<p>les restaurants et cantines<\/p>\n<p>les maisons de retraites (EHPAD)<\/p>\n<p>les centres de sant\u00e9 et de r\u00e9\u00e9ducation<\/p>\n<p>les points de rassemblements (concert, festival)<\/p>\n<p>les loisirs (parcs d\u2019attractions, piscines, plages, th\u00e9\u00e2tre, cin\u00e9ma)<\/p>\n<p>les \u00e9quipes de secours (ambulanciers, sapeurs-pompiers, SAMU)<\/p>\n<p>&nbsp;<\/p>\n<p>Contenu du colis :<\/p>\n<p>1 dispositif LifeVac (ventouse d\u2019urgence)<\/p>\n<p>1 coffret mural<\/p>\n<p>1 masque taille grande pour adulte<\/p>\n<p>1 masque taille moyenne pour adulte<\/p>\n<p>1 masque taille petite pour adulte<\/p>\n<p>1 masque p\u00e9diatrique<\/p>\n<p>1 masque d\u2019entrainement (taille moyenne pour adulte)<\/p>\n<p>1 notice d\u2019information et d\u2019utilisation<\/p>\n<p>1 affiche plastifi\u00e9e A3 avec les instructions d\u2019utilisation<\/p>\n<p>1 autocollant qui vous permet de faire savoir \u00e0 vos clients et aux personnes dont vous vous occupez qu&#8217;un LifeVac est disponible dans l\u2019\u00e9tablissement<\/p>\n<p>&nbsp;<\/p>\n<p>&nbsp;<\/p>\n<p>&nbsp;<\/p>\n<p>&nbsp;<\/p>\n","protected":false},"excerpt":{"rendered":"<p>Dispositif d\u2019urgence anti-\u00e9touffement pour d\u00e9sobstruer les voies respiratoires marqu\u00e9 CE et enregistr\u00e9 en tant que dispositif m\u00e9dical de classe I<\/p>\n","protected":false},"featured_media":7491,"template":"","meta":[],"product_brand":[],"product_cat":[378,249],"product_tag":[],"class_list":{"0":"post-7490","1":"product","2":"type-product","3":"status-publish","4":"has-post-thumbnail","6":"product_cat-formations-urgences","7":"product_cat-materiel-durgence","9":"first","10":"instock","11":"taxable","12":"shipping-taxable","13":"purchasable","14":"product-type-simple"},"bundled_by":[],"bundle_stock_status":"instock","bundle_stock_quantity":null,"bundle_virtual":false,"bundle_layout":"","bundle_add_to_cart_form_location":"","bundle_editable_in_cart":false,"bundle_sold_individually_context":"","bundle_item_grouping":"","bundle_min_size":"","bundle_max_size":"","bundle_price":[],"bundled_items":[],"bundle_sell_ids":[],"_links":{"self":[{"href":"https:\/\/www.defibsolutions.fr\/boutique\/wp-json\/wp\/v2\/product\/7490","targetHints":{"allow":["GET"]}}],"collection":[{"href":"https:\/\/www.defibsolutions.fr\/boutique\/wp-json\/wp\/v2\/product"}],"about":[{"href":"https:\/\/www.defibsolutions.fr\/boutique\/wp-json\/wp\/v2\/types\/product"}],"wp:featuredmedia":[{"embeddable":true,"href":"https:\/\/www.defibsolutions.fr\/boutique\/wp-json\/wp\/v2\/media\/7491"}],"wp:attachment":[{"href":"https:\/\/www.defibsolutions.fr\/boutique\/wp-json\/wp\/v2\/media?parent=7490"}],"wp:term":[{"taxonomy":"product_brand","embeddable":true,"href":"https:\/\/www.defibsolutions.fr\/boutique\/wp-json\/wp\/v2\/product_brand?post=7490"},{"taxonomy":"product_cat","embeddable":true,"href":"https:\/\/www.defibsolutions.fr\/boutique\/wp-json\/wp\/v2\/product_cat?post=7490"},{"taxonomy":"product_tag","embeddable":true,"href":"https:\/\/www.defibsolutions.fr\/boutique\/wp-json\/wp\/v2\/product_tag?post=7490"}],"curies":[{"name":"wp","href":"https:\/\/api.w.org\/{rel}","templated":true}]}}