{"id":7333,"date":"2023-09-04T13:48:15","date_gmt":"2023-09-04T11:48:15","guid":{"rendered":"https:\/\/www.defibsolutions.fr\/boutique\/?post_type=product&#038;p=7333"},"modified":"2023-09-04T14:34:12","modified_gmt":"2023-09-04T12:34:12","slug":"pack-de-60-filtres-pour-mannequin","status":"publish","type":"product","link":"https:\/\/www.defibsolutions.fr\/boutique\/shop\/pack-de-60-filtres-pour-mannequin\/","title":{"rendered":"Laerdal Little Anne QCPR Empilable Pack de 60 filtres"},"content":{"rendered":"<p>Pack de 60 filtres pour le nouveau mannequin Laerdal Little Anne QCPR Empilable.<\/p>\n<p>Le filtre doit \u00eatre remplac\u00e9 apr\u00e8s chaque exercice pratique de bouche-\u00e0-bouche.<\/p>\n<p>Si l\u2019utilisation et le remplacement du filtre sont fait correctement, les voies respiratoires pour mannequin Little Anne n\u2019ont alors pas besoin d\u2019\u00eatre remplac\u00e9es apr\u00e8s chaque exercice pratique.<\/p>\n<p>Le filtre Technostat T-150(+) pr\u00e9sente une faible r\u00e9sistance au passage de l&#8217;air et une grande capacit\u00e9 de r\u00e9tention de la poussi\u00e8re.<\/p>\n<p>Il a \u00e9t\u00e9 test\u00e9 pour une p\u00e9n\u00e9tration de 1,8 % @ 0,6 \u00b5m NACL. Le test d\u2019efficacit\u00e9 de filtration virale a d\u00e9montr\u00e9 que 99,99 % des particules d\u2019a\u00e9rosol &gt; 2,7 \u00b5m \u00e9taient filtr\u00e9es, et le test d\u2019efficacit\u00e9 de filtration bact\u00e9rienne a prouv\u00e9 que 99,99 % des particules d\u2019a\u00e9rosol &gt; 2,7 \u00b5m \u00e9taient filtr\u00e9es.<\/p>\n<p>Le filtre est double face.<\/p>\n","protected":false},"excerpt":{"rendered":"<p>Pack de 60 filtres pour le nouveau mannequin Laerdal Little Anne QCPR Empilable. Le filtre doit \u00eatre remplac\u00e9 apr\u00e8s chaque<\/p>\n","protected":false},"featured_media":7334,"template":"","meta":[],"product_brand":[],"product_cat":[227],"product_tag":[],"class_list":{"0":"post-7333","1":"product","2":"type-product","3":"status-publish","4":"has-post-thumbnail","6":"product_cat-laerdal-little-anne-qcpr-accessoires","8":"first","9":"instock","10":"taxable","11":"shipping-taxable","12":"purchasable","13":"product-type-simple"},"bundled_by":[],"bundle_stock_status":"instock","bundle_stock_quantity":null,"bundle_virtual":false,"bundle_layout":"","bundle_add_to_cart_form_location":"","bundle_editable_in_cart":false,"bundle_sold_individually_context":"","bundle_item_grouping":"","bundle_min_size":"","bundle_max_size":"","bundle_price":[],"bundled_items":[],"bundle_sell_ids":[],"_links":{"self":[{"href":"https:\/\/www.defibsolutions.fr\/boutique\/wp-json\/wp\/v2\/product\/7333","targetHints":{"allow":["GET"]}}],"collection":[{"href":"https:\/\/www.defibsolutions.fr\/boutique\/wp-json\/wp\/v2\/product"}],"about":[{"href":"https:\/\/www.defibsolutions.fr\/boutique\/wp-json\/wp\/v2\/types\/product"}],"wp:featuredmedia":[{"embeddable":true,"href":"https:\/\/www.defibsolutions.fr\/boutique\/wp-json\/wp\/v2\/media\/7334"}],"wp:attachment":[{"href":"https:\/\/www.defibsolutions.fr\/boutique\/wp-json\/wp\/v2\/media?parent=7333"}],"wp:term":[{"taxonomy":"product_brand","embeddable":true,"href":"https:\/\/www.defibsolutions.fr\/boutique\/wp-json\/wp\/v2\/product_brand?post=7333"},{"taxonomy":"product_cat","embeddable":true,"href":"https:\/\/www.defibsolutions.fr\/boutique\/wp-json\/wp\/v2\/product_cat?post=7333"},{"taxonomy":"product_tag","embeddable":true,"href":"https:\/\/www.defibsolutions.fr\/boutique\/wp-json\/wp\/v2\/product_tag?post=7333"}],"curies":[{"name":"wp","href":"https:\/\/api.w.org\/{rel}","templated":true}]}}