{"id":7069,"date":"2023-05-19T11:45:33","date_gmt":"2023-05-19T09:45:33","guid":{"rendered":"https:\/\/www.defibsolutions.fr\/boutique\/?post_type=product&#038;p=7069"},"modified":"2026-03-10T16:53:11","modified_gmt":"2026-03-10T14:53:11","slug":"little-anne-qcpr-empilable-version-blanche","status":"publish","type":"product","link":"https:\/\/www.defibsolutions.fr\/boutique\/shop\/little-anne-qcpr-empilable-version-blanche\/","title":{"rendered":"Laerdal Little Anne QCPR Empilable (Version blanche)"},"content":{"rendered":"<p>Les mannequins\u00a0 empilables Laerdal Little Anne QCPR (6 pi\u00e8ces) sont \u00e9quip\u00e9s de filtres au lieu de voies respiratoires. Par cons\u00e9quent, ils sont plus \u00e9conomiques \u00e0 utiliser que les Laerdal Little Anne pr\u00e9c\u00e9dents. Ils sont \u00a0\u00e9galement tr\u00e8s pratiques pour les formateurs qui sont souvent en d\u00e9placement car Ils peuvent s\u2019empiler les uns sur les autres pour rendre leur transport et leur rangement plus facile. Vous gagnez donc un temps pr\u00e9cieux pendant vos formations.<\/p>\n<p>Les lames de ressort (ou ressorts \u00e0 lames) plac\u00e9es sous la cage thoracique du mannequin rendent la r\u00e9animation cardio-pulmonaire tr\u00e8s r\u00e9aliste.<\/p>\n<p>La technologie d&#8217;\u00e9valuation et de feedback \u00ab QCPR\u00a0\u00bb qui \u00e9quipe les mannequins permet d&#8217;obtenir un monitoring et une \u00e9valuation de la qualit\u00e9 des gestes pratiqu\u00e9s en temps r\u00e9el. Vous pouvez t\u00e9l\u00e9charger les 2 applications gratuitement sur les plateformes Andro\u00efd et Apple.<\/p>\n<p>Le nouveau mannequin de formation empilable Laerdal Little Anne est capable de r\u00e9sister \u00e0 50 000 compressions et \u00e0 100 000 insufflations.<\/p>\n<p>Les voies respiratoires sont quant \u00e0 elles con\u00e7ues pour durer environ <strong>3 mois<\/strong>.<\/p>\n<p>Le syst\u00e8me de filtres durables vous permet de r\u00e9utiliser les m\u00eames voies respiratoires pendant vos formations. Vous avez juste \u00e0 remplacer les voies respiratoires \u00e0 chaque fois que le mannequin est utilis\u00e9.<\/p>\n<p>L&#8217;air administr\u00e9 passe \u00e0 travers le filtre, ce qui permet \u00e0 l&#8217;air non contamin\u00e9 de p\u00e9n\u00e9trer dans les poumons. Le filtre vous \u00e9vite de devoir remplacer les voies respiratoires apr\u00e8s chaque utilisation. Vous pouvez simplement nettoyer l&#8217;ouverture de la bouche et la zone environnante pour pr\u00e9parer le mannequin pour l&#8217;\u00e9l\u00e8ve suivant. Lorsque la formation est termin\u00e9e, vous pouvez laisser les voies respiratoires dans le mannequin. Elles ne doivent \u00eatre remplac\u00e9es qu&#8217;apr\u00e8s environ 3 mois. Pour pr\u00e9parer la prochaine s\u00e9ance de formation, il suffit de jeter le filtre utilis\u00e9 et d&#8217;ins\u00e9rer un filtre neuf.<\/p>\n<p>&nbsp;<\/p>\n<p><u>Poids et dimensions<\/u><\/p>\n<p>Poids\u00a0: 2 kg<\/p>\n<p>Dimensions\u00a0: 4 cm x 37 cm x 21.5 cm<\/p>\n<p>&nbsp;<\/p>\n<p><u>Entretien, maintenance et nettoyage<\/u><\/p>\n<p>-Gardez le mannequin propre et dans des conditions d\u2019hygi\u00e8ne optimales.<\/p>\n<p>-Remplacez le filtre des voies respiratoires apr\u00e8s chaque cours, surtout si la r\u00e9animation bouche \u00e0 bouche est pratiqu\u00e9e.<\/p>\n<p>-Changez l\u2019ensemble de voies respiratoires s\u2019il y a des signes visibles d\u2019usure ou d\u2019endommagement des poumons ou de la pi\u00e8ce m\u00e9tallique.<\/p>\n<p>-Nous recommandons l\u2019utilisation d\u2019un masque de visage Laerdal distinct pour chaque \u00e9tudiant.<\/p>\n<p>-Si plusieurs \u00e9tudiants utilisent un m\u00eame masque de visage, d\u00e9sinfectez le bien apr\u00e8s chaque utilisation.<\/p>\n<p>-Nettoyez r\u00e9guli\u00e8rement toutes les parties de la peau. Utilisez de l\u2019eau chaude savonneuse ou des lingettes d\u00e9sinfectantes.<\/p>\n<p>&nbsp;<\/p>\n<p><u>Consommables <\/u><\/p>\n<p>Article 135-10050 = Laerdal Little Anne QCPR Empilable Pack de 6 voies respiratoires<\/p>\n<p>Article 135-11050 = Laerdal Little Anne QCPR Empilable Pack de 60 filtres<\/p>\n<p>&nbsp;<\/p>\n<p>&nbsp;<\/p>\n","protected":false},"excerpt":{"rendered":"<p>Contenu du colis :<\/p>\n<p>1 mannequin Laerdal Little Anne QCPR empilable version blanche<\/p>\n<p>1 peau de visage<\/p>\n<p>11 filtres pour poumons<\/p>\n<p>2 batteries AA\u00a0 non rechargeables<\/p>\n<p>6 lingettes\u00a0 d\u00e9sinfectantes<\/p>\n<p>1 mode d\u2019emploi<\/p>\n<p>1 an de garantie<\/p>\n","protected":false},"featured_media":7070,"template":"","meta":[],"product_brand":[],"product_cat":[361],"product_tag":[],"class_list":{"0":"post-7069","1":"product","2":"type-product","3":"status-publish","4":"has-post-thumbnail","6":"product_cat-laerdal-little-anne-qcpr-nouveau-modele","8":"first","9":"instock","10":"taxable","11":"shipping-taxable","12":"purchasable","13":"product-type-simple"},"bundled_by":[],"bundle_stock_status":"instock","bundle_stock_quantity":null,"bundle_virtual":false,"bundle_layout":"","bundle_add_to_cart_form_location":"","bundle_editable_in_cart":false,"bundle_sold_individually_context":"","bundle_item_grouping":"","bundle_min_size":"","bundle_max_size":"","bundle_price":[],"bundled_items":[],"bundle_sell_ids":[],"_links":{"self":[{"href":"https:\/\/www.defibsolutions.fr\/boutique\/wp-json\/wp\/v2\/product\/7069","targetHints":{"allow":["GET"]}}],"collection":[{"href":"https:\/\/www.defibsolutions.fr\/boutique\/wp-json\/wp\/v2\/product"}],"about":[{"href":"https:\/\/www.defibsolutions.fr\/boutique\/wp-json\/wp\/v2\/types\/product"}],"wp:featuredmedia":[{"embeddable":true,"href":"https:\/\/www.defibsolutions.fr\/boutique\/wp-json\/wp\/v2\/media\/7070"}],"wp:attachment":[{"href":"https:\/\/www.defibsolutions.fr\/boutique\/wp-json\/wp\/v2\/media?parent=7069"}],"wp:term":[{"taxonomy":"product_brand","embeddable":true,"href":"https:\/\/www.defibsolutions.fr\/boutique\/wp-json\/wp\/v2\/product_brand?post=7069"},{"taxonomy":"product_cat","embeddable":true,"href":"https:\/\/www.defibsolutions.fr\/boutique\/wp-json\/wp\/v2\/product_cat?post=7069"},{"taxonomy":"product_tag","embeddable":true,"href":"https:\/\/www.defibsolutions.fr\/boutique\/wp-json\/wp\/v2\/product_tag?post=7069"}],"curies":[{"name":"wp","href":"https:\/\/api.w.org\/{rel}","templated":true}]}}