{"id":5982,"date":"2022-03-21T12:30:51","date_gmt":"2022-03-21T10:30:51","guid":{"rendered":"https:\/\/www.defibsolutions.fr\/boutique\/?post_type=product&#038;p=5982"},"modified":"2023-08-11T16:01:39","modified_gmt":"2023-08-11T14:01:39","slug":"mannequin-de-formation-brayden-baby-pro","status":"publish","type":"product","link":"https:\/\/www.defibsolutions.fr\/boutique\/shop\/mannequin-de-formation-brayden-baby-pro\/","title":{"rendered":"Mannequin de formation Brayden Baby Pro"},"content":{"rendered":"<p>Le mannequin Brayden Baby Pro est maintenant disponible et ressemble beaucoup au Brayden Baby, mais avec des caract\u00e9ristiques suppl\u00e9mentaires.<br \/>\nLes deux mannequins utilisent les m\u00eames consommables, ce qui permet de r\u00e9duire les co\u00fbts. Le Brayden Baby Pro fournit des informations objectives compl\u00e8tes sur la performance de RCP des nourrissons et est con\u00e7u pour se connecter \u00e0 l&#8217;application iOS gratuite pour iPad (Brayden Online Standard) et \u00e0 d&#8217;autres options d&#8217;abonnement iOS pour Brayden Online.<\/p>\n<h4><span style=\"color: #008000;\"><strong>Sp\u00e9cifications :<\/strong><\/span><\/h4>\n<ul>\n<li>Garantie : 2 ans<\/li>\n<\/ul>\n","protected":false},"excerpt":{"rendered":"<p>Le mannequin Brayden Baby Pro est maintenant disponible et ressemble beaucoup au Brayden Baby, mais avec des caract\u00e9ristiques suppl\u00e9mentaires. Les<\/p>\n","protected":false},"featured_media":7043,"template":"","meta":[],"product_brand":[],"product_cat":[213,211],"product_tag":[],"class_list":{"0":"post-5982","1":"product","2":"type-product","3":"status-publish","4":"has-post-thumbnail","6":"product_cat-brayden-mannequins","7":"product_cat-mannequins-de-formation","8":"pa_fabricant-brayden","10":"first","11":"instock","12":"taxable","13":"shipping-taxable","14":"purchasable","15":"product-type-simple"},"bundled_by":[],"bundle_stock_status":"instock","bundle_stock_quantity":null,"bundle_virtual":false,"bundle_layout":"","bundle_add_to_cart_form_location":"","bundle_editable_in_cart":false,"bundle_sold_individually_context":"","bundle_item_grouping":"","bundle_min_size":"","bundle_max_size":"","bundle_price":[],"bundled_items":[],"bundle_sell_ids":[],"_links":{"self":[{"href":"https:\/\/www.defibsolutions.fr\/boutique\/wp-json\/wp\/v2\/product\/5982","targetHints":{"allow":["GET"]}}],"collection":[{"href":"https:\/\/www.defibsolutions.fr\/boutique\/wp-json\/wp\/v2\/product"}],"about":[{"href":"https:\/\/www.defibsolutions.fr\/boutique\/wp-json\/wp\/v2\/types\/product"}],"wp:featuredmedia":[{"embeddable":true,"href":"https:\/\/www.defibsolutions.fr\/boutique\/wp-json\/wp\/v2\/media\/7043"}],"wp:attachment":[{"href":"https:\/\/www.defibsolutions.fr\/boutique\/wp-json\/wp\/v2\/media?parent=5982"}],"wp:term":[{"taxonomy":"product_brand","embeddable":true,"href":"https:\/\/www.defibsolutions.fr\/boutique\/wp-json\/wp\/v2\/product_brand?post=5982"},{"taxonomy":"product_cat","embeddable":true,"href":"https:\/\/www.defibsolutions.fr\/boutique\/wp-json\/wp\/v2\/product_cat?post=5982"},{"taxonomy":"product_tag","embeddable":true,"href":"https:\/\/www.defibsolutions.fr\/boutique\/wp-json\/wp\/v2\/product_tag?post=5982"}],"curies":[{"name":"wp","href":"https:\/\/api.w.org\/{rel}","templated":true}]}}