{"id":5828,"date":"2021-12-30T15:13:27","date_gmt":"2021-12-30T13:13:27","guid":{"rendered":"https:\/\/www.defibsolutions.fr\/boutique\/?post_type=product&#038;p=5828"},"modified":"2025-03-11T14:54:14","modified_gmt":"2025-03-11T12:54:14","slug":"xft-dae-de-formation","status":"publish","type":"product","link":"https:\/\/www.defibsolutions.fr\/boutique\/shop\/xft-dae-de-formation\/","title":{"rendered":"XFT-120G DAE de formation"},"content":{"rendered":"<p><strong>XFT AED Trainer (n\u00e9erlandais, anglais, fran\u00e7ais et allemand)<\/strong><\/p>\n<p>Le XFT AED Trainer est construit de mani\u00e8re solide et durable avec les caract\u00e9ristiques de base d&#8217;un vrai DAE. Le d\u00e9fibrillateur de formation dispose d&#8217;un \u00e9cran LCD sur lequel sont affich\u00e9es les instructions. Avec une seule t\u00e9l\u00e9commande, vous pouvez contr\u00f4ler plusieurs trainers. Le trainer contient 10 sc\u00e9narios pr\u00e9programm\u00e9s. Il est facile de choisir un sc\u00e9nario ou de mettre en pause, ou m\u00eame de passer d&#8217;un programme \u00e0 l&#8217;autre. Le m\u00e9tronome peut \u00eatre r\u00e9gl\u00e9 sur 3 vitesses diff\u00e9rentes.<\/p>\n<p>Le trainer reconna\u00eet si les \u00e9lectrodes adultes ou enfants sont connect\u00e9es et ajuste automatiquement le programme en cons\u00e9quence. Il reconna\u00eet imm\u00e9diatement si les \u00e9lectrodes sont connect\u00e9es et plac\u00e9es correctement.<\/p>\n<p>Le XFT AED Trainer est facile \u00e0 utiliser et dispose de 4 langues standard (n\u00e9erlandais, anglais, fran\u00e7ais et allemand). Les \u00e9lectrodes peuvent \u00eatre utilis\u00e9es environ 2000 fois. Cela rend le trainer presque sans entretien. Le trainer fonctionne sur une batterie rechargeable allant jusqu&#8217;\u00e0 12 heures.<\/p>\n<p><span style=\"color: #008000;\"><strong>Contenu du colis :<\/strong><\/span><br \/>\n&#8211; Trainer XFT-120G et son sac de transport<br \/>\n&#8211; T\u00e9l\u00e9commande<br \/>\n&#8211; \u00c9lectrode adulte<br \/>\n&#8211; \u00c9lectrode enfant<br \/>\n&#8211; Capteurs d\u2019\u00e9lectrodes<br \/>\n&#8211; Batterie et chargeur pour batterie<br \/>\n&#8211; Mode d&#8217;emploi en anglais<\/p>\n<p>Poids: 0,87 kg<br \/>\nDimensions: 25,3cm x 23cm x7,1cm<br \/>\nGarantie: 1 an<\/p>\n","protected":false},"excerpt":{"rendered":"<p>XFT AED Trainer (n\u00e9erlandais, anglais, fran\u00e7ais et allemand) Le XFT AED Trainer est construit de mani\u00e8re solide et durable avec<\/p>\n","protected":false},"featured_media":7434,"template":"","meta":[],"product_brand":[],"product_cat":[75,353],"product_tag":[],"class_list":{"0":"post-5828","1":"product","2":"type-product","3":"status-publish","4":"has-post-thumbnail","6":"product_cat-aed-trainers","7":"product_cat-xft","8":"pa_fabricant-xft","10":"first","11":"instock","12":"taxable","13":"shipping-taxable","14":"product-type-simple"},"bundled_by":[],"bundle_stock_status":"instock","bundle_stock_quantity":null,"bundle_virtual":false,"bundle_layout":"","bundle_add_to_cart_form_location":"","bundle_editable_in_cart":false,"bundle_sold_individually_context":"","bundle_item_grouping":"","bundle_min_size":"","bundle_max_size":"","bundle_price":[],"bundled_items":[],"bundle_sell_ids":[],"_links":{"self":[{"href":"https:\/\/www.defibsolutions.fr\/boutique\/wp-json\/wp\/v2\/product\/5828","targetHints":{"allow":["GET"]}}],"collection":[{"href":"https:\/\/www.defibsolutions.fr\/boutique\/wp-json\/wp\/v2\/product"}],"about":[{"href":"https:\/\/www.defibsolutions.fr\/boutique\/wp-json\/wp\/v2\/types\/product"}],"wp:featuredmedia":[{"embeddable":true,"href":"https:\/\/www.defibsolutions.fr\/boutique\/wp-json\/wp\/v2\/media\/7434"}],"wp:attachment":[{"href":"https:\/\/www.defibsolutions.fr\/boutique\/wp-json\/wp\/v2\/media?parent=5828"}],"wp:term":[{"taxonomy":"product_brand","embeddable":true,"href":"https:\/\/www.defibsolutions.fr\/boutique\/wp-json\/wp\/v2\/product_brand?post=5828"},{"taxonomy":"product_cat","embeddable":true,"href":"https:\/\/www.defibsolutions.fr\/boutique\/wp-json\/wp\/v2\/product_cat?post=5828"},{"taxonomy":"product_tag","embeddable":true,"href":"https:\/\/www.defibsolutions.fr\/boutique\/wp-json\/wp\/v2\/product_tag?post=5828"}],"curies":[{"name":"wp","href":"https:\/\/api.w.org\/{rel}","templated":true}]}}