{"id":5804,"date":"2021-12-14T12:37:42","date_gmt":"2021-12-14T10:37:42","guid":{"rendered":"https:\/\/www.defibsolutions.fr\/boutique\/?post_type=product&#038;p=5804"},"modified":"2023-06-01T16:24:55","modified_gmt":"2023-06-01T14:24:55","slug":"defibtech-lifeline-view-patchs-adhesifs-de-formation-pediatriques-lot-de-5","status":"publish","type":"product","link":"https:\/\/www.defibsolutions.fr\/boutique\/shop\/defibtech-lifeline-view-patchs-adhesifs-de-formation-pediatriques-lot-de-5\/","title":{"rendered":"Defibtech Lifeline VIEW patchs adh\u00e9sifs de formation p\u00e9diatriques (lot de 5)"},"content":{"rendered":"<p>Defibtech Lifeline VIEW patchs adh\u00e9sifs de formation p\u00e9diatriques (lot de 5)<\/p>\n","protected":false},"excerpt":{"rendered":"<p>Defibtech Lifeline VIEW patchs adh\u00e9sifs de formation p\u00e9diatriques (lot de 5)<\/p>\n","protected":false},"featured_media":7103,"template":"","meta":[],"product_brand":[],"product_cat":[243,251],"product_tag":[],"class_list":{"0":"post-5804","1":"product","2":"type-product","3":"status-publish","4":"has-post-thumbnail","6":"product_cat-consommables-trainers","7":"product_cat-defibtech-consommables-trainers","8":"pa_fabricant-defibtech","10":"first","11":"instock","12":"taxable","13":"shipping-taxable","14":"purchasable","15":"product-type-simple"},"bundled_by":[],"bundle_stock_status":"instock","bundle_stock_quantity":null,"bundle_virtual":false,"bundle_layout":"","bundle_add_to_cart_form_location":"","bundle_editable_in_cart":false,"bundle_sold_individually_context":"","bundle_item_grouping":"","bundle_min_size":"","bundle_max_size":"","bundle_price":[],"bundled_items":[],"bundle_sell_ids":[],"_links":{"self":[{"href":"https:\/\/www.defibsolutions.fr\/boutique\/wp-json\/wp\/v2\/product\/5804","targetHints":{"allow":["GET"]}}],"collection":[{"href":"https:\/\/www.defibsolutions.fr\/boutique\/wp-json\/wp\/v2\/product"}],"about":[{"href":"https:\/\/www.defibsolutions.fr\/boutique\/wp-json\/wp\/v2\/types\/product"}],"wp:featuredmedia":[{"embeddable":true,"href":"https:\/\/www.defibsolutions.fr\/boutique\/wp-json\/wp\/v2\/media\/7103"}],"wp:attachment":[{"href":"https:\/\/www.defibsolutions.fr\/boutique\/wp-json\/wp\/v2\/media?parent=5804"}],"wp:term":[{"taxonomy":"product_brand","embeddable":true,"href":"https:\/\/www.defibsolutions.fr\/boutique\/wp-json\/wp\/v2\/product_brand?post=5804"},{"taxonomy":"product_cat","embeddable":true,"href":"https:\/\/www.defibsolutions.fr\/boutique\/wp-json\/wp\/v2\/product_cat?post=5804"},{"taxonomy":"product_tag","embeddable":true,"href":"https:\/\/www.defibsolutions.fr\/boutique\/wp-json\/wp\/v2\/product_tag?post=5804"}],"curies":[{"name":"wp","href":"https:\/\/api.w.org\/{rel}","templated":true}]}}