{"id":5663,"date":"2021-10-14T13:27:01","date_gmt":"2021-10-14T11:27:01","guid":{"rendered":"https:\/\/www.defibsolutions.fr\/boutique\/?post_type=product&#038;p=5663"},"modified":"2025-03-14T08:46:03","modified_gmt":"2025-03-14T06:46:03","slug":"cu-medical-ipad-nf1200-electrodes","status":"publish","type":"product","link":"https:\/\/www.defibsolutions.fr\/boutique\/shop\/cu-medical-ipad-nf1200-electrodes\/","title":{"rendered":"CU Medical iPAD NF1200 \u00e9lectrodes"},"content":{"rendered":"<p><strong>\u00c9lectrodes compatibles avec les d\u00e9fibrillateurs suivants :<br \/>\n<\/strong>DAE semi-automatique CU Medical i-PAD NF 1200<br \/>\nDAE automatique CU Medical i-PAD NF 1201<br \/>\nDAE semi-automatique Colson Def-I<br \/>\nDAE automatique Colson Auto-Def<\/p>\n<p>Dur\u00e9e de vie : 2 ans<\/p>\n","protected":false},"excerpt":{"rendered":"<p>\u00c9lectrodes compatibles avec les d\u00e9fibrillateurs suivants : DAE semi-automatique CU Medical i-PAD NF 1200 DAE automatique CU Medical i-PAD NF<\/p>\n","protected":false},"featured_media":7010,"template":"","meta":[],"product_brand":[],"product_cat":[263,336],"product_tag":[],"class_list":{"0":"post-5663","1":"product","2":"type-product","3":"status-publish","4":"has-post-thumbnail","6":"product_cat-accessoires-dae","7":"product_cat-cu-medical-accessoires","8":"pa_fabricant-cu-medical","10":"first","11":"instock","12":"taxable","13":"shipping-taxable","14":"purchasable","15":"product-type-simple"},"bundled_by":[],"bundle_stock_status":"instock","bundle_stock_quantity":null,"bundle_virtual":false,"bundle_layout":"","bundle_add_to_cart_form_location":"","bundle_editable_in_cart":false,"bundle_sold_individually_context":"","bundle_item_grouping":"","bundle_min_size":"","bundle_max_size":"","bundle_price":[],"bundled_items":[],"bundle_sell_ids":[],"_links":{"self":[{"href":"https:\/\/www.defibsolutions.fr\/boutique\/wp-json\/wp\/v2\/product\/5663","targetHints":{"allow":["GET"]}}],"collection":[{"href":"https:\/\/www.defibsolutions.fr\/boutique\/wp-json\/wp\/v2\/product"}],"about":[{"href":"https:\/\/www.defibsolutions.fr\/boutique\/wp-json\/wp\/v2\/types\/product"}],"wp:featuredmedia":[{"embeddable":true,"href":"https:\/\/www.defibsolutions.fr\/boutique\/wp-json\/wp\/v2\/media\/7010"}],"wp:attachment":[{"href":"https:\/\/www.defibsolutions.fr\/boutique\/wp-json\/wp\/v2\/media?parent=5663"}],"wp:term":[{"taxonomy":"product_brand","embeddable":true,"href":"https:\/\/www.defibsolutions.fr\/boutique\/wp-json\/wp\/v2\/product_brand?post=5663"},{"taxonomy":"product_cat","embeddable":true,"href":"https:\/\/www.defibsolutions.fr\/boutique\/wp-json\/wp\/v2\/product_cat?post=5663"},{"taxonomy":"product_tag","embeddable":true,"href":"https:\/\/www.defibsolutions.fr\/boutique\/wp-json\/wp\/v2\/product_tag?post=5663"}],"curies":[{"name":"wp","href":"https:\/\/api.w.org\/{rel}","templated":true}]}}