{"id":5572,"date":"2021-09-14T10:06:20","date_gmt":"2021-09-14T08:06:20","guid":{"rendered":"https:\/\/www.defibsolutions.fr\/boutique\/?post_type=product&#038;p=5572"},"modified":"2026-01-26T13:33:52","modified_gmt":"2026-01-26T11:33:52","slug":"mindray-beneheart-c1a-c2-electrodes","status":"publish","type":"product","link":"https:\/\/www.defibsolutions.fr\/boutique\/shop\/mindray-beneheart-c1a-c2-electrodes\/","title":{"rendered":"Mindray Beneheart \u00e9lectrodes MR62 pour C1, C2, D1, D3, D6"},"content":{"rendered":"<p>\u00c9lectrodes pour les d\u00e9fibrillateurs Mindray Beneheart s\u00e9rie-C + D1, D3, D6<br \/>\nDur\u00e9e de vie de 4 ans+<\/p>\n","protected":false},"excerpt":{"rendered":"<p>\u00c9lectrodes pour les d\u00e9fibrillateurs Mindray Beneheart s\u00e9rie-C + D1, D3, D6 Dur\u00e9e de vie de 4 ans+<\/p>\n","protected":false},"featured_media":8514,"template":"","meta":[],"product_brand":[],"product_cat":[263,339],"product_tag":[],"class_list":{"0":"post-5572","1":"product","2":"type-product","3":"status-publish","4":"has-post-thumbnail","6":"product_cat-accessoires-dae","7":"product_cat-mindray-beneheart","8":"pa_fabricant-mindray","10":"first","11":"instock","12":"taxable","13":"shipping-taxable","14":"purchasable","15":"product-type-simple"},"bundled_by":[],"bundle_stock_status":"instock","bundle_stock_quantity":null,"bundle_virtual":false,"bundle_layout":"","bundle_add_to_cart_form_location":"","bundle_editable_in_cart":false,"bundle_sold_individually_context":"","bundle_item_grouping":"","bundle_min_size":"","bundle_max_size":"","bundle_price":[],"bundled_items":[],"bundle_sell_ids":[],"_links":{"self":[{"href":"https:\/\/www.defibsolutions.fr\/boutique\/wp-json\/wp\/v2\/product\/5572","targetHints":{"allow":["GET"]}}],"collection":[{"href":"https:\/\/www.defibsolutions.fr\/boutique\/wp-json\/wp\/v2\/product"}],"about":[{"href":"https:\/\/www.defibsolutions.fr\/boutique\/wp-json\/wp\/v2\/types\/product"}],"wp:featuredmedia":[{"embeddable":true,"href":"https:\/\/www.defibsolutions.fr\/boutique\/wp-json\/wp\/v2\/media\/8514"}],"wp:attachment":[{"href":"https:\/\/www.defibsolutions.fr\/boutique\/wp-json\/wp\/v2\/media?parent=5572"}],"wp:term":[{"taxonomy":"product_brand","embeddable":true,"href":"https:\/\/www.defibsolutions.fr\/boutique\/wp-json\/wp\/v2\/product_brand?post=5572"},{"taxonomy":"product_cat","embeddable":true,"href":"https:\/\/www.defibsolutions.fr\/boutique\/wp-json\/wp\/v2\/product_cat?post=5572"},{"taxonomy":"product_tag","embeddable":true,"href":"https:\/\/www.defibsolutions.fr\/boutique\/wp-json\/wp\/v2\/product_tag?post=5572"}],"curies":[{"name":"wp","href":"https:\/\/api.w.org\/{rel}","templated":true}]}}