{"id":5437,"date":"2021-08-05T13:19:17","date_gmt":"2021-08-05T11:19:17","guid":{"rendered":"https:\/\/www.defibsolutions.fr\/boutique\/?post_type=product&#038;p=5437"},"modified":"2023-05-16T15:29:25","modified_gmt":"2023-05-16T13:29:25","slug":"laerdal-resusci-anne-first-aid-torse-sac-semi-rigide","status":"publish","type":"product","link":"https:\/\/www.defibsolutions.fr\/boutique\/shop\/laerdal-resusci-anne-first-aid-torse-sac-semi-rigide\/","title":{"rendered":"Laerdal Resusci Anne First Aid \/ Torse + sac semi-rigide"},"content":{"rendered":"<p>Mannequin de formation Laerdal Resusci Anne First Aid torse<\/p>\n<p><strong>Contenu du colis :<br \/>\n<\/strong>\u2013 Mannequin de formation Laerdal Resusci Anne First Aid torse<br \/>\n\u2013\u00a0Lingettes d\u00e9sinfectantes<br \/>\n\u2013\u00a0Manuel d\u2019utilisation<br \/>\n&#8211; Documentation produit<br \/>\n\u2013 3 masques de visage<br \/>\n\u2013 2 voies respiratoires<br \/>\n\u2013 Sac de transport semi-rigide avec prot\u00e8ge genoux int\u00e9gr\u00e9<br \/>\n&#8211;\u00a0 Veste<\/p>\n","protected":false},"excerpt":{"rendered":"<p>Mannequin de formation Laerdal Resusci Anne First Aid torse Contenu du colis : \u2013 Mannequin de formation Laerdal Resusci Anne<\/p>\n","protected":false},"featured_media":7046,"template":"","meta":[],"product_brand":[],"product_cat":[214,223,211],"product_tag":[],"class_list":{"0":"post-5437","1":"product","2":"type-product","3":"status-publish","4":"has-post-thumbnail","6":"product_cat-laerdal-mannequins","7":"product_cat-laerdal-resusci-qcpr","8":"product_cat-mannequins-de-formation","9":"pa_fabricant-laerdal","11":"first","12":"instock","13":"taxable","14":"shipping-taxable","15":"purchasable","16":"product-type-simple"},"bundled_by":[],"bundle_stock_status":"instock","bundle_stock_quantity":null,"bundle_virtual":false,"bundle_layout":"","bundle_add_to_cart_form_location":"","bundle_editable_in_cart":false,"bundle_sold_individually_context":"","bundle_item_grouping":"","bundle_min_size":"","bundle_max_size":"","bundle_price":[],"bundled_items":[],"bundle_sell_ids":[],"_links":{"self":[{"href":"https:\/\/www.defibsolutions.fr\/boutique\/wp-json\/wp\/v2\/product\/5437","targetHints":{"allow":["GET"]}}],"collection":[{"href":"https:\/\/www.defibsolutions.fr\/boutique\/wp-json\/wp\/v2\/product"}],"about":[{"href":"https:\/\/www.defibsolutions.fr\/boutique\/wp-json\/wp\/v2\/types\/product"}],"wp:featuredmedia":[{"embeddable":true,"href":"https:\/\/www.defibsolutions.fr\/boutique\/wp-json\/wp\/v2\/media\/7046"}],"wp:attachment":[{"href":"https:\/\/www.defibsolutions.fr\/boutique\/wp-json\/wp\/v2\/media?parent=5437"}],"wp:term":[{"taxonomy":"product_brand","embeddable":true,"href":"https:\/\/www.defibsolutions.fr\/boutique\/wp-json\/wp\/v2\/product_brand?post=5437"},{"taxonomy":"product_cat","embeddable":true,"href":"https:\/\/www.defibsolutions.fr\/boutique\/wp-json\/wp\/v2\/product_cat?post=5437"},{"taxonomy":"product_tag","embeddable":true,"href":"https:\/\/www.defibsolutions.fr\/boutique\/wp-json\/wp\/v2\/product_tag?post=5437"}],"curies":[{"name":"wp","href":"https:\/\/api.w.org\/{rel}","templated":true}]}}