{"id":5367,"date":"2021-06-22T10:24:59","date_gmt":"2021-06-22T08:24:59","guid":{"rendered":"https:\/\/www.defibsolutions.fr\/boutique\/?post_type=product&#038;p=5367"},"modified":"2023-05-16T14:47:07","modified_gmt":"2023-05-16T12:47:07","slug":"laerdal-lingettes-desinfectantes","status":"publish","type":"product","link":"https:\/\/www.defibsolutions.fr\/boutique\/shop\/laerdal-lingettes-desinfectantes\/","title":{"rendered":"Laerdal lingettes d\u00e9sinfectantes (lot de 1200 sachets)"},"content":{"rendered":"<p>Lingettes d\u00e9sinfectantes en sachet individuel de la marque LAERDAL<br \/>\n<strong>Lot de 1200 sachets (1 carton)<\/strong><br \/>\nDimensions de la lingette d\u00e9pli\u00e9e : 14 x 19 cm<\/p>\n<p>Pour \u00e9viter la prolif\u00e9ration des bact\u00e9ries et tout risque de contamination crois\u00e9e, veillez \u00e0 nettoyer tout votre mat\u00e9riel de formation entre chaque session d&#8217;entra\u00eenement\u00a0!<\/p>\n<p>Pr\u00eates \u00e0 l&#8217;emploi les lingettes s&#8217;utilisent\u00a0:<\/p>\n<ul>\n<li>pour d\u00e9sinfecter le visage et le corps de tous les mannequins de formation<\/li>\n<li>pour d\u00e9sinfecter le mat\u00e9riel de formation au secourisme<\/li>\n<\/ul>\n<p>&nbsp;<\/p>\n","protected":false},"excerpt":{"rendered":"<p>Lingettes d\u00e9sinfectantes en sachet individuel de la marque LAERDAL Lot de 1200 sachets (1 carton) Dimensions de la lingette d\u00e9pli\u00e9e<\/p>\n","protected":false},"featured_media":7035,"template":"","meta":[],"product_brand":[],"product_cat":[230,229,228,301,231,224,225,227,226,232,313,314,317],"product_tag":[],"class_list":{"0":"post-5367","1":"product","2":"type-product","3":"status-publish","4":"has-post-thumbnail","6":"product_cat-ambu-baby-accessoires","7":"product_cat-ambu-junior-accessoires","8":"product_cat-ambu-man-accessoiries","9":"product_cat-ambu-man-school-accessoires","10":"product_cat-brayden-accessoires","11":"product_cat-laerdal-accessoires","12":"product_cat-laerdal-baby-qcpr-accessoires","13":"product_cat-laerdal-little-anne-qcpr-accessoires","14":"product_cat-laerdal-little-junior-qcpr-accessoires","15":"product_cat-laerdal-resusci-qcpr-accessoiries","16":"product_cat-prestan-mannequin-adulte-accessoires","17":"product_cat-prestan-mannequin-baby-accessoires","18":"product_cat-prestan-mannequin-enfant-accessoires-prestan-mannequin-enfant","20":"first","21":"instock","22":"taxable","23":"shipping-taxable","24":"purchasable","25":"product-type-simple"},"bundled_by":[],"bundle_stock_status":"instock","bundle_stock_quantity":null,"bundle_virtual":false,"bundle_layout":"","bundle_add_to_cart_form_location":"","bundle_editable_in_cart":false,"bundle_sold_individually_context":"","bundle_item_grouping":"","bundle_min_size":"","bundle_max_size":"","bundle_price":[],"bundled_items":[],"bundle_sell_ids":[],"_links":{"self":[{"href":"https:\/\/www.defibsolutions.fr\/boutique\/wp-json\/wp\/v2\/product\/5367","targetHints":{"allow":["GET"]}}],"collection":[{"href":"https:\/\/www.defibsolutions.fr\/boutique\/wp-json\/wp\/v2\/product"}],"about":[{"href":"https:\/\/www.defibsolutions.fr\/boutique\/wp-json\/wp\/v2\/types\/product"}],"wp:featuredmedia":[{"embeddable":true,"href":"https:\/\/www.defibsolutions.fr\/boutique\/wp-json\/wp\/v2\/media\/7035"}],"wp:attachment":[{"href":"https:\/\/www.defibsolutions.fr\/boutique\/wp-json\/wp\/v2\/media?parent=5367"}],"wp:term":[{"taxonomy":"product_brand","embeddable":true,"href":"https:\/\/www.defibsolutions.fr\/boutique\/wp-json\/wp\/v2\/product_brand?post=5367"},{"taxonomy":"product_cat","embeddable":true,"href":"https:\/\/www.defibsolutions.fr\/boutique\/wp-json\/wp\/v2\/product_cat?post=5367"},{"taxonomy":"product_tag","embeddable":true,"href":"https:\/\/www.defibsolutions.fr\/boutique\/wp-json\/wp\/v2\/product_tag?post=5367"}],"curies":[{"name":"wp","href":"https:\/\/api.w.org\/{rel}","templated":true}]}}