{"id":5337,"date":"2021-06-07T11:12:12","date_gmt":"2021-06-07T09:12:12","guid":{"rendered":"https:\/\/www.defibsolutions.fr\/boutique\/?post_type=product&#038;p=5337"},"modified":"2023-05-16T10:37:23","modified_gmt":"2023-05-16T08:37:23","slug":"heartsine-gateway","status":"publish","type":"product","link":"https:\/\/www.defibsolutions.fr\/boutique\/shop\/heartsine-gateway\/","title":{"rendered":"Heartsine Gateway"},"content":{"rendered":"<p><strong>Module Gateway<\/strong><br \/>\nLe module Gateway de Heartsine permet d\u2019obtenir \u00e0 distance des informations sur votre DAE, et facilite la gestion de tout votre parc de d\u00e9fibrillateurs, qu\u2019ils se trouvent sur le m\u00eame site ou sur des sites diff\u00e9rents.<\/p>\n<p>Une fois incrust\u00e9 dans votre d\u00e9fibrillateur HeartSine Samaritan PAD 350P, 360P ou 500P, le module Gateway transmet via le Wi-Fi \u00e0\u00a0:<br \/>\n-LIFELINKcentral AED Program Manager<br \/>\n-LIFENET System<br \/>\nles r\u00e9sultats de l\u2019autotest hebdomadaire du DAE, m\u00eame si la batterie du DAE est faible.<\/p>\n<p>&nbsp;<\/p>\n","protected":false},"excerpt":{"rendered":"<p>Module Gateway Le module Gateway de Heartsine permet d\u2019obtenir \u00e0 distance des informations sur votre DAE, et facilite la gestion<\/p>\n","protected":false},"featured_media":6994,"template":"","meta":[],"product_brand":[],"product_cat":[263,104],"product_tag":[],"class_list":{"0":"post-5337","1":"product","2":"type-product","3":"status-publish","4":"has-post-thumbnail","6":"product_cat-accessoires-dae","7":"product_cat-samaritan-aed-accessoires","8":"pa_fabricant-heartsine","10":"first","11":"instock","12":"taxable","13":"shipping-taxable","14":"purchasable","15":"product-type-simple"},"bundled_by":[],"bundle_stock_status":"instock","bundle_stock_quantity":null,"bundle_virtual":false,"bundle_layout":"","bundle_add_to_cart_form_location":"","bundle_editable_in_cart":false,"bundle_sold_individually_context":"","bundle_item_grouping":"","bundle_min_size":"","bundle_max_size":"","bundle_price":[],"bundled_items":[],"bundle_sell_ids":[],"_links":{"self":[{"href":"https:\/\/www.defibsolutions.fr\/boutique\/wp-json\/wp\/v2\/product\/5337","targetHints":{"allow":["GET"]}}],"collection":[{"href":"https:\/\/www.defibsolutions.fr\/boutique\/wp-json\/wp\/v2\/product"}],"about":[{"href":"https:\/\/www.defibsolutions.fr\/boutique\/wp-json\/wp\/v2\/types\/product"}],"wp:featuredmedia":[{"embeddable":true,"href":"https:\/\/www.defibsolutions.fr\/boutique\/wp-json\/wp\/v2\/media\/6994"}],"wp:attachment":[{"href":"https:\/\/www.defibsolutions.fr\/boutique\/wp-json\/wp\/v2\/media?parent=5337"}],"wp:term":[{"taxonomy":"product_brand","embeddable":true,"href":"https:\/\/www.defibsolutions.fr\/boutique\/wp-json\/wp\/v2\/product_brand?post=5337"},{"taxonomy":"product_cat","embeddable":true,"href":"https:\/\/www.defibsolutions.fr\/boutique\/wp-json\/wp\/v2\/product_cat?post=5337"},{"taxonomy":"product_tag","embeddable":true,"href":"https:\/\/www.defibsolutions.fr\/boutique\/wp-json\/wp\/v2\/product_tag?post=5337"}],"curies":[{"name":"wp","href":"https:\/\/api.w.org\/{rel}","templated":true}]}}