{"id":5237,"date":"2021-04-19T14:01:30","date_gmt":"2021-04-19T12:01:30","guid":{"rendered":"https:\/\/www.defibsolutions.fr\/boutique\/?post_type=product&#038;p=5237"},"modified":"2023-05-16T10:35:20","modified_gmt":"2023-05-16T08:35:20","slug":"heartsine-cable-usb-pad-acc02","status":"publish","type":"product","link":"https:\/\/www.defibsolutions.fr\/boutique\/shop\/heartsine-cable-usb-pad-acc02\/","title":{"rendered":"Heartsine c\u00e2ble USB PAD-ACC-02"},"content":{"rendered":"<p>Le c\u00e2ble USB vous permet de transf\u00e9rer les donn\u00e9es recueillies par votre d\u00e9fibrillateur Heartsine Samaritan PAD (350P, 360P ou 500P) apr\u00e8s une intervention vers votre PC ou ordinateur portable.<\/p>\n<p>Vous pouvez ainsi extraire les donn\u00e9es de votre d\u00e9fibrillateur et les \u00e9tudier, \u00e0 condition d\u2019avoir pr\u00e9alablement install\u00e9 le logiciel \u00ab Saver Evo \u00bb de gestion de donn\u00e9es sur votre PC (t\u00e9l\u00e9chargez gratuitement Saver EVO 1.3.0 mis \u00e0 jour le 1er juin 2020).<\/p>\n<p>Les donn\u00e9es extraites du DAE gr\u00e2ce au c\u00e2ble peuvent \u00eatre importantes \u00e0 transmettre aux services d\u2019urgence qui ont pris en charge le patient, ou au m\u00e9decin traitant qui suit le patient, ou \u00e0 son cardiologue.<\/p>\n","protected":false},"excerpt":{"rendered":"<p>Le c\u00e2ble USB vous permet de transf\u00e9rer les donn\u00e9es recueillies par votre d\u00e9fibrillateur Heartsine Samaritan PAD (350P, 360P ou 500P)<\/p>\n","protected":false},"featured_media":6993,"template":"","meta":[],"product_brand":[],"product_cat":[263,104],"product_tag":[],"class_list":{"0":"post-5237","1":"product","2":"type-product","3":"status-publish","4":"has-post-thumbnail","6":"product_cat-accessoires-dae","7":"product_cat-samaritan-aed-accessoires","8":"pa_fabricant-heartsine","10":"first","11":"instock","12":"taxable","13":"shipping-taxable","14":"purchasable","15":"product-type-simple"},"bundled_by":[],"bundle_stock_status":"instock","bundle_stock_quantity":null,"bundle_virtual":false,"bundle_layout":"","bundle_add_to_cart_form_location":"","bundle_editable_in_cart":false,"bundle_sold_individually_context":"","bundle_item_grouping":"","bundle_min_size":"","bundle_max_size":"","bundle_price":[],"bundled_items":[],"bundle_sell_ids":[],"_links":{"self":[{"href":"https:\/\/www.defibsolutions.fr\/boutique\/wp-json\/wp\/v2\/product\/5237","targetHints":{"allow":["GET"]}}],"collection":[{"href":"https:\/\/www.defibsolutions.fr\/boutique\/wp-json\/wp\/v2\/product"}],"about":[{"href":"https:\/\/www.defibsolutions.fr\/boutique\/wp-json\/wp\/v2\/types\/product"}],"wp:featuredmedia":[{"embeddable":true,"href":"https:\/\/www.defibsolutions.fr\/boutique\/wp-json\/wp\/v2\/media\/6993"}],"wp:attachment":[{"href":"https:\/\/www.defibsolutions.fr\/boutique\/wp-json\/wp\/v2\/media?parent=5237"}],"wp:term":[{"taxonomy":"product_brand","embeddable":true,"href":"https:\/\/www.defibsolutions.fr\/boutique\/wp-json\/wp\/v2\/product_brand?post=5237"},{"taxonomy":"product_cat","embeddable":true,"href":"https:\/\/www.defibsolutions.fr\/boutique\/wp-json\/wp\/v2\/product_cat?post=5237"},{"taxonomy":"product_tag","embeddable":true,"href":"https:\/\/www.defibsolutions.fr\/boutique\/wp-json\/wp\/v2\/product_tag?post=5237"}],"curies":[{"name":"wp","href":"https:\/\/api.w.org\/{rel}","templated":true}]}}