{"id":5227,"date":"2021-04-19T11:22:14","date_gmt":"2021-04-19T09:22:14","guid":{"rendered":"https:\/\/www.defibsolutions.fr\/boutique\/?post_type=product&#038;p=5227"},"modified":"2023-05-16T10:45:19","modified_gmt":"2023-05-16T08:45:19","slug":"nihon-kohden-electrodes-cardiolife-aed","status":"publish","type":"product","link":"https:\/\/www.defibsolutions.fr\/boutique\/shop\/nihon-kohden-electrodes-cardiolife-aed\/","title":{"rendered":"Nihon Kohden \u00e9lectrodes Cardiolife"},"content":{"rendered":"<p>Nihon Kohden \u00e9lectrodes Cardiolife pour les d\u00e9fibrillateurs AED 3100, AED 2100, AED 2150, AED 2151 &amp; AED 2152.<\/p>\n<p>Dur\u00e9e de vie : 2 ans.<\/p>\n","protected":false},"excerpt":{"rendered":"<p>Nihon Kohden \u00e9lectrodes Cardiolife pour les d\u00e9fibrillateurs AED 3100, AED 2100, AED 2150, AED 2151 &amp; AED 2152. Dur\u00e9e de<\/p>\n","protected":false},"featured_media":6996,"template":"","meta":[],"product_brand":[],"product_cat":[263,333],"product_tag":[],"class_list":{"0":"post-5227","1":"product","2":"type-product","3":"status-publish","4":"has-post-thumbnail","6":"product_cat-accessoires-dae","7":"product_cat-nihon-kohden-accessoires","8":"pa_fabricant-nihon-kohden","10":"first","11":"instock","12":"taxable","13":"shipping-taxable","14":"purchasable","15":"product-type-simple"},"bundled_by":[],"bundle_stock_status":"instock","bundle_stock_quantity":null,"bundle_virtual":false,"bundle_layout":"","bundle_add_to_cart_form_location":"","bundle_editable_in_cart":false,"bundle_sold_individually_context":"","bundle_item_grouping":"","bundle_min_size":"","bundle_max_size":"","bundle_price":[],"bundled_items":[],"bundle_sell_ids":[],"_links":{"self":[{"href":"https:\/\/www.defibsolutions.fr\/boutique\/wp-json\/wp\/v2\/product\/5227","targetHints":{"allow":["GET"]}}],"collection":[{"href":"https:\/\/www.defibsolutions.fr\/boutique\/wp-json\/wp\/v2\/product"}],"about":[{"href":"https:\/\/www.defibsolutions.fr\/boutique\/wp-json\/wp\/v2\/types\/product"}],"wp:featuredmedia":[{"embeddable":true,"href":"https:\/\/www.defibsolutions.fr\/boutique\/wp-json\/wp\/v2\/media\/6996"}],"wp:attachment":[{"href":"https:\/\/www.defibsolutions.fr\/boutique\/wp-json\/wp\/v2\/media?parent=5227"}],"wp:term":[{"taxonomy":"product_brand","embeddable":true,"href":"https:\/\/www.defibsolutions.fr\/boutique\/wp-json\/wp\/v2\/product_brand?post=5227"},{"taxonomy":"product_cat","embeddable":true,"href":"https:\/\/www.defibsolutions.fr\/boutique\/wp-json\/wp\/v2\/product_cat?post=5227"},{"taxonomy":"product_tag","embeddable":true,"href":"https:\/\/www.defibsolutions.fr\/boutique\/wp-json\/wp\/v2\/product_tag?post=5227"}],"curies":[{"name":"wp","href":"https:\/\/api.w.org\/{rel}","templated":true}]}}