{"id":5195,"date":"2021-04-12T09:10:48","date_gmt":"2021-04-12T07:10:48","guid":{"rendered":"https:\/\/www.defibsolutions.fr\/boutique\/?post_type=product&#038;p=5195"},"modified":"2023-06-01T16:58:39","modified_gmt":"2023-06-01T14:58:39","slug":"matelas-de-transfert-durgence","status":"publish","type":"product","link":"https:\/\/www.defibsolutions.fr\/boutique\/shop\/matelas-de-transfert-durgence\/","title":{"rendered":"Matelas de transfert d&#8217;urgence"},"content":{"rendered":"<p>Matelas d&#8217;\u00e9vacuation d\u2019urgence sans risque pour le patient, livr\u00e9 avec son sac de transport.<\/p>\n<p>Ce matelas de sauvetage confortable et facile \u00e0 utiliser permet d\u2019\u00e9vacuer rapidement, en toute s\u00e9curit\u00e9, et en position allong\u00e9e, les personnes qui ne sont pas en mesure de s&#8217;\u00e9vacuer elles-m\u00eames en cas de danger.<\/p>\n<p>Evacuez les personnes non autonomes comme :<\/p>\n<ul>\n<li>les utilisateurs de fauteuils roulants<\/li>\n<li>les personnes bless\u00e9es<\/li>\n<li>les personnes alit\u00e9es<\/li>\n<li>les personnes \u00e0 mobilit\u00e9 r\u00e9duite<\/li>\n<\/ul>\n<p><strong><u>Caract\u00e9ristiques du mod\u00e8le Standard<\/u><\/strong><\/p>\n<p>Poids :\u00a0 \u00a0 \u00a0 \u00a0 \u00a0 \u00a0 \u00a0 \u00a0 \u00a0 \u00a0 \u00a0 \u00a0 \u00a0 \u00a0 \u00a0 \u00a0 6,5 kg<br \/>\nMat\u00e9riel :\u00a0 \u00a0 \u00a0 \u00a0 \u00a0 \u00a0 \u00a0 \u00a0 \u00a0 \u00a0 \u00a0 \u00a0 \u00a0 \u00a0100% polyester<br \/>\nDimensions :\u00a0 \u00a0 \u00a0 \u00a0 \u00a0 \u00a0 \u00a0 \u00a0 \u00a0 \u00a0 \u00a0210 x 60 x 7 cm<br \/>\nCapacit\u00e9\u00a0 :\u00a0 \u00a0 \u00a0 \u00a0 \u00a0 \u00a0 \u00a0 \u00a0 \u00a0 \u00a0 \u00a0 \u00a0 \u00a0 200 kg<br \/>\nUtilisation :\u00a0 \u00a0 \u00a0 \u00a0 \u00a0 \u00a0 \u00a0 \u00a0 \u00a0 \u00a0 \u00a0 \u00a0 par un ou deux aidants selon la situation<br \/>\nMousse du matelas :\u00a0 \u00a0 \u00a0 \u00a0 \u00e9paisseur de 7 cm<br \/>\nRev\u00eatement :\u00a0 \u00a0 \u00a0 \u00a0 \u00a0 \u00a0 \u00a0 \u00a0 \u00a0 \u00a0 \u00a0 solution ignifuge qui r\u00e9pond aux normes incendie M1 (combustible non inflammable)<br \/>\nTissu :\u00a0 \u00a0 \u00a0 \u00a0 \u00a0 \u00a0 \u00a0 \u00a0 \u00a0 \u00a0 \u00a0 \u00a0 \u00a0 \u00a0 \u00a0 \u00a0 \u00a0 \u00e9quip\u00e9 de Sanitized TH27-24 (technologie Suisse anti-bact\u00e9riologique)<br \/>\nUtilisable par :\u00a0 \u00a0 \u00a0 \u00a0 \u00a0 \u00a0 \u00a0 \u00a0 \u00a0 \u00a0tout le monde!<br \/>\nNettoyage de la housse :\u00a0 avec une lingette d\u00e9sinfectante ou en machine \u00e0 40 degr\u00e9s<br \/>\nGarantie :\u00a0 \u00a0 \u00a0 \u00a0 \u00a0 \u00a0 \u00a0 \u00a0 \u00a0 \u00a0 \u00a0 \u00a0 \u00a0 \u00a0 1 an<br \/>\nCertification :\u00a0 \u00a0 \u00a0 \u00a0 \u00a0 \u00a0 \u00a0 \u00a0 \u00a0 \u00a0 \u00a0CE<br \/>\nMaintenance :\u00a0 \u00a0 \u00a0 \u00a0 \u00a0 \u00a0 \u00a0 \u00a0 \u00a0 \u00a0vous pouvez v\u00e9rifier vous-m\u00eame d\u2019un simple coup d\u2019\u0153il apr\u00e8s avoir utilis\u00e9 le matelas s\u2019il est endommag\u00e9 ou pas<\/p>\n<p><iframe loading=\"lazy\" title=\"Comment secourir les personnes en fauteuil roulant en cas d\u2019urgences gr\u00e2ce au Matelas d\u2019\u00e9vacuation?\" width=\"500\" height=\"281\" src=\"https:\/\/www.youtube.com\/embed\/TAhy7dNWxsQ?feature=oembed\" frameborder=\"0\" allow=\"accelerometer; autoplay; clipboard-write; encrypted-media; gyroscope; picture-in-picture; web-share\" referrerpolicy=\"strict-origin-when-cross-origin\" allowfullscreen><\/iframe><\/p>\n","protected":false},"excerpt":{"rendered":"<p>Matelas d&#8217;\u00e9vacuation d\u2019urgence sans risque pour le patient, livr\u00e9 avec son sac de transport. Ce matelas de sauvetage confortable et<\/p>\n","protected":false},"featured_media":0,"template":"","meta":[],"product_brand":[],"product_cat":[306,249],"product_tag":[],"class_list":{"0":"post-5195","1":"product","2":"type-product","3":"status-publish","5":"product_cat-autres-articles","6":"product_cat-materiel-durgence","8":"first","9":"instock","10":"taxable","11":"shipping-taxable","12":"purchasable","13":"product-type-simple"},"bundled_by":[],"bundle_stock_status":"instock","bundle_stock_quantity":null,"bundle_virtual":false,"bundle_layout":"","bundle_add_to_cart_form_location":"","bundle_editable_in_cart":false,"bundle_sold_individually_context":"","bundle_item_grouping":"","bundle_min_size":"","bundle_max_size":"","bundle_price":[],"bundled_items":[],"bundle_sell_ids":[],"_links":{"self":[{"href":"https:\/\/www.defibsolutions.fr\/boutique\/wp-json\/wp\/v2\/product\/5195","targetHints":{"allow":["GET"]}}],"collection":[{"href":"https:\/\/www.defibsolutions.fr\/boutique\/wp-json\/wp\/v2\/product"}],"about":[{"href":"https:\/\/www.defibsolutions.fr\/boutique\/wp-json\/wp\/v2\/types\/product"}],"wp:attachment":[{"href":"https:\/\/www.defibsolutions.fr\/boutique\/wp-json\/wp\/v2\/media?parent=5195"}],"wp:term":[{"taxonomy":"product_brand","embeddable":true,"href":"https:\/\/www.defibsolutions.fr\/boutique\/wp-json\/wp\/v2\/product_brand?post=5195"},{"taxonomy":"product_cat","embeddable":true,"href":"https:\/\/www.defibsolutions.fr\/boutique\/wp-json\/wp\/v2\/product_cat?post=5195"},{"taxonomy":"product_tag","embeddable":true,"href":"https:\/\/www.defibsolutions.fr\/boutique\/wp-json\/wp\/v2\/product_tag?post=5195"}],"curies":[{"name":"wp","href":"https:\/\/api.w.org\/{rel}","templated":true}]}}