{"id":5157,"date":"2021-03-22T12:00:23","date_gmt":"2021-03-22T10:00:23","guid":{"rendered":"https:\/\/www.defibsolutions.fr\/boutique\/?post_type=product&#038;p=5157"},"modified":"2023-07-25T15:54:22","modified_gmt":"2023-07-25T13:54:22","slug":"zoll-aed-plus-trainer-ii-semi-automatique","status":"publish","type":"product","link":"https:\/\/www.defibsolutions.fr\/boutique\/shop\/zoll-aed-plus-trainer-ii-semi-automatique\/","title":{"rendered":"Zoll AED Plus Trainer II semi-automatique"},"content":{"rendered":"<p>Dimensions : 13,3 cm (H) x 24,1 cm (L) x 29,2 cm (P)<br \/>\nPoids : 2,2 kg<\/p>\n<p><strong>Contenu du colis :<\/strong><br \/>\n4 piles LR20 (capacit\u00e9 : 100h de formation)<br \/>\n1 t\u00e9l\u00e9commande sans fil<br \/>\n2 piles AA pour la t\u00e9l\u00e9commande<br \/>\n1 paire d&#8217;\u00e9lectrodes de formation adulte CPR-D padz AED Plus Trainer<br \/>\n1 lot de gels r\u00e9utilisables pour \u00e9lectrodes de formation<br \/>\n1 manuel d&#8217;utilisation<\/p>\n<p><a href=\"https:\/\/www.defibsolutions.fr\/wp-content\/uploads\/2019\/09\/Zoll-AED-Plus-trainer-2-aper\u00e7u.pdf\">Aper\u00e7u Zoll AED Plus trainer 2 <\/a><\/p>\n","protected":false},"excerpt":{"rendered":"<p><span style=\"font-weight: 400;\">D\u00e9fibrillateur de formation Zoll AED Plus avec t\u00e9l\u00e9commande<\/span><\/p>\n","protected":false},"featured_media":2742,"template":"","meta":[],"product_brand":[],"product_cat":[74,75,76],"product_tag":[],"class_list":{"0":"post-5157","1":"product","2":"type-product","3":"status-publish","4":"has-post-thumbnail","6":"product_cat-aed-training","7":"product_cat-aed-trainers","8":"product_cat-zoll-aed-trainers","9":"pa_fabricant-zoll","11":"first","12":"instock","13":"taxable","14":"shipping-taxable","15":"purchasable","16":"product-type-simple"},"bundled_by":[],"bundle_stock_status":"instock","bundle_stock_quantity":null,"bundle_virtual":false,"bundle_layout":"","bundle_add_to_cart_form_location":"","bundle_editable_in_cart":false,"bundle_sold_individually_context":"","bundle_item_grouping":"","bundle_min_size":"","bundle_max_size":"","bundle_price":[],"bundled_items":[],"bundle_sell_ids":[],"_links":{"self":[{"href":"https:\/\/www.defibsolutions.fr\/boutique\/wp-json\/wp\/v2\/product\/5157","targetHints":{"allow":["GET"]}}],"collection":[{"href":"https:\/\/www.defibsolutions.fr\/boutique\/wp-json\/wp\/v2\/product"}],"about":[{"href":"https:\/\/www.defibsolutions.fr\/boutique\/wp-json\/wp\/v2\/types\/product"}],"wp:featuredmedia":[{"embeddable":true,"href":"https:\/\/www.defibsolutions.fr\/boutique\/wp-json\/wp\/v2\/media\/2742"}],"wp:attachment":[{"href":"https:\/\/www.defibsolutions.fr\/boutique\/wp-json\/wp\/v2\/media?parent=5157"}],"wp:term":[{"taxonomy":"product_brand","embeddable":true,"href":"https:\/\/www.defibsolutions.fr\/boutique\/wp-json\/wp\/v2\/product_brand?post=5157"},{"taxonomy":"product_cat","embeddable":true,"href":"https:\/\/www.defibsolutions.fr\/boutique\/wp-json\/wp\/v2\/product_cat?post=5157"},{"taxonomy":"product_tag","embeddable":true,"href":"https:\/\/www.defibsolutions.fr\/boutique\/wp-json\/wp\/v2\/product_tag?post=5157"}],"curies":[{"name":"wp","href":"https:\/\/api.w.org\/{rel}","templated":true}]}}