{"id":5152,"date":"2021-03-22T11:32:40","date_gmt":"2021-03-22T09:32:40","guid":{"rendered":"https:\/\/www.defibsolutions.fr\/boutique\/?post_type=product&#038;p=5152"},"modified":"2023-06-01T16:45:58","modified_gmt":"2023-06-01T14:45:58","slug":"garrot-tourniquet-orange-modele-pour-le-sauvetage-civil","status":"publish","type":"product","link":"https:\/\/www.defibsolutions.fr\/boutique\/shop\/garrot-tourniquet-orange-modele-pour-le-sauvetage-civil\/","title":{"rendered":"Garrot tourniquet Orange (mod\u00e8le pour le sauvetage civil)"},"content":{"rendered":"<p>Pour utiliser le garrot :<\/p>\n<ul>\n<li>Passez la sangle autours du membre bless\u00e9<\/li>\n<li>Ajustez le garrot<\/li>\n<li>Tournez la tige jusqu&#8217;\u00e0 ce que l&#8217;h\u00e9morragie s&#8217;arr\u00eate<\/li>\n<li>Placez la tige dans le clip<\/li>\n<\/ul>\n","protected":false},"excerpt":{"rendered":"<p>Pour utiliser le garrot : Passez la sangle autours du membre bless\u00e9 Ajustez le garrot Tournez la tige jusqu&#8217;\u00e0 ce<\/p>\n","protected":false},"featured_media":7108,"template":"","meta":[],"product_brand":[],"product_cat":[249],"product_tag":[],"class_list":{"0":"post-5152","1":"product","2":"type-product","3":"status-publish","4":"has-post-thumbnail","6":"product_cat-materiel-durgence","8":"first","9":"instock","10":"taxable","11":"shipping-taxable","12":"purchasable","13":"product-type-simple"},"bundled_by":[],"bundle_stock_status":"instock","bundle_stock_quantity":null,"bundle_virtual":false,"bundle_layout":"","bundle_add_to_cart_form_location":"","bundle_editable_in_cart":false,"bundle_sold_individually_context":"","bundle_item_grouping":"","bundle_min_size":"","bundle_max_size":"","bundle_price":[],"bundled_items":[],"bundle_sell_ids":[],"_links":{"self":[{"href":"https:\/\/www.defibsolutions.fr\/boutique\/wp-json\/wp\/v2\/product\/5152","targetHints":{"allow":["GET"]}}],"collection":[{"href":"https:\/\/www.defibsolutions.fr\/boutique\/wp-json\/wp\/v2\/product"}],"about":[{"href":"https:\/\/www.defibsolutions.fr\/boutique\/wp-json\/wp\/v2\/types\/product"}],"wp:featuredmedia":[{"embeddable":true,"href":"https:\/\/www.defibsolutions.fr\/boutique\/wp-json\/wp\/v2\/media\/7108"}],"wp:attachment":[{"href":"https:\/\/www.defibsolutions.fr\/boutique\/wp-json\/wp\/v2\/media?parent=5152"}],"wp:term":[{"taxonomy":"product_brand","embeddable":true,"href":"https:\/\/www.defibsolutions.fr\/boutique\/wp-json\/wp\/v2\/product_brand?post=5152"},{"taxonomy":"product_cat","embeddable":true,"href":"https:\/\/www.defibsolutions.fr\/boutique\/wp-json\/wp\/v2\/product_cat?post=5152"},{"taxonomy":"product_tag","embeddable":true,"href":"https:\/\/www.defibsolutions.fr\/boutique\/wp-json\/wp\/v2\/product_tag?post=5152"}],"curies":[{"name":"wp","href":"https:\/\/api.w.org\/{rel}","templated":true}]}}