{"id":5150,"date":"2021-03-22T11:23:50","date_gmt":"2021-03-22T09:23:50","guid":{"rendered":"https:\/\/www.defibsolutions.fr\/boutique\/?post_type=product&#038;p=5150"},"modified":"2023-05-16T14:06:58","modified_gmt":"2023-05-16T12:06:58","slug":"lingettes-desinfectantes-36-boites","status":"publish","type":"product","link":"https:\/\/www.defibsolutions.fr\/boutique\/shop\/lingettes-desinfectantes-36-boites\/","title":{"rendered":"Lingettes d\u00e9sinfectantes (36 bo\u00eetes)"},"content":{"rendered":"<p>Lingettes pr\u00eates \u00e0 l&#8217;emploi compos\u00e9es d&#8217;actifs d\u00e9sinfectants (Ethanol) et impr\u00e9gn\u00e9es d&#8217;alcool isopropylique.<br \/>\nFormat : 20 x 11 cm<br \/>\nComposition : 80% d\u2019\u00e9thanol, 5% d&#8217;alcool isopropylique, eau<\/p>\n<p>Lingettes d\u00e9sinfectantes utilisables pour nettoyer le visage et la bouche de vos mannequins de secourisme apr\u00e8s chaque bouche \u00e0 bouche pratiqu\u00e9 par les \u00e9l\u00e8ves. Cela permet d&#8217;assurer la s\u00e9curit\u00e9 du formateur et des \u00e9l\u00e8ves et \u00e9vite le risque de contamination crois\u00e9e durant l&#8217;entra\u00eenement \u00e0 la RCP.<\/p>\n<p><strong>Colisage des lingettes :<\/strong><br \/>\n1 bo\u00eete = 110 lingettes de 20 x 11 cm pr\u00eates \u00e0 l&#8217;emploi<br \/>\n1 carton = 6 bo\u00eetes<br \/>\n1 colis = 6 cartons de 6 bo\u00eetes = 36 bo\u00eetes de 110 lingettes<\/p>\n","protected":false},"excerpt":{"rendered":"<p>Lingettes pr\u00eates \u00e0 l&#8217;emploi compos\u00e9es d&#8217;actifs d\u00e9sinfectants (Ethanol) et impr\u00e9gn\u00e9es d&#8217;alcool isopropylique. Format : 20 x 11 cm Composition :<\/p>\n","protected":false},"featured_media":7026,"template":"","meta":[],"product_brand":[],"product_cat":[230,229,228,301,306,231,224,225,227,226,232,313,314,317,316],"product_tag":[],"class_list":{"0":"post-5150","1":"product","2":"type-product","3":"status-publish","4":"has-post-thumbnail","6":"product_cat-ambu-baby-accessoires","7":"product_cat-ambu-junior-accessoires","8":"product_cat-ambu-man-accessoiries","9":"product_cat-ambu-man-school-accessoires","10":"product_cat-autres-articles","11":"product_cat-brayden-accessoires","12":"product_cat-laerdal-accessoires","13":"product_cat-laerdal-baby-qcpr-accessoires","14":"product_cat-laerdal-little-anne-qcpr-accessoires","15":"product_cat-laerdal-little-junior-qcpr-accessoires","16":"product_cat-laerdal-resusci-qcpr-accessoiries","17":"product_cat-prestan-mannequin-adulte-accessoires","18":"product_cat-prestan-mannequin-baby-accessoires","19":"product_cat-prestan-mannequin-enfant-accessoires-prestan-mannequin-enfant","20":"product_cat-prestan-mannequin-enfant-accessoires","22":"first","23":"instock","24":"taxable","25":"shipping-taxable","26":"purchasable","27":"product-type-simple"},"bundled_by":[],"bundle_stock_status":"instock","bundle_stock_quantity":null,"bundle_virtual":false,"bundle_layout":"","bundle_add_to_cart_form_location":"","bundle_editable_in_cart":false,"bundle_sold_individually_context":"","bundle_item_grouping":"","bundle_min_size":"","bundle_max_size":"","bundle_price":[],"bundled_items":[],"bundle_sell_ids":[],"_links":{"self":[{"href":"https:\/\/www.defibsolutions.fr\/boutique\/wp-json\/wp\/v2\/product\/5150","targetHints":{"allow":["GET"]}}],"collection":[{"href":"https:\/\/www.defibsolutions.fr\/boutique\/wp-json\/wp\/v2\/product"}],"about":[{"href":"https:\/\/www.defibsolutions.fr\/boutique\/wp-json\/wp\/v2\/types\/product"}],"wp:featuredmedia":[{"embeddable":true,"href":"https:\/\/www.defibsolutions.fr\/boutique\/wp-json\/wp\/v2\/media\/7026"}],"wp:attachment":[{"href":"https:\/\/www.defibsolutions.fr\/boutique\/wp-json\/wp\/v2\/media?parent=5150"}],"wp:term":[{"taxonomy":"product_brand","embeddable":true,"href":"https:\/\/www.defibsolutions.fr\/boutique\/wp-json\/wp\/v2\/product_brand?post=5150"},{"taxonomy":"product_cat","embeddable":true,"href":"https:\/\/www.defibsolutions.fr\/boutique\/wp-json\/wp\/v2\/product_cat?post=5150"},{"taxonomy":"product_tag","embeddable":true,"href":"https:\/\/www.defibsolutions.fr\/boutique\/wp-json\/wp\/v2\/product_tag?post=5150"}],"curies":[{"name":"wp","href":"https:\/\/api.w.org\/{rel}","templated":true}]}}