{"id":5094,"date":"2021-03-02T10:54:39","date_gmt":"2021-03-02T08:54:39","guid":{"rendered":"https:\/\/www.defibsolutions.fr\/boutique\/?post_type=product&#038;p=5094"},"modified":"2025-05-21T10:08:19","modified_gmt":"2025-05-21T08:08:19","slug":"schiller-electrodes-adultes-pre-connectees-fred-easy-port-fred-pa-1-avec-badge-rfid","status":"publish","type":"product","link":"https:\/\/www.defibsolutions.fr\/boutique\/shop\/schiller-electrodes-adultes-pre-connectees-fred-easy-port-fred-pa-1-avec-badge-rfid\/","title":{"rendered":"Schiller \u00e9lectrodes adultes pr\u00e9-connect\u00e9es Fred Easy Port \/ Fred PA-1 avec badge RFID"},"content":{"rendered":"<p>\u00c9lectrodes adultes compatibles avec le d\u00e9fibrillateur Schiller \u00ab\u00a0Fred PA-1\u00a0\u00bb| et\u00a0le moniteur d\u00e9fibrillateur Schiller \u00ab\u00a0Defigard Touch 7\u00a0\u00bb (entre autres).<\/p>\n<p><b>D\u00e9tails du produit :<\/b><b><br \/>\n<\/b>\u2013 1 paire d\u2019\u00e9lectrodes<br \/>\n\u2013 date de p\u00e9remption 2.5 ans \u2013 3 ans<br \/>\n\u2013 r\u00e9f. <span style=\"font-weight: 400;\">SC-0-21-0040<\/span><\/p>\n","protected":false},"excerpt":{"rendered":"<p>\u00c9lectrodes adultes compatibles avec le d\u00e9fibrillateur Schiller \u00ab\u00a0Fred PA-1\u00a0\u00bb| et\u00a0le moniteur d\u00e9fibrillateur Schiller \u00ab\u00a0Defigard Touch 7\u00a0\u00bb (entre autres). D\u00e9tails du<\/p>\n","protected":false},"featured_media":6990,"template":"","meta":[],"product_brand":[],"product_cat":[263,320,328],"product_tag":[],"class_list":{"0":"post-5094","1":"product","2":"type-product","3":"status-publish","4":"has-post-thumbnail","6":"product_cat-accessoires-dae","7":"product_cat-grille-tarifaire","8":"product_cat-schiller-fred-pa-1-accessoires","9":"pa_fabricant-schiller","11":"first","12":"instock","13":"taxable","14":"shipping-taxable","15":"purchasable","16":"product-type-simple"},"bundled_by":[],"bundle_stock_status":"instock","bundle_stock_quantity":null,"bundle_virtual":false,"bundle_layout":"","bundle_add_to_cart_form_location":"","bundle_editable_in_cart":false,"bundle_sold_individually_context":"","bundle_item_grouping":"","bundle_min_size":"","bundle_max_size":"","bundle_price":[],"bundled_items":[],"bundle_sell_ids":[],"_links":{"self":[{"href":"https:\/\/www.defibsolutions.fr\/boutique\/wp-json\/wp\/v2\/product\/5094","targetHints":{"allow":["GET"]}}],"collection":[{"href":"https:\/\/www.defibsolutions.fr\/boutique\/wp-json\/wp\/v2\/product"}],"about":[{"href":"https:\/\/www.defibsolutions.fr\/boutique\/wp-json\/wp\/v2\/types\/product"}],"wp:featuredmedia":[{"embeddable":true,"href":"https:\/\/www.defibsolutions.fr\/boutique\/wp-json\/wp\/v2\/media\/6990"}],"wp:attachment":[{"href":"https:\/\/www.defibsolutions.fr\/boutique\/wp-json\/wp\/v2\/media?parent=5094"}],"wp:term":[{"taxonomy":"product_brand","embeddable":true,"href":"https:\/\/www.defibsolutions.fr\/boutique\/wp-json\/wp\/v2\/product_brand?post=5094"},{"taxonomy":"product_cat","embeddable":true,"href":"https:\/\/www.defibsolutions.fr\/boutique\/wp-json\/wp\/v2\/product_cat?post=5094"},{"taxonomy":"product_tag","embeddable":true,"href":"https:\/\/www.defibsolutions.fr\/boutique\/wp-json\/wp\/v2\/product_tag?post=5094"}],"curies":[{"name":"wp","href":"https:\/\/api.w.org\/{rel}","templated":true}]}}