{"id":5091,"date":"2021-03-02T10:41:10","date_gmt":"2021-03-02T08:41:10","guid":{"rendered":"https:\/\/www.defibsolutions.fr\/boutique\/?post_type=product&#038;p=5091"},"modified":"2025-01-28T12:52:37","modified_gmt":"2025-01-28T10:52:37","slug":"schiller-electrodes-pediatriques-fred-easy-port-fred-pa-1","status":"publish","type":"product","link":"https:\/\/www.defibsolutions.fr\/boutique\/shop\/schiller-electrodes-pediatriques-fred-easy-port-fred-pa-1\/","title":{"rendered":"Schiller \u00e9lectrodes p\u00e9diatriques Fred Easy Port \/ Fred PA-1"},"content":{"rendered":"<p><b>\u00c9lectrodes p\u00e9diatriques compatibles avec le d\u00e9fibrillateur Schiller Fred Easy Port et le Fred PA-1.<\/b><\/p>\n<p><b>D\u00e9tails du produit :<\/b><b><br \/>\n<\/b>\u2013 1 paire d\u2019\u00e9lectrodes<br \/>\n\u2013 date de p\u00e9remption 2.5 ans \u2013 3 ans<br \/>\n\u2013 r\u00e9f. <span style=\"font-weight: 400;\">SC-0-21-0045<\/span><\/p>\n","protected":false},"excerpt":{"rendered":"<p>\u00c9lectrodes p\u00e9diatriques compatibles avec le d\u00e9fibrillateur Schiller Fred Easy Port et le Fred PA-1. D\u00e9tails du produit : \u2013 1<\/p>\n","protected":false},"featured_media":5092,"template":"","meta":[],"product_brand":[],"product_cat":[263,320,327,328],"product_tag":[],"class_list":{"0":"post-5091","1":"product","2":"type-product","3":"status-publish","4":"has-post-thumbnail","6":"product_cat-accessoires-dae","7":"product_cat-grille-tarifaire","8":"product_cat-schiller-fred-easy-port-accessoires","9":"product_cat-schiller-fred-pa-1-accessoires","10":"pa_fabricant-schiller","12":"first","13":"instock","14":"taxable","15":"shipping-taxable","16":"purchasable","17":"product-type-simple"},"bundled_by":[],"bundle_stock_status":"instock","bundle_stock_quantity":null,"bundle_virtual":false,"bundle_layout":"","bundle_add_to_cart_form_location":"","bundle_editable_in_cart":false,"bundle_sold_individually_context":"","bundle_item_grouping":"","bundle_min_size":"","bundle_max_size":"","bundle_price":[],"bundled_items":[],"bundle_sell_ids":[],"_links":{"self":[{"href":"https:\/\/www.defibsolutions.fr\/boutique\/wp-json\/wp\/v2\/product\/5091","targetHints":{"allow":["GET"]}}],"collection":[{"href":"https:\/\/www.defibsolutions.fr\/boutique\/wp-json\/wp\/v2\/product"}],"about":[{"href":"https:\/\/www.defibsolutions.fr\/boutique\/wp-json\/wp\/v2\/types\/product"}],"wp:featuredmedia":[{"embeddable":true,"href":"https:\/\/www.defibsolutions.fr\/boutique\/wp-json\/wp\/v2\/media\/5092"}],"wp:attachment":[{"href":"https:\/\/www.defibsolutions.fr\/boutique\/wp-json\/wp\/v2\/media?parent=5091"}],"wp:term":[{"taxonomy":"product_brand","embeddable":true,"href":"https:\/\/www.defibsolutions.fr\/boutique\/wp-json\/wp\/v2\/product_brand?post=5091"},{"taxonomy":"product_cat","embeddable":true,"href":"https:\/\/www.defibsolutions.fr\/boutique\/wp-json\/wp\/v2\/product_cat?post=5091"},{"taxonomy":"product_tag","embeddable":true,"href":"https:\/\/www.defibsolutions.fr\/boutique\/wp-json\/wp\/v2\/product_tag?post=5091"}],"curies":[{"name":"wp","href":"https:\/\/api.w.org\/{rel}","templated":true}]}}