{"id":5085,"date":"2021-03-02T10:05:48","date_gmt":"2021-03-02T08:05:48","guid":{"rendered":"https:\/\/www.defibsolutions.fr\/boutique\/?post_type=product&#038;p=5085"},"modified":"2025-12-11T16:38:22","modified_gmt":"2025-12-11T14:38:22","slug":"schiller-electrodes-pediatriques-fred-easy","status":"publish","type":"product","link":"https:\/\/www.defibsolutions.fr\/boutique\/shop\/schiller-electrodes-pediatriques-fred-easy\/","title":{"rendered":"Schiller \u00e9lectrodes p\u00e9diatriques Fred Easy"},"content":{"rendered":"<p><b>\u00c9lectrodes p\u00e9diatriques compatibles avec le d\u00e9fibrillateur Schiller\u00a0 Fred Easy \/ Fred Easy Life &amp; Skity.<\/b><\/p>\n<p><b>D\u00e9tails du produit :<\/b><b><br \/>\n<\/b>&#8211; 1 paire d\u2019\u00e9lectrodes<br \/>\n&#8211; date de p\u00e9remption 2.5 ans &#8211; 3 ans<br \/>\n&#8211; r\u00e9f. <span style=\"font-weight: 400;\">SC-0-21-0037<br \/>\n<\/span><span style=\"font-weight: 400;\">&#8211; compatibles avec DG6002, DG5000, DG4000<\/span><\/p>\n","protected":false},"excerpt":{"rendered":"<p>\u00c9lectrodes p\u00e9diatriques compatibles avec le d\u00e9fibrillateur Schiller\u00a0 Fred Easy \/ Fred Easy Life &amp; Skity. D\u00e9tails du produit : &#8211;<\/p>\n","protected":false},"featured_media":5086,"template":"","meta":[],"product_brand":[],"product_cat":[263,320,326],"product_tag":[],"class_list":{"0":"post-5085","1":"product","2":"type-product","3":"status-publish","4":"has-post-thumbnail","6":"product_cat-accessoires-dae","7":"product_cat-grille-tarifaire","8":"product_cat-schiller-fred-easy-accessoires","9":"pa_fabricant-schiller","11":"first","12":"instock","13":"taxable","14":"shipping-taxable","15":"purchasable","16":"product-type-simple"},"bundled_by":[],"bundle_stock_status":"instock","bundle_stock_quantity":null,"bundle_virtual":false,"bundle_layout":"","bundle_add_to_cart_form_location":"","bundle_editable_in_cart":false,"bundle_sold_individually_context":"","bundle_item_grouping":"","bundle_min_size":"","bundle_max_size":"","bundle_price":[],"bundled_items":[],"bundle_sell_ids":[],"_links":{"self":[{"href":"https:\/\/www.defibsolutions.fr\/boutique\/wp-json\/wp\/v2\/product\/5085","targetHints":{"allow":["GET"]}}],"collection":[{"href":"https:\/\/www.defibsolutions.fr\/boutique\/wp-json\/wp\/v2\/product"}],"about":[{"href":"https:\/\/www.defibsolutions.fr\/boutique\/wp-json\/wp\/v2\/types\/product"}],"wp:featuredmedia":[{"embeddable":true,"href":"https:\/\/www.defibsolutions.fr\/boutique\/wp-json\/wp\/v2\/media\/5086"}],"wp:attachment":[{"href":"https:\/\/www.defibsolutions.fr\/boutique\/wp-json\/wp\/v2\/media?parent=5085"}],"wp:term":[{"taxonomy":"product_brand","embeddable":true,"href":"https:\/\/www.defibsolutions.fr\/boutique\/wp-json\/wp\/v2\/product_brand?post=5085"},{"taxonomy":"product_cat","embeddable":true,"href":"https:\/\/www.defibsolutions.fr\/boutique\/wp-json\/wp\/v2\/product_cat?post=5085"},{"taxonomy":"product_tag","embeddable":true,"href":"https:\/\/www.defibsolutions.fr\/boutique\/wp-json\/wp\/v2\/product_tag?post=5085"}],"curies":[{"name":"wp","href":"https:\/\/api.w.org\/{rel}","templated":true}]}}