{"id":5065,"date":"2021-03-01T14:36:23","date_gmt":"2021-03-01T12:36:23","guid":{"rendered":"https:\/\/www.defibsolutions.fr\/boutique\/?post_type=product&#038;p=5065"},"modified":"2023-07-07T15:24:04","modified_gmt":"2023-07-07T13:24:04","slug":"zoll-sac-a-dos-de-transport-pour-zoll-aed-plus-et-zoll-aed3","status":"publish","type":"product","link":"https:\/\/www.defibsolutions.fr\/boutique\/shop\/zoll-sac-a-dos-de-transport-pour-zoll-aed-plus-et-zoll-aed3\/","title":{"rendered":"Zoll sac \u00e0 dos de transport pour Zoll AED Plus et Zoll AED3"},"content":{"rendered":"<p>Le sac \u00e0 dos de transport pour les d\u00e9fibrillateurs Zoll est la solution id\u00e9ale pour les \u00e9quipes de sauvetage, les \u00e9quipes de cyclistes et les premiers intervenants.<\/p>\n<p>A utiliser avec le Zoll AED3 et le Zoll AED Plus.<\/p>\n","protected":false},"excerpt":{"rendered":"<p>Le sac \u00e0 dos de transport pour les d\u00e9fibrillateurs Zoll est la solution id\u00e9ale pour les \u00e9quipes de sauvetage, les<\/p>\n","protected":false},"featured_media":5072,"template":"","meta":[],"product_brand":[],"product_cat":[263,80,79,72],"product_tag":[],"class_list":{"0":"post-5065","1":"product","2":"type-product","3":"status-publish","4":"has-post-thumbnail","6":"product_cat-accessoires-dae","7":"product_cat-zoll-aed-3-accessoires","8":"product_cat-zoll-aed-plus-accessoires","9":"product_cat-zoll","10":"pa_fabricant-zoll","12":"first","13":"instock","14":"taxable","15":"shipping-taxable","16":"purchasable","17":"product-type-simple"},"bundled_by":[],"bundle_stock_status":"instock","bundle_stock_quantity":null,"bundle_virtual":false,"bundle_layout":"","bundle_add_to_cart_form_location":"","bundle_editable_in_cart":false,"bundle_sold_individually_context":"","bundle_item_grouping":"","bundle_min_size":"","bundle_max_size":"","bundle_price":[],"bundled_items":[],"bundle_sell_ids":[],"_links":{"self":[{"href":"https:\/\/www.defibsolutions.fr\/boutique\/wp-json\/wp\/v2\/product\/5065","targetHints":{"allow":["GET"]}}],"collection":[{"href":"https:\/\/www.defibsolutions.fr\/boutique\/wp-json\/wp\/v2\/product"}],"about":[{"href":"https:\/\/www.defibsolutions.fr\/boutique\/wp-json\/wp\/v2\/types\/product"}],"wp:featuredmedia":[{"embeddable":true,"href":"https:\/\/www.defibsolutions.fr\/boutique\/wp-json\/wp\/v2\/media\/5072"}],"wp:attachment":[{"href":"https:\/\/www.defibsolutions.fr\/boutique\/wp-json\/wp\/v2\/media?parent=5065"}],"wp:term":[{"taxonomy":"product_brand","embeddable":true,"href":"https:\/\/www.defibsolutions.fr\/boutique\/wp-json\/wp\/v2\/product_brand?post=5065"},{"taxonomy":"product_cat","embeddable":true,"href":"https:\/\/www.defibsolutions.fr\/boutique\/wp-json\/wp\/v2\/product_cat?post=5065"},{"taxonomy":"product_tag","embeddable":true,"href":"https:\/\/www.defibsolutions.fr\/boutique\/wp-json\/wp\/v2\/product_tag?post=5065"}],"curies":[{"name":"wp","href":"https:\/\/api.w.org\/{rel}","templated":true}]}}