{"id":4897,"date":"2021-02-02T12:22:56","date_gmt":"2021-02-02T10:22:56","guid":{"rendered":"https:\/\/www.defibsolutions.fr\/boutique\/?post_type=product&#038;p=4897"},"modified":"2021-02-02T12:22:56","modified_gmt":"2021-02-02T10:22:56","slug":"oxymetre-saturometre-m70-biolight","status":"publish","type":"product","link":"https:\/\/www.defibsolutions.fr\/boutique\/shop\/oxymetre-saturometre-m70-biolight\/","title":{"rendered":"Oxym\u00e8tre saturom\u00e8tre M70 Biolight"},"content":{"rendered":"<p>Oxym\u00e8tre\u00a0 M70 mesure la fr\u00e9quence cardiaque et la saturation en oxyg\u00e8ne du sang d&#8217;une personne. On la mesure en pla\u00e7ant l&#8217;appareil sur le bout du doigt. Lorsque l&#8217;appareil n&#8217;est pas utilis\u00e9, il s&#8217;\u00e9teint automatiquement. L&#8217;appareil ne p\u00e8se que 50 grammes avec piles. Il est fiable et tr\u00e8s pr\u00e9cis :capteur SPO2 2%. L&#8217;\u00e9cran affiche la fr\u00e9quence du pouls SPO2, la fr\u00e9quence cardiaque, la capacit\u00e9 de la batterie.<\/p>\n<p>L&#8217;oxym\u00e8tre est alliment\u00e9 par 2 piles AAA.<br \/>\nDimensions : 57 x 33 x 30 mm<\/p>\n","protected":false},"excerpt":{"rendered":"<p>Oxym\u00e8tre\u00a0 M70 mesure la fr\u00e9quence cardiaque et la saturation en oxyg\u00e8ne du sang d&#8217;une personne. On la mesure en pla\u00e7ant<\/p>\n","protected":false},"featured_media":4898,"template":"","meta":[],"product_brand":[],"product_cat":[306],"product_tag":[],"class_list":{"0":"post-4897","1":"product","2":"type-product","3":"status-publish","4":"has-post-thumbnail","6":"product_cat-autres-articles","7":"pa_fabricant-biolight","9":"first","10":"instock","11":"taxable","12":"shipping-taxable","13":"purchasable","14":"product-type-simple"},"bundled_by":[],"bundle_stock_status":"instock","bundle_stock_quantity":null,"bundle_virtual":false,"bundle_layout":"","bundle_add_to_cart_form_location":"","bundle_editable_in_cart":false,"bundle_sold_individually_context":"","bundle_item_grouping":"","bundle_min_size":"","bundle_max_size":"","bundle_price":[],"bundled_items":[],"bundle_sell_ids":[],"_links":{"self":[{"href":"https:\/\/www.defibsolutions.fr\/boutique\/wp-json\/wp\/v2\/product\/4897","targetHints":{"allow":["GET"]}}],"collection":[{"href":"https:\/\/www.defibsolutions.fr\/boutique\/wp-json\/wp\/v2\/product"}],"about":[{"href":"https:\/\/www.defibsolutions.fr\/boutique\/wp-json\/wp\/v2\/types\/product"}],"wp:featuredmedia":[{"embeddable":true,"href":"https:\/\/www.defibsolutions.fr\/boutique\/wp-json\/wp\/v2\/media\/4898"}],"wp:attachment":[{"href":"https:\/\/www.defibsolutions.fr\/boutique\/wp-json\/wp\/v2\/media?parent=4897"}],"wp:term":[{"taxonomy":"product_brand","embeddable":true,"href":"https:\/\/www.defibsolutions.fr\/boutique\/wp-json\/wp\/v2\/product_brand?post=4897"},{"taxonomy":"product_cat","embeddable":true,"href":"https:\/\/www.defibsolutions.fr\/boutique\/wp-json\/wp\/v2\/product_cat?post=4897"},{"taxonomy":"product_tag","embeddable":true,"href":"https:\/\/www.defibsolutions.fr\/boutique\/wp-json\/wp\/v2\/product_tag?post=4897"}],"curies":[{"name":"wp","href":"https:\/\/api.w.org\/{rel}","templated":true}]}}