{"id":4878,"date":"2021-02-01T17:24:39","date_gmt":"2021-02-01T15:24:39","guid":{"rendered":"https:\/\/www.defibsolutions.fr\/boutique\/?post_type=product&#038;p=4878"},"modified":"2026-04-08T12:51:57","modified_gmt":"2026-04-08T10:51:57","slug":"laerdal-mini-anne-plus-lot-de-10","status":"publish","type":"product","link":"https:\/\/www.defibsolutions.fr\/boutique\/shop\/laerdal-mini-anne-plus-lot-de-10\/","title":{"rendered":"Laerdal Mini Anne Plus (lot de 10)"},"content":{"rendered":"<p>En moins d&#8217;une heure, vous pouvez enseigner un grand groupe (organisations et \u00e9coles) la RCP et l&#8217;utilisation d&#8217;un d\u00e9fibrillateur :<\/p>\n<ul>\n<li>Apprendre aux \u00e9tudiants \u00e0 reconna\u00eetre un arr\u00eat cardiaque<\/li>\n<li>Apprendre aux \u00e9l\u00e8ves \u00e0 pratiquer correctement la RCP<\/li>\n<li>Expliquer comment fonctionnent les d\u00e9fibrillateurs accessibles au public<\/li>\n<\/ul>\n<p>Le mannequin Laerdal Mini Anne Plus est r\u00e9utilisable,\u00a0 hygi\u00e9nique et facile \u00e0 transporter.<\/p>\n<p><strong>Contenu du colis :<\/strong><\/p>\n<ul>\n<li>Lot de 10 mannequins Mini Anne r\u00e9utilisables<\/li>\n<li>10 pompes facile \u00e0 utiliser pour un gonflage hygi\u00e9nique<\/li>\n<li>10 tapis de sol<\/li>\n<li>1 sac de transport<\/li>\n<li>50 voies respiratoires<\/li>\n<li>10 masques faciaux<\/li>\n<li>50 lingettes d\u00e9sinfectantes<\/li>\n<\/ul>\n","protected":false},"excerpt":{"rendered":"<p>En moins d&#8217;une heure, vous pouvez enseigner un grand groupe (organisations et \u00e9coles) la RCP et l&#8217;utilisation d&#8217;un d\u00e9fibrillateur :<\/p>\n","protected":false},"featured_media":4879,"template":"","meta":[],"product_brand":[],"product_cat":[214,307],"product_tag":[],"class_list":{"0":"post-4878","1":"product","2":"type-product","3":"status-publish","4":"has-post-thumbnail","6":"product_cat-laerdal-mannequins","7":"product_cat-laerdal-mini-anne","8":"pa_fabricant-laerdal","10":"first","11":"instock","12":"taxable","13":"shipping-taxable","14":"purchasable","15":"product-type-simple"},"bundled_by":[],"bundle_stock_status":"instock","bundle_stock_quantity":null,"bundle_virtual":false,"bundle_layout":"","bundle_add_to_cart_form_location":"","bundle_editable_in_cart":false,"bundle_sold_individually_context":"","bundle_item_grouping":"","bundle_min_size":"","bundle_max_size":"","bundle_price":[],"bundled_items":[],"bundle_sell_ids":[],"_links":{"self":[{"href":"https:\/\/www.defibsolutions.fr\/boutique\/wp-json\/wp\/v2\/product\/4878","targetHints":{"allow":["GET"]}}],"collection":[{"href":"https:\/\/www.defibsolutions.fr\/boutique\/wp-json\/wp\/v2\/product"}],"about":[{"href":"https:\/\/www.defibsolutions.fr\/boutique\/wp-json\/wp\/v2\/types\/product"}],"wp:featuredmedia":[{"embeddable":true,"href":"https:\/\/www.defibsolutions.fr\/boutique\/wp-json\/wp\/v2\/media\/4879"}],"wp:attachment":[{"href":"https:\/\/www.defibsolutions.fr\/boutique\/wp-json\/wp\/v2\/media?parent=4878"}],"wp:term":[{"taxonomy":"product_brand","embeddable":true,"href":"https:\/\/www.defibsolutions.fr\/boutique\/wp-json\/wp\/v2\/product_brand?post=4878"},{"taxonomy":"product_cat","embeddable":true,"href":"https:\/\/www.defibsolutions.fr\/boutique\/wp-json\/wp\/v2\/product_cat?post=4878"},{"taxonomy":"product_tag","embeddable":true,"href":"https:\/\/www.defibsolutions.fr\/boutique\/wp-json\/wp\/v2\/product_tag?post=4878"}],"curies":[{"name":"wp","href":"https:\/\/api.w.org\/{rel}","templated":true}]}}