{"id":4868,"date":"2021-02-01T16:40:24","date_gmt":"2021-02-01T14:40:24","guid":{"rendered":"https:\/\/www.defibsolutions.fr\/boutique\/?post_type=product&#038;p=4868"},"modified":"2026-01-15T14:43:06","modified_gmt":"2026-01-15T12:43:06","slug":"laerdal-mini-anne-global","status":"publish","type":"product","link":"https:\/\/www.defibsolutions.fr\/boutique\/shop\/laerdal-mini-anne-global\/","title":{"rendered":"Laerdal Mini Anne Global"},"content":{"rendered":"<p><span style=\"font-weight: 400;\">Le mannequin de formation Mini Anne Global, pour apprendre les gestes qui sauvent une vie en 30 minutes ! Ce mannequin de formation est con\u00e7u pour une utilisation individuelle. Le kit Mini Anne Global comprend un mannequin gonflable avec un s\u00e9lecteur de compression pour adulte \/ enfant int\u00e9gr\u00e9 ainsi qu&#8217;un simulateur DAE. Avec la vid\u00e9o d&#8217;instructions gratuite, c&#8217;est le moyen id\u00e9al pour apprendre la RCP en toute s\u00e9curit\u00e9 chez soi.<\/span><\/p>\n<p>&nbsp;<\/p>\n","protected":false},"excerpt":{"rendered":"<p>Le mannequin de formation Mini Anne Global, pour apprendre les gestes qui sauvent une vie en 30 minutes ! Ce<\/p>\n","protected":false},"featured_media":7023,"template":"","meta":[],"product_brand":[],"product_cat":[214,307],"product_tag":[],"class_list":{"0":"post-4868","1":"product","2":"type-product","3":"status-publish","4":"has-post-thumbnail","6":"product_cat-laerdal-mannequins","7":"product_cat-laerdal-mini-anne","8":"pa_fabricant-laerdal","10":"first","11":"instock","12":"taxable","13":"shipping-taxable","14":"purchasable","15":"product-type-simple"},"bundled_by":[],"bundle_stock_status":"instock","bundle_stock_quantity":null,"bundle_virtual":false,"bundle_layout":"","bundle_add_to_cart_form_location":"","bundle_editable_in_cart":false,"bundle_sold_individually_context":"","bundle_item_grouping":"","bundle_min_size":"","bundle_max_size":"","bundle_price":[],"bundled_items":[],"bundle_sell_ids":[],"_links":{"self":[{"href":"https:\/\/www.defibsolutions.fr\/boutique\/wp-json\/wp\/v2\/product\/4868","targetHints":{"allow":["GET"]}}],"collection":[{"href":"https:\/\/www.defibsolutions.fr\/boutique\/wp-json\/wp\/v2\/product"}],"about":[{"href":"https:\/\/www.defibsolutions.fr\/boutique\/wp-json\/wp\/v2\/types\/product"}],"wp:featuredmedia":[{"embeddable":true,"href":"https:\/\/www.defibsolutions.fr\/boutique\/wp-json\/wp\/v2\/media\/7023"}],"wp:attachment":[{"href":"https:\/\/www.defibsolutions.fr\/boutique\/wp-json\/wp\/v2\/media?parent=4868"}],"wp:term":[{"taxonomy":"product_brand","embeddable":true,"href":"https:\/\/www.defibsolutions.fr\/boutique\/wp-json\/wp\/v2\/product_brand?post=4868"},{"taxonomy":"product_cat","embeddable":true,"href":"https:\/\/www.defibsolutions.fr\/boutique\/wp-json\/wp\/v2\/product_cat?post=4868"},{"taxonomy":"product_tag","embeddable":true,"href":"https:\/\/www.defibsolutions.fr\/boutique\/wp-json\/wp\/v2\/product_tag?post=4868"}],"curies":[{"name":"wp","href":"https:\/\/api.w.org\/{rel}","templated":true}]}}