{"id":4848,"date":"2021-02-01T14:38:20","date_gmt":"2021-02-01T12:38:20","guid":{"rendered":"https:\/\/www.defibsolutions.fr\/boutique\/?post_type=product&#038;p=4848"},"modified":"2025-07-21T20:10:37","modified_gmt":"2025-07-21T18:10:37","slug":"physio-control-lifepak-quik-combo-test-plug","status":"publish","type":"product","link":"https:\/\/www.defibsolutions.fr\/boutique\/shop\/physio-control-lifepak-quik-combo-test-plug\/","title":{"rendered":"Physio Control Lifepak Quik Combo test plug"},"content":{"rendered":"<p>Le test plug de Physio-Control\u00a0 se connecte au c\u00e2ble QUIK-COMBO pour tester l&#8217;int\u00e9grit\u00e9 du c\u00e2ble.<\/p>\n","protected":false},"excerpt":{"rendered":"<p>Le test plug de Physio-Control\u00a0 se connecte au c\u00e2ble QUIK-COMBO pour tester l&#8217;int\u00e9grit\u00e9 du c\u00e2ble.<\/p>\n","protected":false},"featured_media":4850,"template":"","meta":[],"product_brand":[],"product_cat":[87,286,68],"product_tag":[],"class_list":{"0":"post-4848","1":"product","2":"type-product","3":"status-publish","4":"has-post-thumbnail","6":"product_cat-lifepak-1000-accessoires","7":"product_cat-lifepak-15-accessoires","8":"product_cat-physio-control","9":"pa_fabricant-physio-control","11":"first","12":"instock","13":"taxable","14":"shipping-taxable","15":"product-type-simple"},"bundled_by":[],"bundle_stock_status":"instock","bundle_stock_quantity":null,"bundle_virtual":false,"bundle_layout":"","bundle_add_to_cart_form_location":"","bundle_editable_in_cart":false,"bundle_sold_individually_context":"","bundle_item_grouping":"","bundle_min_size":"","bundle_max_size":"","bundle_price":[],"bundled_items":[],"bundle_sell_ids":[],"_links":{"self":[{"href":"https:\/\/www.defibsolutions.fr\/boutique\/wp-json\/wp\/v2\/product\/4848","targetHints":{"allow":["GET"]}}],"collection":[{"href":"https:\/\/www.defibsolutions.fr\/boutique\/wp-json\/wp\/v2\/product"}],"about":[{"href":"https:\/\/www.defibsolutions.fr\/boutique\/wp-json\/wp\/v2\/types\/product"}],"wp:featuredmedia":[{"embeddable":true,"href":"https:\/\/www.defibsolutions.fr\/boutique\/wp-json\/wp\/v2\/media\/4850"}],"wp:attachment":[{"href":"https:\/\/www.defibsolutions.fr\/boutique\/wp-json\/wp\/v2\/media?parent=4848"}],"wp:term":[{"taxonomy":"product_brand","embeddable":true,"href":"https:\/\/www.defibsolutions.fr\/boutique\/wp-json\/wp\/v2\/product_brand?post=4848"},{"taxonomy":"product_cat","embeddable":true,"href":"https:\/\/www.defibsolutions.fr\/boutique\/wp-json\/wp\/v2\/product_cat?post=4848"},{"taxonomy":"product_tag","embeddable":true,"href":"https:\/\/www.defibsolutions.fr\/boutique\/wp-json\/wp\/v2\/product_tag?post=4848"}],"curies":[{"name":"wp","href":"https:\/\/api.w.org\/{rel}","templated":true}]}}