{"id":4840,"date":"2021-02-01T13:29:43","date_gmt":"2021-02-01T11:29:43","guid":{"rendered":"https:\/\/www.defibsolutions.fr\/boutique\/?post_type=product&#038;p=4840"},"modified":"2023-04-26T14:26:15","modified_gmt":"2023-04-26T12:26:15","slug":"philips-heartstart-adapteur-interne-hs1-et-frx-trainer","status":"publish","type":"product","link":"https:\/\/www.defibsolutions.fr\/boutique\/shop\/philips-heartstart-adapteur-interne-hs1-et-frx-trainer\/","title":{"rendered":"Philips Heartstart adapteur interne HS1 et FRx trainer"},"content":{"rendered":"<p>Un adapteur interne constitu\u00e9 de 2 \u00e9lectrodes qui doivent \u00eatre coll\u00e9es sur la partie interne de la peau de thorax du mannequin de formation.<\/p>\n<p><strong>Utilis\u00e9 avec :<\/strong><br \/>\n&#8211; le mannequin de formation Laerdal Little Anne<br \/>\n&#8211; le mannequin de formation Laerdal Little Anne QCPR<br \/>\n&#8211; Philips Heartstart FRx trainer<br \/>\n&#8211; Philips Heartstart HS1 trainer<\/p>\n<p>&nbsp;<\/p>\n","protected":false},"excerpt":{"rendered":"<p>Un adapteur interne constitu\u00e9 de 2 \u00e9lectrodes qui doivent \u00eatre coll\u00e9es sur la partie interne de la peau de thorax<\/p>\n","protected":false},"featured_media":4841,"template":"","meta":[],"product_brand":[],"product_cat":[243,252],"product_tag":[],"class_list":{"0":"post-4840","1":"product","2":"type-product","3":"status-publish","4":"has-post-thumbnail","6":"product_cat-consommables-trainers","7":"product_cat-philips-consommables-trainers","9":"first","10":"instock","11":"taxable","12":"shipping-taxable","13":"purchasable","14":"product-type-simple"},"bundled_by":[],"bundle_stock_status":"instock","bundle_stock_quantity":null,"bundle_virtual":false,"bundle_layout":"","bundle_add_to_cart_form_location":"","bundle_editable_in_cart":false,"bundle_sold_individually_context":"","bundle_item_grouping":"","bundle_min_size":"","bundle_max_size":"","bundle_price":[],"bundled_items":[],"bundle_sell_ids":[],"_links":{"self":[{"href":"https:\/\/www.defibsolutions.fr\/boutique\/wp-json\/wp\/v2\/product\/4840","targetHints":{"allow":["GET"]}}],"collection":[{"href":"https:\/\/www.defibsolutions.fr\/boutique\/wp-json\/wp\/v2\/product"}],"about":[{"href":"https:\/\/www.defibsolutions.fr\/boutique\/wp-json\/wp\/v2\/types\/product"}],"wp:featuredmedia":[{"embeddable":true,"href":"https:\/\/www.defibsolutions.fr\/boutique\/wp-json\/wp\/v2\/media\/4841"}],"wp:attachment":[{"href":"https:\/\/www.defibsolutions.fr\/boutique\/wp-json\/wp\/v2\/media?parent=4840"}],"wp:term":[{"taxonomy":"product_brand","embeddable":true,"href":"https:\/\/www.defibsolutions.fr\/boutique\/wp-json\/wp\/v2\/product_brand?post=4840"},{"taxonomy":"product_cat","embeddable":true,"href":"https:\/\/www.defibsolutions.fr\/boutique\/wp-json\/wp\/v2\/product_cat?post=4840"},{"taxonomy":"product_tag","embeddable":true,"href":"https:\/\/www.defibsolutions.fr\/boutique\/wp-json\/wp\/v2\/product_tag?post=4840"}],"curies":[{"name":"wp","href":"https:\/\/api.w.org\/{rel}","templated":true}]}}