{"id":4806,"date":"2021-01-28T10:50:34","date_gmt":"2021-01-28T08:50:34","guid":{"rendered":"https:\/\/www.defibsolutions.fr\/boutique\/?post_type=product&#038;p=4806"},"modified":"2023-06-02T16:14:51","modified_gmt":"2023-06-02T14:14:51","slug":"10-mannequins-de-secourisme-ambu-man-school","status":"publish","type":"product","link":"https:\/\/www.defibsolutions.fr\/boutique\/shop\/10-mannequins-de-secourisme-ambu-man-school\/","title":{"rendered":"10 Mannequins de secourisme Ambu Man School"},"content":{"rendered":"<p>Le AmbuMan School est un mannequin de formation qui offre une apparence humaine et permet de r\u00e9aliser une formation RCP conforme aux derni\u00e8res recommandations. Le mannequin de secourisme est propos\u00e9 par lot de 10 mannequins.<br \/>\nIl est l\u00e9ger et compact, ce qui facilite le transport et la mise en place<b>.<\/b><\/p>\n<p><span style=\"font-weight: 400;\">Le AmbuMan School peut \u00eatre utilis\u00e9 pour la formation de compression thoracique et de placement des \u00e9lectrodes DAE. Il conserve les caract\u00e9ristiques des mannequins Ambu : un syst\u00e8me hygi\u00e9nique brevet\u00e9 qui garantit que chaque \u00e9tudiant dispose d\u2019une peau de visage et d\u2019un sac d\u2019insufflation, rendant tout nettoyage interne inutile. <\/span><\/p>\n<p><strong>Contenu du colis :<br \/>\n<\/strong>&#8211; 10 mannequins de secourisme AmbuMan School<br \/>\n&#8211; 10 voies respiratoires<br \/>\n&#8211; 10 peaux de visage<br \/>\n&#8211; 10 d\u00e9fibrillateurs factices pour simuler la d\u00e9fibrillation<br \/>\n&#8211; 10 paires d&#8217;\u00e9lectrodes de formation<br \/>\n&#8211; 10 t\u00e9l\u00e9phones portables factices pour simuler les appels d&#8217;urgence<\/p>\n","protected":false},"excerpt":{"rendered":"<p>AmbuMan School (lot de 10 mannequins)<\/p>\n","protected":false},"featured_media":4807,"template":"","meta":[],"product_brand":[],"product_cat":[300,212,211],"product_tag":[],"class_list":{"0":"post-4806","1":"product","2":"type-product","3":"status-publish","4":"has-post-thumbnail","6":"product_cat-ambu-man-school","7":"product_cat-ambu-mannequins","8":"product_cat-mannequins-de-formation","9":"pa_fabricant-ambu","11":"first","12":"instock","13":"taxable","14":"shipping-taxable","15":"purchasable","16":"product-type-simple"},"bundled_by":[],"bundle_stock_status":"instock","bundle_stock_quantity":null,"bundle_virtual":false,"bundle_layout":"","bundle_add_to_cart_form_location":"","bundle_editable_in_cart":false,"bundle_sold_individually_context":"","bundle_item_grouping":"","bundle_min_size":"","bundle_max_size":"","bundle_price":[],"bundled_items":[],"bundle_sell_ids":[],"_links":{"self":[{"href":"https:\/\/www.defibsolutions.fr\/boutique\/wp-json\/wp\/v2\/product\/4806","targetHints":{"allow":["GET"]}}],"collection":[{"href":"https:\/\/www.defibsolutions.fr\/boutique\/wp-json\/wp\/v2\/product"}],"about":[{"href":"https:\/\/www.defibsolutions.fr\/boutique\/wp-json\/wp\/v2\/types\/product"}],"wp:featuredmedia":[{"embeddable":true,"href":"https:\/\/www.defibsolutions.fr\/boutique\/wp-json\/wp\/v2\/media\/4807"}],"wp:attachment":[{"href":"https:\/\/www.defibsolutions.fr\/boutique\/wp-json\/wp\/v2\/media?parent=4806"}],"wp:term":[{"taxonomy":"product_brand","embeddable":true,"href":"https:\/\/www.defibsolutions.fr\/boutique\/wp-json\/wp\/v2\/product_brand?post=4806"},{"taxonomy":"product_cat","embeddable":true,"href":"https:\/\/www.defibsolutions.fr\/boutique\/wp-json\/wp\/v2\/product_cat?post=4806"},{"taxonomy":"product_tag","embeddable":true,"href":"https:\/\/www.defibsolutions.fr\/boutique\/wp-json\/wp\/v2\/product_tag?post=4806"}],"curies":[{"name":"wp","href":"https:\/\/api.w.org\/{rel}","templated":true}]}}