{"id":4793,"date":"2021-01-25T15:51:02","date_gmt":"2021-01-25T13:51:02","guid":{"rendered":"https:\/\/www.defibsolutions.fr\/boutique\/?post_type=product&#038;p=4793"},"modified":"2023-05-17T11:44:37","modified_gmt":"2023-05-17T09:44:37","slug":"support-flacon-a-eau-pour-aspirateur-laerdal-lsu","status":"publish","type":"product","link":"https:\/\/www.defibsolutions.fr\/boutique\/shop\/support-flacon-a-eau-pour-aspirateur-laerdal-lsu\/","title":{"rendered":"Support flacon \u00e0 eau pour aspirateur Laerdal LSU"},"content":{"rendered":"<p>Support flacon \u00e0 eau, utilis\u00e9 avec :<\/p>\n<p>&#8211; <a href=\"https:\/\/www.defibsolutions.fr\/boutique\/shop\/laerdal-aspirateur-de-mucosite-lsu-avec-bocal-reutilisable\/\">Laerdal aspirateur de mucosit\u00e9 (LSU) avec bocal r\u00e9utilisable<\/a><br \/>\n&#8211; <a href=\"https:\/\/www.defibsolutions.fr\/boutique\/shop\/laerdal-aspirateur-de-mucosite-lsu-avec-poches-daspiration-a-usage-unique-serres\/\">Laerdal aspirateur de mucosit\u00e9 (LSU) avec poches d\u2019aspiration \u00e0 usage unique Serres\u00a0<\/a><\/p>\n<p>&nbsp;<\/p>\n<p>&nbsp;<\/p>\n","protected":false},"excerpt":{"rendered":"<p>Support flacon \u00e0 eau, utilis\u00e9 avec : &#8211; Laerdal aspirateur de mucosit\u00e9 (LSU) avec bocal r\u00e9utilisable &#8211; Laerdal aspirateur de<\/p>\n","protected":false},"featured_media":4794,"template":"","meta":[],"product_brand":[],"product_cat":[247],"product_tag":[],"class_list":{"0":"post-4793","1":"product","2":"type-product","3":"status-publish","4":"has-post-thumbnail","6":"product_cat-aspirateurs-de-mucosite","7":"pa_fabricant-laerdal","9":"first","10":"instock","11":"taxable","12":"shipping-taxable","13":"purchasable","14":"product-type-simple"},"bundled_by":[],"bundle_stock_status":"instock","bundle_stock_quantity":null,"bundle_virtual":false,"bundle_layout":"","bundle_add_to_cart_form_location":"","bundle_editable_in_cart":false,"bundle_sold_individually_context":"","bundle_item_grouping":"","bundle_min_size":"","bundle_max_size":"","bundle_price":[],"bundled_items":[],"bundle_sell_ids":[],"_links":{"self":[{"href":"https:\/\/www.defibsolutions.fr\/boutique\/wp-json\/wp\/v2\/product\/4793","targetHints":{"allow":["GET"]}}],"collection":[{"href":"https:\/\/www.defibsolutions.fr\/boutique\/wp-json\/wp\/v2\/product"}],"about":[{"href":"https:\/\/www.defibsolutions.fr\/boutique\/wp-json\/wp\/v2\/types\/product"}],"wp:featuredmedia":[{"embeddable":true,"href":"https:\/\/www.defibsolutions.fr\/boutique\/wp-json\/wp\/v2\/media\/4794"}],"wp:attachment":[{"href":"https:\/\/www.defibsolutions.fr\/boutique\/wp-json\/wp\/v2\/media?parent=4793"}],"wp:term":[{"taxonomy":"product_brand","embeddable":true,"href":"https:\/\/www.defibsolutions.fr\/boutique\/wp-json\/wp\/v2\/product_brand?post=4793"},{"taxonomy":"product_cat","embeddable":true,"href":"https:\/\/www.defibsolutions.fr\/boutique\/wp-json\/wp\/v2\/product_cat?post=4793"},{"taxonomy":"product_tag","embeddable":true,"href":"https:\/\/www.defibsolutions.fr\/boutique\/wp-json\/wp\/v2\/product_tag?post=4793"}],"curies":[{"name":"wp","href":"https:\/\/api.w.org\/{rel}","templated":true}]}}