{"id":4788,"date":"2021-01-25T15:20:49","date_gmt":"2021-01-25T13:20:49","guid":{"rendered":"https:\/\/www.defibsolutions.fr\/boutique\/?post_type=product&#038;p=4788"},"modified":"2025-03-14T08:46:03","modified_gmt":"2025-03-14T06:46:03","slug":"cardiac-science-powerheart-g5-electrodes-pediatriques","status":"publish","type":"product","link":"https:\/\/www.defibsolutions.fr\/boutique\/shop\/cardiac-science-powerheart-g5-electrodes-pediatriques\/","title":{"rendered":"Cardiac Science Powerheart G5 \u00e9lectrodes p\u00e9diatriques"},"content":{"rendered":"<p>Electrodes p\u00e9diatriques pour le d\u00e9fibrillateur Cardiac Science Powerheart G5.<\/p>\n","protected":false},"excerpt":{"rendered":"<p>Electrodes p\u00e9diatriques pour le d\u00e9fibrillateur Cardiac Science Powerheart G5.<\/p>\n","protected":false},"featured_media":4789,"template":"","meta":[],"product_brand":[],"product_cat":[263,103],"product_tag":[],"class_list":{"0":"post-4788","1":"product","2":"type-product","3":"status-publish","4":"has-post-thumbnail","6":"product_cat-accessoires-dae","7":"product_cat-powerheart-g5-accessoires","8":"pa_fabricant-cardiac-science","10":"first","11":"instock","12":"taxable","13":"shipping-taxable","14":"purchasable","15":"product-type-simple"},"bundled_by":[],"bundle_stock_status":"instock","bundle_stock_quantity":null,"bundle_virtual":false,"bundle_layout":"","bundle_add_to_cart_form_location":"","bundle_editable_in_cart":false,"bundle_sold_individually_context":"","bundle_item_grouping":"","bundle_min_size":"","bundle_max_size":"","bundle_price":[],"bundled_items":[],"bundle_sell_ids":[],"_links":{"self":[{"href":"https:\/\/www.defibsolutions.fr\/boutique\/wp-json\/wp\/v2\/product\/4788","targetHints":{"allow":["GET"]}}],"collection":[{"href":"https:\/\/www.defibsolutions.fr\/boutique\/wp-json\/wp\/v2\/product"}],"about":[{"href":"https:\/\/www.defibsolutions.fr\/boutique\/wp-json\/wp\/v2\/types\/product"}],"wp:featuredmedia":[{"embeddable":true,"href":"https:\/\/www.defibsolutions.fr\/boutique\/wp-json\/wp\/v2\/media\/4789"}],"wp:attachment":[{"href":"https:\/\/www.defibsolutions.fr\/boutique\/wp-json\/wp\/v2\/media?parent=4788"}],"wp:term":[{"taxonomy":"product_brand","embeddable":true,"href":"https:\/\/www.defibsolutions.fr\/boutique\/wp-json\/wp\/v2\/product_brand?post=4788"},{"taxonomy":"product_cat","embeddable":true,"href":"https:\/\/www.defibsolutions.fr\/boutique\/wp-json\/wp\/v2\/product_cat?post=4788"},{"taxonomy":"product_tag","embeddable":true,"href":"https:\/\/www.defibsolutions.fr\/boutique\/wp-json\/wp\/v2\/product_tag?post=4788"}],"curies":[{"name":"wp","href":"https:\/\/api.w.org\/{rel}","templated":true}]}}