{"id":4774,"date":"2021-01-25T11:46:04","date_gmt":"2021-01-25T09:46:04","guid":{"rendered":"https:\/\/www.defibsolutions.fr\/boutique\/?post_type=product&#038;p=4774"},"modified":"2023-06-02T16:15:38","modified_gmt":"2023-06-02T14:15:38","slug":"ambu-uniman-mannequin","status":"publish","type":"product","link":"https:\/\/www.defibsolutions.fr\/boutique\/shop\/ambu-uniman-mannequin\/","title":{"rendered":"Mannequin Ambu UniMan"},"content":{"rendered":"<p>L&#8217;Ambu UniMan est un mannequin qui poss\u00e8de toutes les caract\u00e9ristiques uniques d&#8217;Ambu. La forme r\u00e9aliste du torse permet aux \u00e9l\u00e8ves d&#8217;apprendre la RCP compl\u00e8te avec ou sans d\u00e9fibrillateur de formation. Les voies respiratoires ne sont ouvertes que lorsque la t\u00eate est correctement positionn\u00e9e &#8211; il y a une r\u00e9sistance r\u00e9aliste des voies respiratoires et un rehaussement visible de la poitrine.<\/p>\n<p><strong>Caract\u00e9ristiques :<br \/>\n<\/strong>&#8211;\u00a0Compact, l\u00e9ger et tr\u00e8s facile \u00e0 transporter<br \/>\n&#8211;\u00a0Formation r\u00e9aliste en compressions thoraciques<br \/>\n&#8211;\u00a0Syst\u00e8me hygi\u00e9nique Ambu pour le bouche \u00e0 bouche et la ventilation bouche \u00e0 nez<br \/>\n&#8211;\u00a0R\u00e9sistance de ventilation r\u00e9aliste<br \/>\n&#8211;\u00a0Rehaussement visible de la poitrine<\/p>\n<p><b><strong>Contenu du colis <\/strong>:<br \/>\n<\/b>&#8211; Mannequin de formation Ambu UniMan<br \/>\n&#8211;\u00a01 peau de visage<br \/>\n&#8211;\u00a025 sac d\u2019insufflation<br \/>\n&#8211;\u00a01 sac de transport<\/p>\n<p><b>Sp\u00e9cifications :<br \/>\n<\/b>&#8211;\u00a0Poids : 2 kg<br \/>\n&#8211;\u00a0Dimensions : 70 cm x 33 cm x 20 cm<\/p>\n","protected":false},"excerpt":{"rendered":"<p>L&#8217;Ambu UniMan est un mannequin qui poss\u00e8de toutes les caract\u00e9ristiques uniques d&#8217;Ambu. La forme r\u00e9aliste du torse permet aux \u00e9l\u00e8ves<\/p>\n","protected":false},"featured_media":7027,"template":"","meta":[],"product_brand":[],"product_cat":[212,297,211],"product_tag":[],"class_list":{"0":"post-4774","1":"product","2":"type-product","3":"status-publish","4":"has-post-thumbnail","6":"product_cat-ambu-mannequins","7":"product_cat-ambu-uniman-sam-mannequin","8":"product_cat-mannequins-de-formation","9":"pa_fabricant-ambu","11":"first","12":"instock","13":"taxable","14":"shipping-taxable","15":"purchasable","16":"product-type-simple"},"bundled_by":[],"bundle_stock_status":"instock","bundle_stock_quantity":null,"bundle_virtual":false,"bundle_layout":"","bundle_add_to_cart_form_location":"","bundle_editable_in_cart":false,"bundle_sold_individually_context":"","bundle_item_grouping":"","bundle_min_size":"","bundle_max_size":"","bundle_price":[],"bundled_items":[],"bundle_sell_ids":[],"_links":{"self":[{"href":"https:\/\/www.defibsolutions.fr\/boutique\/wp-json\/wp\/v2\/product\/4774","targetHints":{"allow":["GET"]}}],"collection":[{"href":"https:\/\/www.defibsolutions.fr\/boutique\/wp-json\/wp\/v2\/product"}],"about":[{"href":"https:\/\/www.defibsolutions.fr\/boutique\/wp-json\/wp\/v2\/types\/product"}],"wp:featuredmedia":[{"embeddable":true,"href":"https:\/\/www.defibsolutions.fr\/boutique\/wp-json\/wp\/v2\/media\/7027"}],"wp:attachment":[{"href":"https:\/\/www.defibsolutions.fr\/boutique\/wp-json\/wp\/v2\/media?parent=4774"}],"wp:term":[{"taxonomy":"product_brand","embeddable":true,"href":"https:\/\/www.defibsolutions.fr\/boutique\/wp-json\/wp\/v2\/product_brand?post=4774"},{"taxonomy":"product_cat","embeddable":true,"href":"https:\/\/www.defibsolutions.fr\/boutique\/wp-json\/wp\/v2\/product_cat?post=4774"},{"taxonomy":"product_tag","embeddable":true,"href":"https:\/\/www.defibsolutions.fr\/boutique\/wp-json\/wp\/v2\/product_tag?post=4774"}],"curies":[{"name":"wp","href":"https:\/\/api.w.org\/{rel}","templated":true}]}}