{"id":4766,"date":"2021-01-21T11:22:14","date_gmt":"2021-01-21T09:22:14","guid":{"rendered":"https:\/\/www.defibsolutions.fr\/boutique\/?post_type=product&#038;p=4766"},"modified":"2024-09-03T11:23:19","modified_gmt":"2024-09-03T09:23:19","slug":"sac-a-dos-premiers-secours-compact","status":"publish","type":"product","link":"https:\/\/www.defibsolutions.fr\/boutique\/shop\/sac-a-dos-premiers-secours-compact\/","title":{"rendered":"Sac \u00e0 dos premiers secours compact"},"content":{"rendered":"<p><strong>Sac \u00e0 dos premiers secours compact (livr\u00e9 sans contenu)<br \/>\nLe sac Arky permet de ranger un d\u00e9fibrillateur, un kit de r\u00e9animation et des equipements de premiers secours.<br \/>\n<\/strong><\/p>\n<p>Dimensions : 31 x 40 x 15 cm<br \/>\nPoids: 1.5 kilo<br \/>\nTrois petits sacs sont livr\u00e9s sans contenu.<\/p>\n","protected":false},"excerpt":{"rendered":"<p><strong>Un sac pour DAE de la marque ARKY<\/strong><\/p>\n","protected":false},"featured_media":4764,"template":"","meta":[],"product_brand":[],"product_cat":[263,89,249,81],"product_tag":[],"class_list":{"0":"post-4766","1":"product","2":"type-product","3":"status-publish","4":"has-post-thumbnail","6":"product_cat-accessoires-dae","7":"product_cat-accessoires-universels","8":"product_cat-materiel-durgence","9":"product_cat-tous-les-accessoires","10":"pa_fabricant-arky","12":"first","13":"instock","14":"taxable","15":"shipping-taxable","16":"product-type-simple"},"bundled_by":[],"bundle_stock_status":"instock","bundle_stock_quantity":null,"bundle_virtual":false,"bundle_layout":"","bundle_add_to_cart_form_location":"","bundle_editable_in_cart":false,"bundle_sold_individually_context":"","bundle_item_grouping":"","bundle_min_size":"","bundle_max_size":"","bundle_price":[],"bundled_items":[],"bundle_sell_ids":[],"_links":{"self":[{"href":"https:\/\/www.defibsolutions.fr\/boutique\/wp-json\/wp\/v2\/product\/4766","targetHints":{"allow":["GET"]}}],"collection":[{"href":"https:\/\/www.defibsolutions.fr\/boutique\/wp-json\/wp\/v2\/product"}],"about":[{"href":"https:\/\/www.defibsolutions.fr\/boutique\/wp-json\/wp\/v2\/types\/product"}],"wp:featuredmedia":[{"embeddable":true,"href":"https:\/\/www.defibsolutions.fr\/boutique\/wp-json\/wp\/v2\/media\/4764"}],"wp:attachment":[{"href":"https:\/\/www.defibsolutions.fr\/boutique\/wp-json\/wp\/v2\/media?parent=4766"}],"wp:term":[{"taxonomy":"product_brand","embeddable":true,"href":"https:\/\/www.defibsolutions.fr\/boutique\/wp-json\/wp\/v2\/product_brand?post=4766"},{"taxonomy":"product_cat","embeddable":true,"href":"https:\/\/www.defibsolutions.fr\/boutique\/wp-json\/wp\/v2\/product_cat?post=4766"},{"taxonomy":"product_tag","embeddable":true,"href":"https:\/\/www.defibsolutions.fr\/boutique\/wp-json\/wp\/v2\/product_tag?post=4766"}],"curies":[{"name":"wp","href":"https:\/\/api.w.org\/{rel}","templated":true}]}}