{"id":4740,"date":"2020-11-19T12:48:24","date_gmt":"2020-11-19T10:48:24","guid":{"rendered":"https:\/\/www.defibsolutions.fr\/boutique\/?post_type=product&#038;p=4740"},"modified":"2025-03-14T08:46:08","modified_gmt":"2025-03-14T06:46:08","slug":"zoll-aed-plus-lot-de-10-piles-pour-zoll","status":"publish","type":"product","link":"https:\/\/www.defibsolutions.fr\/boutique\/shop\/zoll-aed-plus-lot-de-10-piles-pour-zoll\/","title":{"rendered":"Zoll AED Plus lot de 10 piles pour Zoll"},"content":{"rendered":"<p>Lot de 10 piles au lithium Duracell pour le d\u00e9fibrillateur Zoll AED Plus. Ce n&#8217;est pas l&#8217;emballage officiel ZOLL, mais les m\u00eames batteries et la m\u00eame qualit\u00e9.<\/p>\n<p>En ouvrant le couvercle \u00e0 l\u2019arri\u00e8re du d\u00e9fibrillateur (avec une pi\u00e8ce de monnaie) vous pouvez facilement remplacer les batteries vous-m\u00eame. Attendez que le d\u00e9fibrillateur indique: \u201cAppuyez sur le bouton si les batteries sont neuves\u201d. Ensuite, appuyez sur le bouton entre les 2 rang\u00e9es de batteries. Vous pouvez refermer le couvercle et le d\u00e9fibrillateur est pr\u00eat \u00e0 l\u2019emploi .<\/p>\n<p>Les \u00e9lectrodes du d\u00e9fibrillateur Zoll AED Plus ont \u00e9galement une validit\u00e9 de\u00a0 5 ans. Nous vous recommandons de les remplacer en m\u00eame temps.<\/p>\n","protected":false},"excerpt":{"rendered":"<p>Batteries pour le d\u00e9fibrillateur Zoll AED Plus<\/p>\n","protected":false},"featured_media":4741,"template":"","meta":[],"product_brand":[],"product_cat":[263,79,320,72],"product_tag":[],"class_list":{"0":"post-4740","1":"product","2":"type-product","3":"status-publish","4":"has-post-thumbnail","6":"product_cat-accessoires-dae","7":"product_cat-zoll-aed-plus-accessoires","8":"product_cat-grille-tarifaire","9":"product_cat-zoll","10":"pa_fabricant-zoll","12":"first","13":"instock","14":"taxable","15":"shipping-taxable","16":"purchasable","17":"product-type-simple"},"bundled_by":[],"bundle_stock_status":"instock","bundle_stock_quantity":null,"bundle_virtual":false,"bundle_layout":"","bundle_add_to_cart_form_location":"","bundle_editable_in_cart":false,"bundle_sold_individually_context":"","bundle_item_grouping":"","bundle_min_size":"","bundle_max_size":"","bundle_price":[],"bundled_items":[],"bundle_sell_ids":[],"_links":{"self":[{"href":"https:\/\/www.defibsolutions.fr\/boutique\/wp-json\/wp\/v2\/product\/4740","targetHints":{"allow":["GET"]}}],"collection":[{"href":"https:\/\/www.defibsolutions.fr\/boutique\/wp-json\/wp\/v2\/product"}],"about":[{"href":"https:\/\/www.defibsolutions.fr\/boutique\/wp-json\/wp\/v2\/types\/product"}],"wp:featuredmedia":[{"embeddable":true,"href":"https:\/\/www.defibsolutions.fr\/boutique\/wp-json\/wp\/v2\/media\/4741"}],"wp:attachment":[{"href":"https:\/\/www.defibsolutions.fr\/boutique\/wp-json\/wp\/v2\/media?parent=4740"}],"wp:term":[{"taxonomy":"product_brand","embeddable":true,"href":"https:\/\/www.defibsolutions.fr\/boutique\/wp-json\/wp\/v2\/product_brand?post=4740"},{"taxonomy":"product_cat","embeddable":true,"href":"https:\/\/www.defibsolutions.fr\/boutique\/wp-json\/wp\/v2\/product_cat?post=4740"},{"taxonomy":"product_tag","embeddable":true,"href":"https:\/\/www.defibsolutions.fr\/boutique\/wp-json\/wp\/v2\/product_tag?post=4740"}],"curies":[{"name":"wp","href":"https:\/\/api.w.org\/{rel}","templated":true}]}}