{"id":4722,"date":"2020-10-15T15:10:53","date_gmt":"2020-10-15T13:10:53","guid":{"rendered":"https:\/\/www.defibsolutions.fr\/boutique\/?post_type=product&#038;p=4722"},"modified":"2025-03-14T08:46:07","modified_gmt":"2025-03-14T06:46:07","slug":"primedic-savepads-electrodes","status":"publish","type":"product","link":"https:\/\/www.defibsolutions.fr\/boutique\/shop\/primedic-savepads-electrodes\/","title":{"rendered":"Primedic SavePads \u00e9lectrodes"},"content":{"rendered":"<p><span class=\"spelle\">Les \u00e9lectrodes non pr\u00e9connect\u00e9es Primedic compatibles avec les DAE Primedic HeartSave AS ; AED ; AED-M et PAD\u00a0 fabriqu\u00e9s <strong>avant 2014<\/strong><\/span><span class=\"spelle\">.<br \/>\nLes \u00e9lectrodes ont une dur\u00e9e de vie de 2,5 &#8211; 3 ans.<\/span><\/p>\n<p>Si vous avez un d\u00e9fibrillateur fabriqu\u00e9 en 2014 ou apr\u00e8s 2014, il vous faut les \u00e9lectrodes pr\u00e9connect\u00e9es <a href=\"https:\/\/www.defibsolutions.fr\/boutique\/shop\/primedic-savepads-preconnect-electrodes-preconnectees\/\">Primedic SavePads PreConnect<\/a> ref. 97085.<\/p>\n<p>&nbsp;<\/p>\n","protected":false},"excerpt":{"rendered":"<p><span class=\"SpellE\">Les \u00e9lectrodes SavePads<\/span>\u00a0<span class=\"SpellE\">Primedic <span class=\"spelle\">non pr\u00e9connect\u00e9es<\/span><\/span><\/p>\n","protected":false},"featured_media":4724,"template":"","meta":[],"product_brand":[],"product_cat":[263,293],"product_tag":[],"class_list":{"0":"post-4722","1":"product","2":"type-product","3":"status-publish","4":"has-post-thumbnail","6":"product_cat-accessoires-dae","7":"product_cat-primedic-accessoires","8":"pa_fabricant-primedic","10":"first","11":"instock","12":"taxable","13":"shipping-taxable","14":"purchasable","15":"product-type-simple"},"bundled_by":[],"bundle_stock_status":"instock","bundle_stock_quantity":null,"bundle_virtual":false,"bundle_layout":"","bundle_add_to_cart_form_location":"","bundle_editable_in_cart":false,"bundle_sold_individually_context":"","bundle_item_grouping":"","bundle_min_size":"","bundle_max_size":"","bundle_price":[],"bundled_items":[],"bundle_sell_ids":[],"_links":{"self":[{"href":"https:\/\/www.defibsolutions.fr\/boutique\/wp-json\/wp\/v2\/product\/4722","targetHints":{"allow":["GET"]}}],"collection":[{"href":"https:\/\/www.defibsolutions.fr\/boutique\/wp-json\/wp\/v2\/product"}],"about":[{"href":"https:\/\/www.defibsolutions.fr\/boutique\/wp-json\/wp\/v2\/types\/product"}],"wp:featuredmedia":[{"embeddable":true,"href":"https:\/\/www.defibsolutions.fr\/boutique\/wp-json\/wp\/v2\/media\/4724"}],"wp:attachment":[{"href":"https:\/\/www.defibsolutions.fr\/boutique\/wp-json\/wp\/v2\/media?parent=4722"}],"wp:term":[{"taxonomy":"product_brand","embeddable":true,"href":"https:\/\/www.defibsolutions.fr\/boutique\/wp-json\/wp\/v2\/product_brand?post=4722"},{"taxonomy":"product_cat","embeddable":true,"href":"https:\/\/www.defibsolutions.fr\/boutique\/wp-json\/wp\/v2\/product_cat?post=4722"},{"taxonomy":"product_tag","embeddable":true,"href":"https:\/\/www.defibsolutions.fr\/boutique\/wp-json\/wp\/v2\/product_tag?post=4722"}],"curies":[{"name":"wp","href":"https:\/\/api.w.org\/{rel}","templated":true}]}}