{"id":4701,"date":"2020-09-28T13:26:04","date_gmt":"2020-09-28T11:26:04","guid":{"rendered":"https:\/\/www.defibsolutions.fr\/boutique\/?post_type=product&#038;p=4701"},"modified":"2023-10-30T16:01:29","modified_gmt":"2023-10-30T14:01:29","slug":"philips-heartstart-fr2-electrodes-pediatriques","status":"publish","type":"product","link":"https:\/\/www.defibsolutions.fr\/boutique\/shop\/philips-heartstart-fr2-electrodes-pediatriques\/","title":{"rendered":"Philips Heartstart FR2 \u00e9lectrodes p\u00e9diatriques(arr\u00eat de production !)"},"content":{"rendered":"<p>Les \u00e9lectrodes p\u00e9diatriques pour le d\u00e9fibrillateur Philips Heartstart FR2 (dur\u00e9e de vie de 2 ans &#8211; r\u00e9f. 989803108851) ne sont plus disponibles \u00e0 la vente (Philips a d\u00e9finitivement arr\u00eat\u00e9 leur production).<\/p>\n","protected":false},"excerpt":{"rendered":"<p>Electrodes p\u00e9diatriques pour le d\u00e9fibrillateur Philips Heartstart FR2.<\/p>\n","protected":false},"featured_media":4704,"template":"","meta":[],"product_brand":[],"product_cat":[263,320,285,283],"product_tag":[],"class_list":{"0":"post-4701","1":"product","2":"type-product","3":"status-publish","4":"has-post-thumbnail","6":"product_cat-accessoires-dae","7":"product_cat-grille-tarifaire","8":"product_cat-heartstart-fr2-accessoires-philips","9":"product_cat-heartstart-fr2-accessoires","10":"pa_fabricant-philips","12":"first","13":"instock","14":"taxable","15":"shipping-taxable","16":"product-type-simple"},"bundled_by":[],"bundle_stock_status":"instock","bundle_stock_quantity":null,"bundle_virtual":false,"bundle_layout":"","bundle_add_to_cart_form_location":"","bundle_editable_in_cart":false,"bundle_sold_individually_context":"","bundle_item_grouping":"","bundle_min_size":"","bundle_max_size":"","bundle_price":[],"bundled_items":[],"bundle_sell_ids":[],"_links":{"self":[{"href":"https:\/\/www.defibsolutions.fr\/boutique\/wp-json\/wp\/v2\/product\/4701","targetHints":{"allow":["GET"]}}],"collection":[{"href":"https:\/\/www.defibsolutions.fr\/boutique\/wp-json\/wp\/v2\/product"}],"about":[{"href":"https:\/\/www.defibsolutions.fr\/boutique\/wp-json\/wp\/v2\/types\/product"}],"wp:featuredmedia":[{"embeddable":true,"href":"https:\/\/www.defibsolutions.fr\/boutique\/wp-json\/wp\/v2\/media\/4704"}],"wp:attachment":[{"href":"https:\/\/www.defibsolutions.fr\/boutique\/wp-json\/wp\/v2\/media?parent=4701"}],"wp:term":[{"taxonomy":"product_brand","embeddable":true,"href":"https:\/\/www.defibsolutions.fr\/boutique\/wp-json\/wp\/v2\/product_brand?post=4701"},{"taxonomy":"product_cat","embeddable":true,"href":"https:\/\/www.defibsolutions.fr\/boutique\/wp-json\/wp\/v2\/product_cat?post=4701"},{"taxonomy":"product_tag","embeddable":true,"href":"https:\/\/www.defibsolutions.fr\/boutique\/wp-json\/wp\/v2\/product_tag?post=4701"}],"curies":[{"name":"wp","href":"https:\/\/api.w.org\/{rel}","templated":true}]}}