{"id":4699,"date":"2020-09-28T12:58:47","date_gmt":"2020-09-28T10:58:47","guid":{"rendered":"https:\/\/www.defibsolutions.fr\/boutique\/?post_type=product&#038;p=4699"},"modified":"2025-03-14T08:46:06","modified_gmt":"2025-03-14T06:46:06","slug":"physio-control-lifepak-15-batterie","status":"publish","type":"product","link":"https:\/\/www.defibsolutions.fr\/boutique\/shop\/physio-control-lifepak-15-batterie\/","title":{"rendered":"Physio Control Lifepak 15 batterie"},"content":{"rendered":"<p>Le d\u00e9fibrillateur Lifepak 15\u00a0 fonctionne sur deux batteries rechargeables lithium-ion.<br \/>\nLes batteries peuvent \u00eatre charg\u00e9es via le chargeur de batterie ou dans le d\u00e9fibrillateur s\u2019il est connect\u00e9 \u00e0 une alimentation auxiliaire.<\/p>\n","protected":false},"excerpt":{"rendered":"<p>Batterie pour le d\u00e9fibrillateur Lifepak 15<\/p>\n","protected":false},"featured_media":4700,"template":"","meta":[],"product_brand":[],"product_cat":[263,286],"product_tag":[],"class_list":{"0":"post-4699","1":"product","2":"type-product","3":"status-publish","4":"has-post-thumbnail","6":"product_cat-accessoires-dae","7":"product_cat-lifepak-15-accessoires","8":"pa_fabricant-physio-control","10":"first","11":"instock","12":"taxable","13":"shipping-taxable","14":"purchasable","15":"product-type-simple"},"bundled_by":[],"bundle_stock_status":"instock","bundle_stock_quantity":null,"bundle_virtual":false,"bundle_layout":"","bundle_add_to_cart_form_location":"","bundle_editable_in_cart":false,"bundle_sold_individually_context":"","bundle_item_grouping":"","bundle_min_size":"","bundle_max_size":"","bundle_price":[],"bundled_items":[],"bundle_sell_ids":[],"_links":{"self":[{"href":"https:\/\/www.defibsolutions.fr\/boutique\/wp-json\/wp\/v2\/product\/4699","targetHints":{"allow":["GET"]}}],"collection":[{"href":"https:\/\/www.defibsolutions.fr\/boutique\/wp-json\/wp\/v2\/product"}],"about":[{"href":"https:\/\/www.defibsolutions.fr\/boutique\/wp-json\/wp\/v2\/types\/product"}],"wp:featuredmedia":[{"embeddable":true,"href":"https:\/\/www.defibsolutions.fr\/boutique\/wp-json\/wp\/v2\/media\/4700"}],"wp:attachment":[{"href":"https:\/\/www.defibsolutions.fr\/boutique\/wp-json\/wp\/v2\/media?parent=4699"}],"wp:term":[{"taxonomy":"product_brand","embeddable":true,"href":"https:\/\/www.defibsolutions.fr\/boutique\/wp-json\/wp\/v2\/product_brand?post=4699"},{"taxonomy":"product_cat","embeddable":true,"href":"https:\/\/www.defibsolutions.fr\/boutique\/wp-json\/wp\/v2\/product_cat?post=4699"},{"taxonomy":"product_tag","embeddable":true,"href":"https:\/\/www.defibsolutions.fr\/boutique\/wp-json\/wp\/v2\/product_tag?post=4699"}],"curies":[{"name":"wp","href":"https:\/\/api.w.org\/{rel}","templated":true}]}}