{"id":4697,"date":"2020-09-24T17:18:15","date_gmt":"2020-09-24T15:18:15","guid":{"rendered":"https:\/\/www.defibsolutions.fr\/boutique\/?post_type=product&#038;p=4697"},"modified":"2023-10-11T12:31:18","modified_gmt":"2023-10-11T10:31:18","slug":"philips-heartstart-fr2-batterie","status":"publish","type":"product","link":"https:\/\/www.defibsolutions.fr\/boutique\/shop\/philips-heartstart-fr2-batterie\/","title":{"rendered":"Philips Heartstart FR2 batterie (arr\u00eat de production !)"},"content":{"rendered":"<p>La batterie au lithium non rechargeable pour le d\u00e9fibrillateur Philips FR2 (dur\u00e9e de vie 4 ans) n&#8217;est plus disponible \u00e0 la vente (Philips a d\u00e9finitivement arr\u00eat\u00e9 sa production).<\/p>\n","protected":false},"excerpt":{"rendered":"<p>Batterie pour le d\u00e9fibrillateur Philips Heartstart FR2 batterie<\/p>\n","protected":false},"featured_media":4698,"template":"","meta":[],"product_brand":[],"product_cat":[263,320,283,285],"product_tag":[],"class_list":{"0":"post-4697","1":"product","2":"type-product","3":"status-publish","4":"has-post-thumbnail","6":"product_cat-accessoires-dae","7":"product_cat-grille-tarifaire","8":"product_cat-heartstart-fr2-accessoires","9":"product_cat-heartstart-fr2-accessoires-philips","10":"pa_fabricant-philips","12":"first","13":"instock","14":"taxable","15":"shipping-taxable","16":"product-type-simple"},"bundled_by":[],"bundle_stock_status":"instock","bundle_stock_quantity":null,"bundle_virtual":false,"bundle_layout":"","bundle_add_to_cart_form_location":"","bundle_editable_in_cart":false,"bundle_sold_individually_context":"","bundle_item_grouping":"","bundle_min_size":"","bundle_max_size":"","bundle_price":[],"bundled_items":[],"bundle_sell_ids":[],"_links":{"self":[{"href":"https:\/\/www.defibsolutions.fr\/boutique\/wp-json\/wp\/v2\/product\/4697","targetHints":{"allow":["GET"]}}],"collection":[{"href":"https:\/\/www.defibsolutions.fr\/boutique\/wp-json\/wp\/v2\/product"}],"about":[{"href":"https:\/\/www.defibsolutions.fr\/boutique\/wp-json\/wp\/v2\/types\/product"}],"wp:featuredmedia":[{"embeddable":true,"href":"https:\/\/www.defibsolutions.fr\/boutique\/wp-json\/wp\/v2\/media\/4698"}],"wp:attachment":[{"href":"https:\/\/www.defibsolutions.fr\/boutique\/wp-json\/wp\/v2\/media?parent=4697"}],"wp:term":[{"taxonomy":"product_brand","embeddable":true,"href":"https:\/\/www.defibsolutions.fr\/boutique\/wp-json\/wp\/v2\/product_brand?post=4697"},{"taxonomy":"product_cat","embeddable":true,"href":"https:\/\/www.defibsolutions.fr\/boutique\/wp-json\/wp\/v2\/product_cat?post=4697"},{"taxonomy":"product_tag","embeddable":true,"href":"https:\/\/www.defibsolutions.fr\/boutique\/wp-json\/wp\/v2\/product_tag?post=4697"}],"curies":[{"name":"wp","href":"https:\/\/api.w.org\/{rel}","templated":true}]}}