{"id":4577,"date":"2020-07-30T09:30:46","date_gmt":"2020-07-30T07:30:46","guid":{"rendered":"https:\/\/www.defibsolutions.fr\/boutique\/?post_type=product&#038;p=4577"},"modified":"2025-03-14T08:46:05","modified_gmt":"2025-03-14T06:46:05","slug":"philips-support-mural-pour-hs1-ou-frx","status":"publish","type":"product","link":"https:\/\/www.defibsolutions.fr\/boutique\/shop\/philips-support-mural-pour-hs1-ou-frx\/","title":{"rendered":"Philips support mural (pour HS1 ou FRx)"},"content":{"rendered":"<p>Le support mural pour le d\u00e9fibrillateur Philips Heartstart HS1 et FRx vous permet d&#8217;installer votre d\u00e9fibrillateur \u00e0 un endroit fixe et accessible au grand public.<br \/>\nPlacez votre d\u00e9fibrillateur Philips\u00a0 \u00e0 un endroit bien visible, afin de faciliter l\u2019acc\u00e8s au d\u00e9fibrillateur en cas d\u2019urgence.<\/p>\n<p>Ce support en plexiglas transparent est facile \u00e0 installer avec des vis (non fournies). Placez en toute s\u00e9curit\u00e9 votre sac de transport rouge (contenant votre DAE HS1 ou FRx) dans le support.<\/p>\n<p>Vous pouvez placer votre trousse de DAE avec le d\u00e9fibrillateur dans le support.<\/p>\n","protected":false},"excerpt":{"rendered":"<p>Support mural pour le d\u00e9fibrillateur Philips Heartstart HS1 et FRx (usage int\u00e9rieur)<\/p>\n","protected":false},"featured_media":4579,"template":"","meta":[],"product_brand":[],"product_cat":[82,106,107,81],"product_tag":[],"class_list":{"0":"post-4577","1":"product","2":"type-product","3":"status-publish","4":"has-post-thumbnail","6":"product_cat-boitier-et-support-mural","7":"product_cat-heartstart-frx-accessoires","8":"product_cat-heartstart-hs1-accessoires","9":"product_cat-tous-les-accessoires","11":"first","12":"instock","13":"taxable","14":"shipping-taxable","15":"purchasable","16":"product-type-simple"},"bundled_by":[],"bundle_stock_status":"instock","bundle_stock_quantity":null,"bundle_virtual":false,"bundle_layout":"","bundle_add_to_cart_form_location":"","bundle_editable_in_cart":false,"bundle_sold_individually_context":"","bundle_item_grouping":"","bundle_min_size":"","bundle_max_size":"","bundle_price":[],"bundled_items":[],"bundle_sell_ids":[],"_links":{"self":[{"href":"https:\/\/www.defibsolutions.fr\/boutique\/wp-json\/wp\/v2\/product\/4577","targetHints":{"allow":["GET"]}}],"collection":[{"href":"https:\/\/www.defibsolutions.fr\/boutique\/wp-json\/wp\/v2\/product"}],"about":[{"href":"https:\/\/www.defibsolutions.fr\/boutique\/wp-json\/wp\/v2\/types\/product"}],"wp:featuredmedia":[{"embeddable":true,"href":"https:\/\/www.defibsolutions.fr\/boutique\/wp-json\/wp\/v2\/media\/4579"}],"wp:attachment":[{"href":"https:\/\/www.defibsolutions.fr\/boutique\/wp-json\/wp\/v2\/media?parent=4577"}],"wp:term":[{"taxonomy":"product_brand","embeddable":true,"href":"https:\/\/www.defibsolutions.fr\/boutique\/wp-json\/wp\/v2\/product_brand?post=4577"},{"taxonomy":"product_cat","embeddable":true,"href":"https:\/\/www.defibsolutions.fr\/boutique\/wp-json\/wp\/v2\/product_cat?post=4577"},{"taxonomy":"product_tag","embeddable":true,"href":"https:\/\/www.defibsolutions.fr\/boutique\/wp-json\/wp\/v2\/product_tag?post=4577"}],"curies":[{"name":"wp","href":"https:\/\/api.w.org\/{rel}","templated":true}]}}