{"id":4571,"date":"2020-07-27T14:26:22","date_gmt":"2020-07-27T12:26:22","guid":{"rendered":"https:\/\/www.defibsolutions.fr\/boutique\/?post_type=product&#038;p=4571"},"modified":"2025-03-14T08:46:06","modified_gmt":"2025-03-14T06:46:06","slug":"physio-control-lifepak-cr2-usb-sans-wifi-automatique","status":"publish","type":"product","link":"https:\/\/www.defibsolutions.fr\/boutique\/shop\/physio-control-lifepak-cr2-usb-sans-wifi-automatique\/","title":{"rendered":"Physio Control Lifepak CR2 USB sans wifi Automatique"},"content":{"rendered":"<p>Le d\u00e9fibrillateur Lifepak CR2 permet une analyse du rythme cardiaque sans qu\u2019il ne soit n\u00e9cessaire de faire une pause des compressions thoraciques, gr\u00e2ce \u00e0 sa technologie cpr INSIGHT. La continuit\u00e9 des massages cardiaques est cruciale pour augmenter les chances de survie de la victime.<\/p>\n<p>Le secouriste est assist\u00e9 tout au long de la r\u00e9animation par des instructions vocales. La technologie ClearVoice du Lifepak CR2 ajuste le volume du d\u00e9fibrillateur s\u2019il d\u00e9tecte des bruits de fond. De plus, le d\u00e9fibrillateur CR2 est \u00e9quip\u00e9 d\u2019un m\u00e9tronome.<\/p>\n<p>En outre, le d\u00e9fibrillateur CR2 dispose d\u2019un bouton enfant qui garantit que l\u2019\u00e9nergie des chocs et les instructions pour la r\u00e9animation sont appropri\u00e9es \u00e0 l\u2019enfant victime.<\/p>\n<p>Le d\u00e9fibrillateur Lifepak CR2 est disponible en version semi-automatique et en version enti\u00e8rement automatique.<\/p>\n<p><span style=\"color: #008000;\"><strong>Contenu du colis :<\/strong><\/span><br \/>\n\u2013 un d\u00e9fibrillateur automatique Physio-Control Lifepak CR2 sans Wifi<br \/>\n\u2013 une paire d\u2019\u00e9lectrodes adultes Lifepak CR2<br \/>\n\u2013\u00a0une batterie Lifepak CR2<br \/>\n\u2013 un mode d\u2019emploi en fran\u00e7ais<br \/>\n\u2013 une garantie de 8 ans<\/p>\n<table>\n<tbody>\n<tr>\n<td><b>Sp\u00e9cifications<\/b><\/td>\n<\/tr>\n<tr>\n<td>mode de l\u2019appareil: version <b>automatique<\/b><\/td>\n<\/tr>\n<tr>\n<td>indice de protection: 55<\/td>\n<\/tr>\n<tr>\n<td>m\u00e9tronome: oui<\/td>\n<\/tr>\n<tr>\n<td>assistance au massage cardiaque (realtime Feedback): instructions vocales<\/td>\n<\/tr>\n<tr>\n<td>dur\u00e9e de vie\u00a0\u00e9lectrodes adultes Lifepak CR2\u00a0\u2013 4 ans<\/td>\n<\/tr>\n<tr>\n<td>dur\u00e9e de vie batterie Lifepak CR2 \u2013 4 ans<\/td>\n<\/tr>\n<tr>\n<td>niveau d\u2019\u00e9nergie d\u00e9livr\u00e9e (adultes): 150 \u2013 360 joules<\/td>\n<\/tr>\n<tr>\n<td>niveau d\u2019\u00e9nergie d\u00e9livr\u00e9e (p\u00e9diatriques): 50 \u2013 90 joules<\/td>\n<\/tr>\n<tr>\n<td>fabrication: USA<\/td>\n<\/tr>\n<tr>\n<td>marquage CE \/ certification FDA: oui<\/td>\n<\/tr>\n<\/tbody>\n<\/table>\n","protected":false},"excerpt":{"rendered":"<p>Le d\u00e9fibrillateur Physio Control Lifepak CR2 sans wifi version Automatique<br \/>\nL\u2019appareil est MONOLINQUE<\/p>\n","protected":false},"featured_media":4562,"template":"","meta":[],"product_brand":[],"product_cat":[64,68,69],"product_tag":[],"class_list":{"0":"post-4571","1":"product","2":"type-product","3":"status-publish","4":"has-post-thumbnail","6":"product_cat-dae-defibrillateurs","7":"product_cat-physio-control","8":"product_cat-physio-control-aeds","9":"pa_fabricant-physio-control","11":"first","12":"instock","13":"taxable","14":"shipping-taxable","15":"purchasable","16":"product-type-simple"},"bundled_by":[],"bundle_stock_status":"instock","bundle_stock_quantity":null,"bundle_virtual":false,"bundle_layout":"","bundle_add_to_cart_form_location":"","bundle_editable_in_cart":false,"bundle_sold_individually_context":"","bundle_item_grouping":"","bundle_min_size":"","bundle_max_size":"","bundle_price":[],"bundled_items":[],"bundle_sell_ids":[],"_links":{"self":[{"href":"https:\/\/www.defibsolutions.fr\/boutique\/wp-json\/wp\/v2\/product\/4571","targetHints":{"allow":["GET"]}}],"collection":[{"href":"https:\/\/www.defibsolutions.fr\/boutique\/wp-json\/wp\/v2\/product"}],"about":[{"href":"https:\/\/www.defibsolutions.fr\/boutique\/wp-json\/wp\/v2\/types\/product"}],"wp:featuredmedia":[{"embeddable":true,"href":"https:\/\/www.defibsolutions.fr\/boutique\/wp-json\/wp\/v2\/media\/4562"}],"wp:attachment":[{"href":"https:\/\/www.defibsolutions.fr\/boutique\/wp-json\/wp\/v2\/media?parent=4571"}],"wp:term":[{"taxonomy":"product_brand","embeddable":true,"href":"https:\/\/www.defibsolutions.fr\/boutique\/wp-json\/wp\/v2\/product_brand?post=4571"},{"taxonomy":"product_cat","embeddable":true,"href":"https:\/\/www.defibsolutions.fr\/boutique\/wp-json\/wp\/v2\/product_cat?post=4571"},{"taxonomy":"product_tag","embeddable":true,"href":"https:\/\/www.defibsolutions.fr\/boutique\/wp-json\/wp\/v2\/product_tag?post=4571"}],"curies":[{"name":"wp","href":"https:\/\/api.w.org\/{rel}","templated":true}]}}