{"id":4482,"date":"2020-05-18T13:05:36","date_gmt":"2020-05-18T11:05:36","guid":{"rendered":"https:\/\/www.defibsolutions.fr\/?post_type=product&#038;p=4482"},"modified":"2025-12-02T17:29:38","modified_gmt":"2025-12-02T15:29:38","slug":"zoll-aed-plus-trainer-pedi-padz-ii-electrodes-de-formation-6-paires","status":"publish","type":"product","link":"https:\/\/www.defibsolutions.fr\/boutique\/shop\/zoll-aed-plus-trainer-pedi-padz-ii-electrodes-de-formation-6-paires\/","title":{"rendered":"Zoll AED Plus trainer Pedi-Padz II \u00e9lectrodes de formation (6 paires)"},"content":{"rendered":"<p>Les \u00e9lectrodes Pedi-Padz II sont emball\u00e9es par bo\u00eete de 6 pi\u00e8ces et peuvent \u00eatre utilis\u00e9es en combinaison avec le <strong>Zoll AED Plus trainer II<\/strong>.<\/p>\n","protected":false},"excerpt":{"rendered":"<p>Les \u00e9lectrodes de formation Pedi-Padz II pour enfants (6 paires)<\/p>\n","protected":false},"featured_media":4483,"template":"","meta":[],"product_brand":[],"product_cat":[243,253],"product_tag":[],"class_list":{"0":"post-4482","1":"product","2":"type-product","3":"status-publish","4":"has-post-thumbnail","6":"product_cat-consommables-trainers","7":"product_cat-zoll-consommables-trainers","8":"pa_fabricant-zoll","10":"first","11":"instock","12":"taxable","13":"shipping-taxable","14":"purchasable","15":"product-type-simple"},"bundled_by":[],"bundle_stock_status":"instock","bundle_stock_quantity":null,"bundle_virtual":false,"bundle_layout":"","bundle_add_to_cart_form_location":"","bundle_editable_in_cart":false,"bundle_sold_individually_context":"","bundle_item_grouping":"","bundle_min_size":"","bundle_max_size":"","bundle_price":[],"bundled_items":[],"bundle_sell_ids":[],"_links":{"self":[{"href":"https:\/\/www.defibsolutions.fr\/boutique\/wp-json\/wp\/v2\/product\/4482","targetHints":{"allow":["GET"]}}],"collection":[{"href":"https:\/\/www.defibsolutions.fr\/boutique\/wp-json\/wp\/v2\/product"}],"about":[{"href":"https:\/\/www.defibsolutions.fr\/boutique\/wp-json\/wp\/v2\/types\/product"}],"wp:featuredmedia":[{"embeddable":true,"href":"https:\/\/www.defibsolutions.fr\/boutique\/wp-json\/wp\/v2\/media\/4483"}],"wp:attachment":[{"href":"https:\/\/www.defibsolutions.fr\/boutique\/wp-json\/wp\/v2\/media?parent=4482"}],"wp:term":[{"taxonomy":"product_brand","embeddable":true,"href":"https:\/\/www.defibsolutions.fr\/boutique\/wp-json\/wp\/v2\/product_brand?post=4482"},{"taxonomy":"product_cat","embeddable":true,"href":"https:\/\/www.defibsolutions.fr\/boutique\/wp-json\/wp\/v2\/product_cat?post=4482"},{"taxonomy":"product_tag","embeddable":true,"href":"https:\/\/www.defibsolutions.fr\/boutique\/wp-json\/wp\/v2\/product_tag?post=4482"}],"curies":[{"name":"wp","href":"https:\/\/api.w.org\/{rel}","templated":true}]}}