{"id":4470,"date":"2020-05-15T11:35:31","date_gmt":"2020-05-15T09:35:31","guid":{"rendered":"https:\/\/www.defibsolutions.fr\/?post_type=product&#038;p=4470"},"modified":"2023-03-09T16:44:25","modified_gmt":"2023-03-09T14:44:25","slug":"zoll-cpr-uni-padz-electrodes-de-formation","status":"publish","type":"product","link":"https:\/\/www.defibsolutions.fr\/boutique\/shop\/zoll-cpr-uni-padz-electrodes-de-formation\/","title":{"rendered":"Zoll CPR Uni-padz \u00e9lectrodes de formation (simulateur Zoll)"},"content":{"rendered":"<p>Cet ensemble peut \u00eatre utilis\u00e9 avec le d\u00e9fibrillateur <strong>Zoll AED 3<\/strong> en combinaison avec <strong>le simulateur ZOLL<\/strong> !<\/p>\n<ul>\n<li>Padz universels pour adultes et enfants<\/li>\n<li>D\u00e9tecte les compressions<\/li>\n<li>Retour d&#8217;information en temps r\u00e9el sur la RCP<\/li>\n<li>Pour la formation et les d\u00e9monstrations<\/li>\n<\/ul>\n<p>&nbsp;<\/p>\n","protected":false},"excerpt":{"rendered":"<p>Cet ensemble peut \u00eatre utilis\u00e9 avec le d\u00e9fibrillateur Zoll AED 3 en combinaison avec le simulateur ZOLL ! Padz universels<\/p>\n","protected":false},"featured_media":4488,"template":"","meta":[],"product_brand":[],"product_cat":[243,253],"product_tag":[],"class_list":{"0":"post-4470","1":"product","2":"type-product","3":"status-publish","4":"has-post-thumbnail","6":"product_cat-consommables-trainers","7":"product_cat-zoll-consommables-trainers","8":"pa_fabricant-zoll","10":"first","11":"instock","12":"taxable","13":"shipping-taxable","14":"purchasable","15":"product-type-simple"},"bundled_by":[],"bundle_stock_status":"instock","bundle_stock_quantity":null,"bundle_virtual":false,"bundle_layout":"","bundle_add_to_cart_form_location":"","bundle_editable_in_cart":false,"bundle_sold_individually_context":"","bundle_item_grouping":"","bundle_min_size":"","bundle_max_size":"","bundle_price":[],"bundled_items":[],"bundle_sell_ids":[],"_links":{"self":[{"href":"https:\/\/www.defibsolutions.fr\/boutique\/wp-json\/wp\/v2\/product\/4470","targetHints":{"allow":["GET"]}}],"collection":[{"href":"https:\/\/www.defibsolutions.fr\/boutique\/wp-json\/wp\/v2\/product"}],"about":[{"href":"https:\/\/www.defibsolutions.fr\/boutique\/wp-json\/wp\/v2\/types\/product"}],"wp:featuredmedia":[{"embeddable":true,"href":"https:\/\/www.defibsolutions.fr\/boutique\/wp-json\/wp\/v2\/media\/4488"}],"wp:attachment":[{"href":"https:\/\/www.defibsolutions.fr\/boutique\/wp-json\/wp\/v2\/media?parent=4470"}],"wp:term":[{"taxonomy":"product_brand","embeddable":true,"href":"https:\/\/www.defibsolutions.fr\/boutique\/wp-json\/wp\/v2\/product_brand?post=4470"},{"taxonomy":"product_cat","embeddable":true,"href":"https:\/\/www.defibsolutions.fr\/boutique\/wp-json\/wp\/v2\/product_cat?post=4470"},{"taxonomy":"product_tag","embeddable":true,"href":"https:\/\/www.defibsolutions.fr\/boutique\/wp-json\/wp\/v2\/product_tag?post=4470"}],"curies":[{"name":"wp","href":"https:\/\/api.w.org\/{rel}","templated":true}]}}