{"id":4467,"date":"2020-05-18T10:07:33","date_gmt":"2020-05-18T08:07:33","guid":{"rendered":"https:\/\/www.defibsolutions.fr\/?post_type=product&#038;p=4467"},"modified":"2022-12-02T10:54:39","modified_gmt":"2022-12-02T08:54:39","slug":"zoll-aed-plus-trainer-stat-padz-ll-electrodes-de-formation-6-pieces","status":"publish","type":"product","link":"https:\/\/www.defibsolutions.fr\/boutique\/shop\/zoll-aed-plus-trainer-stat-padz-ll-electrodes-de-formation-6-pieces\/","title":{"rendered":"Zoll AED Plus trainer Stat-Padz ll \u00e9lectrodes de formation (6 paires)"},"content":{"rendered":"<p>Les \u00e9lectrodes de formation Zoll Stat Padz II sont destin\u00e9es aux professionnels qui n&#8217;ont pas besoin du Real CPR Help pour la r\u00e9animation.<\/p>\n<p>Ces \u00e9lectrodes de formation sont disponibles dans une bo\u00eete de 6 pi\u00e8ces.<\/p>\n<p>&nbsp;<\/p>\n","protected":false},"excerpt":{"rendered":"<p>Les \u00e9lectrodes de formation Zoll Stat Padz II sont destin\u00e9es aux professionnels qui n&#8217;ont pas besoin du Real CPR Help<\/p>\n","protected":false},"featured_media":4468,"template":"","meta":[],"product_brand":[],"product_cat":[243,253],"product_tag":[],"class_list":{"0":"post-4467","1":"product","2":"type-product","3":"status-publish","4":"has-post-thumbnail","6":"product_cat-consommables-trainers","7":"product_cat-zoll-consommables-trainers","8":"pa_fabricant-zoll","10":"first","11":"instock","12":"taxable","13":"shipping-taxable","14":"purchasable","15":"product-type-simple"},"bundled_by":[],"bundle_stock_status":"instock","bundle_stock_quantity":null,"bundle_virtual":false,"bundle_layout":"","bundle_add_to_cart_form_location":"","bundle_editable_in_cart":false,"bundle_sold_individually_context":"","bundle_item_grouping":"","bundle_min_size":"","bundle_max_size":"","bundle_price":[],"bundled_items":[],"bundle_sell_ids":[],"_links":{"self":[{"href":"https:\/\/www.defibsolutions.fr\/boutique\/wp-json\/wp\/v2\/product\/4467","targetHints":{"allow":["GET"]}}],"collection":[{"href":"https:\/\/www.defibsolutions.fr\/boutique\/wp-json\/wp\/v2\/product"}],"about":[{"href":"https:\/\/www.defibsolutions.fr\/boutique\/wp-json\/wp\/v2\/types\/product"}],"wp:featuredmedia":[{"embeddable":true,"href":"https:\/\/www.defibsolutions.fr\/boutique\/wp-json\/wp\/v2\/media\/4468"}],"wp:attachment":[{"href":"https:\/\/www.defibsolutions.fr\/boutique\/wp-json\/wp\/v2\/media?parent=4467"}],"wp:term":[{"taxonomy":"product_brand","embeddable":true,"href":"https:\/\/www.defibsolutions.fr\/boutique\/wp-json\/wp\/v2\/product_brand?post=4467"},{"taxonomy":"product_cat","embeddable":true,"href":"https:\/\/www.defibsolutions.fr\/boutique\/wp-json\/wp\/v2\/product_cat?post=4467"},{"taxonomy":"product_tag","embeddable":true,"href":"https:\/\/www.defibsolutions.fr\/boutique\/wp-json\/wp\/v2\/product_tag?post=4467"}],"curies":[{"name":"wp","href":"https:\/\/api.w.org\/{rel}","templated":true}]}}