{"id":4453,"date":"2020-05-12T09:49:38","date_gmt":"2020-05-12T07:49:38","guid":{"rendered":"https:\/\/www.defibsolutions.fr\/?post_type=product&#038;p=4453"},"modified":"2022-12-29T14:23:34","modified_gmt":"2022-12-29T12:23:34","slug":"etiquette-de-maintenance-pour-defibrillateur-cardiaque","status":"publish","type":"product","link":"https:\/\/www.defibsolutions.fr\/boutique\/shop\/etiquette-de-maintenance-pour-defibrillateur-cardiaque\/","title":{"rendered":"Etiquette de maintenance pour d\u00e9fibrillateur cardiaque"},"content":{"rendered":"<h5><strong>Une \u00e9tiquette adh\u00e9sive\u00a0<\/strong><\/h5>\n<p><span style=\"font-weight: 400;\">Pour les d\u00e9fibrillateurs cardiaque install\u00e9s <\/span><b>\u00e0 partir du 1er janvier 2020<\/b><span style=\"font-weight: 400;\"> il est obligatoire d&#8217;apposer une \u00e9tiquette sur le bo\u00eetier ou \u00e0 proximit\u00e9 imm\u00e9diate de l&#8217;appareil.\u00a0<\/span><\/p>\n<p><span style=\"font-weight: 400;\">L&#8217;objectif est de faciliter le contact avec le responsable du DAE, notamment en cas de dysfonctionnement, d&#8217;endommagement ou d&#8217;utilisation du DAE. <\/span><\/p>\n<p><span style=\"font-weight: 400;\">Consultez d&#8217;un coup d&#8217;\u0153il la prochaine op\u00e9ration de maintenance,\u00a0 les coordonn\u00e9es du fabricant et de la personne responsable du d\u00e9fibrillateur.<\/span><\/p>\n<p><a href=\"https:\/\/www.defibsolutions.fr\/wp-content\/uploads\/2020\/05\/Etiquette-de-maintenance-DefibSolutions.pdf\" target=\"_blank\" rel=\"noopener noreferrer\"><strong>Ce mod\u00e8le est aussi t\u00e9l\u00e9chargeable ici!<\/strong><\/a><\/p>\n<p>&nbsp;<\/p>\n","protected":false},"excerpt":{"rendered":"<p>Une \u00e9tiquette de maintenance pour DAE<\/p>\n","protected":false},"featured_media":4454,"template":"","meta":[],"product_brand":[],"product_cat":[263,138],"product_tag":[],"class_list":{"0":"post-4453","1":"product","2":"type-product","3":"status-publish","4":"has-post-thumbnail","6":"product_cat-accessoires-dae","7":"product_cat-pictogrammes-dae","9":"first","10":"instock","11":"taxable","12":"shipping-taxable","13":"purchasable","14":"product-type-simple"},"bundled_by":[],"bundle_stock_status":"instock","bundle_stock_quantity":null,"bundle_virtual":false,"bundle_layout":"","bundle_add_to_cart_form_location":"","bundle_editable_in_cart":false,"bundle_sold_individually_context":"","bundle_item_grouping":"","bundle_min_size":"","bundle_max_size":"","bundle_price":[],"bundled_items":[],"bundle_sell_ids":[],"_links":{"self":[{"href":"https:\/\/www.defibsolutions.fr\/boutique\/wp-json\/wp\/v2\/product\/4453","targetHints":{"allow":["GET"]}}],"collection":[{"href":"https:\/\/www.defibsolutions.fr\/boutique\/wp-json\/wp\/v2\/product"}],"about":[{"href":"https:\/\/www.defibsolutions.fr\/boutique\/wp-json\/wp\/v2\/types\/product"}],"wp:featuredmedia":[{"embeddable":true,"href":"https:\/\/www.defibsolutions.fr\/boutique\/wp-json\/wp\/v2\/media\/4454"}],"wp:attachment":[{"href":"https:\/\/www.defibsolutions.fr\/boutique\/wp-json\/wp\/v2\/media?parent=4453"}],"wp:term":[{"taxonomy":"product_brand","embeddable":true,"href":"https:\/\/www.defibsolutions.fr\/boutique\/wp-json\/wp\/v2\/product_brand?post=4453"},{"taxonomy":"product_cat","embeddable":true,"href":"https:\/\/www.defibsolutions.fr\/boutique\/wp-json\/wp\/v2\/product_cat?post=4453"},{"taxonomy":"product_tag","embeddable":true,"href":"https:\/\/www.defibsolutions.fr\/boutique\/wp-json\/wp\/v2\/product_tag?post=4453"}],"curies":[{"name":"wp","href":"https:\/\/api.w.org\/{rel}","templated":true}]}}