{"id":4443,"date":"2020-05-07T15:28:20","date_gmt":"2020-05-07T13:28:20","guid":{"rendered":"https:\/\/www.defibsolutions.fr\/?post_type=product&#038;p=4443"},"modified":"2022-09-05T12:28:50","modified_gmt":"2022-09-05T10:28:50","slug":"physio-control-lifepak-cr2-electrodes-de-formation-tray","status":"publish","type":"product","link":"https:\/\/www.defibsolutions.fr\/boutique\/shop\/physio-control-lifepak-cr2-electrodes-de-formation-tray\/","title":{"rendered":"Physio Control Lifepak CR2 \u00e9lectrodes de formation"},"content":{"rendered":"<p><span style=\"font-weight: 400;\">Les \u00e9lectrodes de formation peuvent \u00eatre utilis\u00e9es sur tous les mannequins de formation et sont r\u00e9utilisables.<br \/>\n<\/span><span style=\"font-weight: 400;\">Les \u00e9lectrodes sont utilis\u00e9es pour la formation \u00e0 la r\u00e9animation des adultes et des enfants. <\/span><\/p>\n","protected":false},"excerpt":{"rendered":"<p>Les \u00e9lectrodes de formation peuvent \u00eatre utilis\u00e9es sur tous les mannequins de formation et sont r\u00e9utilisables. Les \u00e9lectrodes sont utilis\u00e9es<\/p>\n","protected":false},"featured_media":4444,"template":"","meta":[],"product_brand":[],"product_cat":[243,262],"product_tag":[],"class_list":{"0":"post-4443","1":"product","2":"type-product","3":"status-publish","4":"has-post-thumbnail","6":"product_cat-consommables-trainers","7":"product_cat-physio-control-electrodes-de-formation","8":"pa_fabricant-physio-control","10":"first","11":"instock","12":"taxable","13":"shipping-taxable","14":"purchasable","15":"product-type-simple"},"bundled_by":[],"bundle_stock_status":"instock","bundle_stock_quantity":null,"bundle_virtual":false,"bundle_layout":"","bundle_add_to_cart_form_location":"","bundle_editable_in_cart":false,"bundle_sold_individually_context":"","bundle_item_grouping":"","bundle_min_size":"","bundle_max_size":"","bundle_price":[],"bundled_items":[],"bundle_sell_ids":[],"_links":{"self":[{"href":"https:\/\/www.defibsolutions.fr\/boutique\/wp-json\/wp\/v2\/product\/4443","targetHints":{"allow":["GET"]}}],"collection":[{"href":"https:\/\/www.defibsolutions.fr\/boutique\/wp-json\/wp\/v2\/product"}],"about":[{"href":"https:\/\/www.defibsolutions.fr\/boutique\/wp-json\/wp\/v2\/types\/product"}],"wp:featuredmedia":[{"embeddable":true,"href":"https:\/\/www.defibsolutions.fr\/boutique\/wp-json\/wp\/v2\/media\/4444"}],"wp:attachment":[{"href":"https:\/\/www.defibsolutions.fr\/boutique\/wp-json\/wp\/v2\/media?parent=4443"}],"wp:term":[{"taxonomy":"product_brand","embeddable":true,"href":"https:\/\/www.defibsolutions.fr\/boutique\/wp-json\/wp\/v2\/product_brand?post=4443"},{"taxonomy":"product_cat","embeddable":true,"href":"https:\/\/www.defibsolutions.fr\/boutique\/wp-json\/wp\/v2\/product_cat?post=4443"},{"taxonomy":"product_tag","embeddable":true,"href":"https:\/\/www.defibsolutions.fr\/boutique\/wp-json\/wp\/v2\/product_tag?post=4443"}],"curies":[{"name":"wp","href":"https:\/\/api.w.org\/{rel}","templated":true}]}}