{"id":4439,"date":"2020-05-07T14:05:20","date_gmt":"2020-05-07T12:05:20","guid":{"rendered":"https:\/\/www.defibsolutions.fr\/?post_type=product&#038;p=4439"},"modified":"2026-01-29T18:44:22","modified_gmt":"2026-01-29T16:44:22","slug":"physio-control-lifepak-cr2-dae-de-formation","status":"publish","type":"product","link":"https:\/\/www.defibsolutions.fr\/boutique\/shop\/physio-control-lifepak-cr2-dae-de-formation\/","title":{"rendered":"Physio Control Lifepak CR2 DAE de formation"},"content":{"rendered":"<p><span style=\"font-weight: 400;\">Pour \u00e9viter toute confusion, le d\u00e9fibrillateur de formation Lifepak CR2 a une inscription \u2018Trainer\u2019. Le trainer peut \u00eatre utilis\u00e9 en version <em>semi-automatique<\/em> ou version <em>enti\u00e8rement automatique.<\/em>\u00a0<\/span><\/p>\n<p><span style=\"font-weight: 400;\">Plusieurs sc\u00e9narios sont pr\u00e9-programm\u00e9s, mais vous pouvez aussi cr\u00e9er des sc\u00e9narios auxquels les \u00e9tudiants pourraient \u00eatre confront\u00e9s lors d\u2019une situation d&#8217;urgence. Vous pouvez facilement personnaliser les options \u00e0 l&#8217;aide de l&#8217;\u00e9cran de configuration.<\/span><\/p>\n<p><span style=\"font-weight: 400;\">Un grand avantage du d\u00e9fibrillateur de formation Lifepak CR2 est l&#8217;aide au massage cardiaque. Le trainer d\u00e9tecte la pression appliqu\u00e9e au niveau des \u00e9lectrodes. <\/span><span style=\"font-weight: 400;\"><br \/>\n<\/span><span style=\"font-weight: 400;\">Tout au long de la r\u00e9animation vous pouvez changer la langue parl\u00e9e.<\/span><\/p>\n<p><span style=\"font-weight: 400;\">Le d\u00e9fibrillateur de formation Lifepak CR2 et les \u00e9lectrodes de formation sont compatible avec tout type de mannequin de formation.\u00a0<\/span><\/p>\n<p><span style=\"color: #008000;\"><strong>Contenu du colis :<br \/>\n&#8211;\u00a0<\/strong><\/span><span style=\"font-weight: 400;\">D\u00e9fibrillateur de formation Lifepak CR2<br \/>\n&#8211;\u00a0<\/span><span style=\"font-weight: 400;\">Sac de transport<br \/>\n&#8211;\u00a0<\/span><span style=\"font-weight: 400;\">1 paire d\u2019\u00e9lectrodes de formation<br \/>\n&#8211;\u00a0<\/span><span style=\"font-weight: 400;\">1 manuel d\u2019utilisation<\/span><\/p>\n","protected":false},"excerpt":{"rendered":"<p>Le d\u00e9fibrillateur de formation Physio Control Lifepak CR2 <span style=\"font-weight: 400;\">peut \u00eatre utilis\u00e9 en mode <em>semi-automatique<\/em> ou mode <em>enti\u00e8rement automatique.<\/em>\u00a0<\/span><\/p>\n","protected":false},"featured_media":4440,"template":"","meta":[],"product_brand":[],"product_cat":[75,261],"product_tag":[],"class_list":{"0":"post-4439","1":"product","2":"type-product","3":"status-publish","4":"has-post-thumbnail","6":"product_cat-aed-trainers","7":"product_cat-physio-control-defibrillateur-de-formation","8":"pa_fabricant-physio-control","10":"first","11":"instock","12":"taxable","13":"shipping-taxable","14":"purchasable","15":"product-type-simple"},"bundled_by":[],"bundle_stock_status":"instock","bundle_stock_quantity":null,"bundle_virtual":false,"bundle_layout":"","bundle_add_to_cart_form_location":"","bundle_editable_in_cart":false,"bundle_sold_individually_context":"","bundle_item_grouping":"","bundle_min_size":"","bundle_max_size":"","bundle_price":[],"bundled_items":[],"bundle_sell_ids":[],"_links":{"self":[{"href":"https:\/\/www.defibsolutions.fr\/boutique\/wp-json\/wp\/v2\/product\/4439","targetHints":{"allow":["GET"]}}],"collection":[{"href":"https:\/\/www.defibsolutions.fr\/boutique\/wp-json\/wp\/v2\/product"}],"about":[{"href":"https:\/\/www.defibsolutions.fr\/boutique\/wp-json\/wp\/v2\/types\/product"}],"wp:featuredmedia":[{"embeddable":true,"href":"https:\/\/www.defibsolutions.fr\/boutique\/wp-json\/wp\/v2\/media\/4440"}],"wp:attachment":[{"href":"https:\/\/www.defibsolutions.fr\/boutique\/wp-json\/wp\/v2\/media?parent=4439"}],"wp:term":[{"taxonomy":"product_brand","embeddable":true,"href":"https:\/\/www.defibsolutions.fr\/boutique\/wp-json\/wp\/v2\/product_brand?post=4439"},{"taxonomy":"product_cat","embeddable":true,"href":"https:\/\/www.defibsolutions.fr\/boutique\/wp-json\/wp\/v2\/product_cat?post=4439"},{"taxonomy":"product_tag","embeddable":true,"href":"https:\/\/www.defibsolutions.fr\/boutique\/wp-json\/wp\/v2\/product_tag?post=4439"}],"curies":[{"name":"wp","href":"https:\/\/api.w.org\/{rel}","templated":true}]}}