{"id":4424,"date":"2020-05-04T15:20:20","date_gmt":"2020-05-04T13:20:20","guid":{"rendered":"https:\/\/www.defibsolutions.fr\/?post_type=product&#038;p=4424"},"modified":"2022-10-27T15:11:47","modified_gmt":"2022-10-27T13:11:47","slug":"heartsine-samaritan-500p-dae-de-formation","status":"publish","type":"product","link":"https:\/\/www.defibsolutions.fr\/boutique\/shop\/heartsine-samaritan-500p-dae-de-formation\/","title":{"rendered":"Heartsine Samaritan 500P DAE de formation"},"content":{"rendered":"<p>Le Heartsine Samaritan 500P Trainer a les m\u00eames sp\u00e9cifications que les mod\u00e8les 350P \/ 360P, mais il vous offre aussi la possibilit\u00e9 de donner un &#8220;feedback en temps r\u00e9el&#8221;, tout comme le d\u00e9fibrillateur Heartsine 500P.<\/p>\n<p>Le d\u00e9fibrillateur de formation Samaritan PAD Trainer est facile \u00e0 utiliser et dispose d\u2019une t\u00e9l\u00e9commande. Il guide les utilisateurs \u00e0 travers une analyse simul\u00e9e et la r\u00e9animation cardio-pulmonaire.\u00a0 En utilisant la t\u00e9l\u00e9commande, des instructions telles que &#8220;pousser plus fort&#8221;, &#8220;pousser plus vite&#8221; ou &#8220;bonnes compressions&#8221; peuvent \u00eatre donn\u00e9es.<\/p>\n<p>Le DAE de formation ressemble au d\u00e9fibrillateur de Heartsine Samaritan. La seule diff\u00e9rence est qu\u2019il ne donne aucun choc. Il est facile \u00e0 utiliser, ce qui donne \u00e0 l\u2019instructeur un maximum de temps pour se concentrer sur les besoins d\u2019apprentissage du groupe de formation.<\/p>\n<p>Quatre sc\u00e9narios sont possibles pour la formation \u00e0 la r\u00e9animation et le trainer peut \u00eatre utilis\u00e9 sur tous les mannequins de formation. Le Samaritan PAD Trainer est disponible en 3 mod\u00e8les : 350P, 360P et 500P.<\/p>\n<p><span style=\"color: #008000;\"><strong>Contenu du colis :<br \/>\n<\/strong><span style=\"color: #000000;\">&#8211; L<\/span><\/span><span style=\"color: #000000;\">e<\/span> D\u00e9fibrillateur de formation<br \/>\n&#8211; Un sac de transport<br \/>\n&#8211;\u00a05 paires d\u2019\u00e9lectrodes de formation<br \/>\n&#8211; La t\u00e9l\u00e9commande<br \/>\n&#8211; Le manuel d\u2019utilisation<br \/>\n&#8211; L&#8217;adaptateur pour recharger le trainer<\/p>\n","protected":false},"excerpt":{"rendered":"<p>Le d\u00e9fibrillateur de formation Samaritan PAD Trainer est facile \u00e0 utiliser et dispose d\u2019une t\u00e9l\u00e9commande.<\/p>\n","protected":false},"featured_media":4425,"template":"","meta":[],"product_brand":[],"product_cat":[75,254],"product_tag":[],"class_list":{"0":"post-4424","1":"product","2":"type-product","3":"status-publish","4":"has-post-thumbnail","6":"product_cat-aed-trainers","7":"product_cat-heartsine-aed-trainers","8":"pa_fabricant-heartsine","10":"first","11":"instock","12":"taxable","13":"shipping-taxable","14":"purchasable","15":"product-type-simple"},"bundled_by":[],"bundle_stock_status":"instock","bundle_stock_quantity":null,"bundle_virtual":false,"bundle_layout":"","bundle_add_to_cart_form_location":"","bundle_editable_in_cart":false,"bundle_sold_individually_context":"","bundle_item_grouping":"","bundle_min_size":"","bundle_max_size":"","bundle_price":[],"bundled_items":[],"bundle_sell_ids":[],"_links":{"self":[{"href":"https:\/\/www.defibsolutions.fr\/boutique\/wp-json\/wp\/v2\/product\/4424","targetHints":{"allow":["GET"]}}],"collection":[{"href":"https:\/\/www.defibsolutions.fr\/boutique\/wp-json\/wp\/v2\/product"}],"about":[{"href":"https:\/\/www.defibsolutions.fr\/boutique\/wp-json\/wp\/v2\/types\/product"}],"wp:featuredmedia":[{"embeddable":true,"href":"https:\/\/www.defibsolutions.fr\/boutique\/wp-json\/wp\/v2\/media\/4425"}],"wp:attachment":[{"href":"https:\/\/www.defibsolutions.fr\/boutique\/wp-json\/wp\/v2\/media?parent=4424"}],"wp:term":[{"taxonomy":"product_brand","embeddable":true,"href":"https:\/\/www.defibsolutions.fr\/boutique\/wp-json\/wp\/v2\/product_brand?post=4424"},{"taxonomy":"product_cat","embeddable":true,"href":"https:\/\/www.defibsolutions.fr\/boutique\/wp-json\/wp\/v2\/product_cat?post=4424"},{"taxonomy":"product_tag","embeddable":true,"href":"https:\/\/www.defibsolutions.fr\/boutique\/wp-json\/wp\/v2\/product_tag?post=4424"}],"curies":[{"name":"wp","href":"https:\/\/api.w.org\/{rel}","templated":true}]}}